{"id":40819,"date":"2026-04-22T13:13:11","date_gmt":"2026-04-22T13:13:11","guid":{"rendered":"https:\/\/collectin.eu\/?post_type=product&#038;p=40819"},"modified":"2026-04-22T13:13:11","modified_gmt":"2026-04-22T13:13:11","slug":"lego-76293-advent-calendar-2024-super-heroes-spider-man","status":"publish","type":"product","link":"https:\/\/collectin.eu\/en\/product\/lego-76293-advent-calendar-2024-super-heroes-spider-man\/","title":{"rendered":"LEGO\u00ae 76293 Advent Calendar 2024, Super Heroes, Spider-Man"},"content":{"rendered":"<p>Padovanokite ma\u017eajam \u201eMarvel\u201c gerb\u0117jui puiki\u0105 \u0161ventinio laikotarpio prad\u017ei\u0105 su LEGO\u00ae \u017dmogaus voro 2024 met\u0173 kalendoriumi (76293). Smagi\u0173 heroj\u0173, konstruojam\u0173 modeli\u0173 ir \u201eLEGO\u00ae Marvel\u201c \u017dmogaus voro minifig\u016br\u0117li\u0173 pilnas rinkinys bus puiki \u0161ventinio laikotarpio dovana berniukams ir mergait\u0117ms nuo 7 met\u0173. Gruod\u017eio 1-\u0105j\u0105 prasid\u0117jusios linksmyb\u0117s t\u0119sis iki paskutini\u0173j\u0173 dureli\u0173 atv\u0117rimo!<\/p>\n<p>U\u017e 24 dureli\u0173 slypi kasdien\u0117s dovan\u0117l\u0117s, kurias vaikai gal\u0117s atrasti laukdami Kal\u0117d\u0173. Rinkinyje yra 5 minifig\u016br\u0117l\u0117s \u2013 \u017dmogus voras, \u017daliasis goblinas, Mailsas Moralesas, Vor\u0117 vaiduokl\u0117 ir Venomas \u2013 ir nedideli konstruojami \u017eaislai bei priedai, kuriuos vaikai atpa\u017eins i\u0161 \u017dmogaus voro filmuose matyt\u0173 Niujorko gatvi\u0173 scen\u0173. Tarp j\u0173 yra sniego Kiaul\u0117 voras, PiterioParkerio stalas ir Elektro ap\u0161armoj\u0119s medis. Taip pat rasite 2 automobiliukus, su kuriais galima \u017eaisti lenktynes, ir Sm\u0117lio \u017emogaus katapult\u0105, svaidan\u010di\u0105 dovanas! Art\u0117jant did\u017eiajai dienai, vaikai gali sujungti dovan\u0117les ir sugalvoti begal\u0119 savo nuoty ki\u0173.<\/p>\n<ul>\n<li>Vaikams skirtas advento kalendorius su superheroj\u0173 dovan\u0117l\u0117mis \u2013 LEGO\u00ae \u017dmogaus voro 2024 met\u0173 kalendorius su 24 kasdien\u0117mis staigmenomis berniukams ir mergait\u0117ms nuo 7 met\u0173<\/li>\n<li>Nedideli konstruojami \u017eaislai \u2013 pagal \u017dmogaus voro film\u0173 Niujorko gatvi\u0173 scenas sukurti konstruojami modeliai, \u012fskaitant sniego Kiaul\u0119 vor\u0105, de\u0161raini\u0173 ve\u017eim\u0117l\u012f ir Elektro ap\u0161armojus\u012f med\u012f<\/li>\n<\/ul>","protected":false},"excerpt":{"rendered":"<p>Padovanokite ma\u017eajam \u201eMarvel\u201c gerb\u0117jui puiki\u0105 \u0161ventinio laikotarpio prad\u017ei\u0105 su LEGO\u00ae \u017dmogaus voro 2024 met\u0173 kalendoriumi (76293). Smagi\u0173 heroj\u0173, konstruojam\u0173 modeli\u0173<\/p>","protected":false},"featured_media":40820,"comment_status":"open","ping_status":"closed","template":"","meta":[],"product_brand":[423],"product_cat":[677,406,491],"product_tag":[],"class_list":{"0":"post-40819","1":"product","2":"type-product","3":"status-publish","4":"has-post-thumbnail","6":"product_brand-lego","7":"product_cat-lego-konstruktoriai","8":"product_cat-lego","9":"product_cat-lego-marvel","11":"first","12":"instock","13":"taxable","14":"shipping-taxable","15":"purchasable","16":"product-type-simple"},"yoast_head":"<!-- This site is optimized with the Yoast SEO plugin v25.9 - https:\/\/yoast.com\/wordpress\/plugins\/seo\/ -->\n<title>LEGO\u00ae 76293 Advent Calendar 2024, Super Heroes, Spider-Man - Collectin.eu<\/title>\n<meta name=\"description\" content=\"Padovanokite ma\u017eajam \u201eMarvel\u201c gerb\u0117jui puiki\u0105 \u0161ventinio laikotarpio prad\u017ei\u0105 su LEGO\u00ae \u017dmogaus voro 2024 met\u0173 kalendoriumi (76293).\" \/>\n<meta name=\"robots\" content=\"index, follow, max-snippet:-1, max-image-preview:large, max-video-preview:-1\" \/>\n<link rel=\"canonical\" href=\"https:\/\/collectin.eu\/en\/product\/lego-76293-advent-calendar-2024-super-heroes-spider-man\/\" \/>\n<meta property=\"og:locale\" content=\"en_US\" \/>\n<meta property=\"og:type\" content=\"article\" \/>\n<meta property=\"og:title\" content=\"LEGO\u00ae 76293 Advent Calendar 2024, Super Heroes, Spider-Man - Collectin.eu\" \/>\n<meta property=\"og:description\" content=\"Padovanokite ma\u017eajam \u201eMarvel\u201c gerb\u0117jui puiki\u0105 \u0161ventinio laikotarpio prad\u017ei\u0105 su LEGO\u00ae \u017dmogaus voro 2024 met\u0173 kalendoriumi (76293).\" \/>\n<meta property=\"og:url\" content=\"https:\/\/collectin.eu\/en\/product\/lego-76293-advent-calendar-2024-super-heroes-spider-man\/\" \/>\n<meta property=\"og:site_name\" content=\"Collectin.eu\" \/>\n<meta property=\"og:image\" content=\"http:\/\/collectin.eu\/wp-content\/uploads\/2026\/04\/Untitled-design-94.png\" \/>\n\t<meta property=\"og:image:width\" content=\"1080\" \/>\n\t<meta property=\"og:image:height\" content=\"1080\" \/>\n\t<meta property=\"og:image:type\" content=\"image\/png\" \/>\n<meta name=\"twitter:card\" content=\"summary_large_image\" \/>\n<meta name=\"twitter:label1\" content=\"Est. reading time\" \/>\n\t<meta name=\"twitter:data1\" content=\"2 minutes\" \/>\n<script type=\"application\/ld+json\" class=\"yoast-schema-graph\">{\"@context\":\"https:\/\/schema.org\",\"@graph\":[{\"@type\":\"WebPage\",\"@id\":\"https:\/\/collectin.eu\/produktas\/lego-76293-advent-calendar-2024-super-heroes-spider-man\/\",\"url\":\"https:\/\/collectin.eu\/produktas\/lego-76293-advent-calendar-2024-super-heroes-spider-man\/\",\"name\":\"LEGO\u00ae 76293 Advent Calendar 2024, Super Heroes, Spider-Man - Collectin.eu\",\"isPartOf\":{\"@id\":\"https:\/\/collectin.eu\/#website\"},\"primaryImageOfPage\":{\"@id\":\"https:\/\/collectin.eu\/produktas\/lego-76293-advent-calendar-2024-super-heroes-spider-man\/#primaryimage\"},\"image\":{\"@id\":\"https:\/\/collectin.eu\/produktas\/lego-76293-advent-calendar-2024-super-heroes-spider-man\/#primaryimage\"},\"thumbnailUrl\":\"https:\/\/collectin.eu\/wp-content\/uploads\/2026\/04\/Untitled-design-94.png\",\"datePublished\":\"2026-04-22T13:13:11+00:00\",\"description\":\"Padovanokite ma\u017eajam \u201eMarvel\u201c gerb\u0117jui puiki\u0105 \u0161ventinio laikotarpio prad\u017ei\u0105 su LEGO\u00ae \u017dmogaus voro 2024 met\u0173 kalendoriumi (76293).\",\"breadcrumb\":{\"@id\":\"https:\/\/collectin.eu\/produktas\/lego-76293-advent-calendar-2024-super-heroes-spider-man\/#breadcrumb\"},\"inLanguage\":\"en-US\",\"potentialAction\":[{\"@type\":\"ReadAction\",\"target\":[\"https:\/\/collectin.eu\/produktas\/lego-76293-advent-calendar-2024-super-heroes-spider-man\/\"]}]},{\"@type\":\"ImageObject\",\"inLanguage\":\"en-US\",\"@id\":\"https:\/\/collectin.eu\/produktas\/lego-76293-advent-calendar-2024-super-heroes-spider-man\/#primaryimage\",\"url\":\"https:\/\/collectin.eu\/wp-content\/uploads\/2026\/04\/Untitled-design-94.png\",\"contentUrl\":\"https:\/\/collectin.eu\/wp-content\/uploads\/2026\/04\/Untitled-design-94.png\",\"width\":1080,\"height\":1080},{\"@type\":\"BreadcrumbList\",\"@id\":\"https:\/\/collectin.eu\/produktas\/lego-76293-advent-calendar-2024-super-heroes-spider-man\/#breadcrumb\",\"itemListElement\":[{\"@type\":\"ListItem\",\"position\":1,\"name\":\"Home\",\"item\":\"https:\/\/collectin.eu\/\"},{\"@type\":\"ListItem\",\"position\":2,\"name\":\"Parduotuv\u0117\",\"item\":\"https:\/\/collectin.eu\/parduotuve\/\"},{\"@type\":\"ListItem\",\"position\":3,\"name\":\"LEGO\u00ae 76293 Advent Calendar 2024, Super Heroes, Spider-Man\"}]},{\"@type\":\"WebSite\",\"@id\":\"https:\/\/collectin.eu\/#website\",\"url\":\"https:\/\/collectin.eu\/\",\"name\":\"Collectin.eu\",\"description\":\"\",\"potentialAction\":[{\"@type\":\"SearchAction\",\"target\":{\"@type\":\"EntryPoint\",\"urlTemplate\":\"https:\/\/collectin.eu\/?s={search_term_string}\"},\"query-input\":{\"@type\":\"PropertyValueSpecification\",\"valueRequired\":true,\"valueName\":\"search_term_string\"}}],\"inLanguage\":\"en-US\"}]}<\/script>\n<!-- \/ Yoast SEO plugin. -->","yoast_head_json":{"title":"LEGO\u00ae 76293 Advent Calendar 2024, Super Heroes, Spider-Man - Collectin.eu","description":"Padovanokite ma\u017eajam \u201eMarvel\u201c gerb\u0117jui puiki\u0105 \u0161ventinio laikotarpio prad\u017ei\u0105 su LEGO\u00ae \u017dmogaus voro 2024 met\u0173 kalendoriumi (76293).","robots":{"index":"index","follow":"follow","max-snippet":"max-snippet:-1","max-image-preview":"max-image-preview:large","max-video-preview":"max-video-preview:-1"},"canonical":"https:\/\/collectin.eu\/en\/product\/lego-76293-advent-calendar-2024-super-heroes-spider-man\/","og_locale":"en_US","og_type":"article","og_title":"LEGO\u00ae 76293 Advent Calendar 2024, Super Heroes, Spider-Man - Collectin.eu","og_description":"Padovanokite ma\u017eajam \u201eMarvel\u201c gerb\u0117jui puiki\u0105 \u0161ventinio laikotarpio prad\u017ei\u0105 su LEGO\u00ae \u017dmogaus voro 2024 met\u0173 kalendoriumi (76293).","og_url":"https:\/\/collectin.eu\/en\/product\/lego-76293-advent-calendar-2024-super-heroes-spider-man\/","og_site_name":"Collectin.eu","og_image":[{"width":1080,"height":1080,"url":"http:\/\/collectin.eu\/wp-content\/uploads\/2026\/04\/Untitled-design-94.png","type":"image\/png"}],"twitter_card":"summary_large_image","twitter_misc":{"Est. reading time":"2 minutes"},"schema":{"@context":"https:\/\/schema.org","@graph":[{"@type":"WebPage","@id":"https:\/\/collectin.eu\/produktas\/lego-76293-advent-calendar-2024-super-heroes-spider-man\/","url":"https:\/\/collectin.eu\/produktas\/lego-76293-advent-calendar-2024-super-heroes-spider-man\/","name":"LEGO\u00ae 76293 Advent Calendar 2024, Super Heroes, Spider-Man - Collectin.eu","isPartOf":{"@id":"https:\/\/collectin.eu\/#website"},"primaryImageOfPage":{"@id":"https:\/\/collectin.eu\/produktas\/lego-76293-advent-calendar-2024-super-heroes-spider-man\/#primaryimage"},"image":{"@id":"https:\/\/collectin.eu\/produktas\/lego-76293-advent-calendar-2024-super-heroes-spider-man\/#primaryimage"},"thumbnailUrl":"https:\/\/collectin.eu\/wp-content\/uploads\/2026\/04\/Untitled-design-94.png","datePublished":"2026-04-22T13:13:11+00:00","description":"Padovanokite ma\u017eajam \u201eMarvel\u201c gerb\u0117jui puiki\u0105 \u0161ventinio laikotarpio prad\u017ei\u0105 su LEGO\u00ae \u017dmogaus voro 2024 met\u0173 kalendoriumi (76293).","breadcrumb":{"@id":"https:\/\/collectin.eu\/produktas\/lego-76293-advent-calendar-2024-super-heroes-spider-man\/#breadcrumb"},"inLanguage":"en-US","potentialAction":[{"@type":"ReadAction","target":["https:\/\/collectin.eu\/produktas\/lego-76293-advent-calendar-2024-super-heroes-spider-man\/"]}]},{"@type":"ImageObject","inLanguage":"en-US","@id":"https:\/\/collectin.eu\/produktas\/lego-76293-advent-calendar-2024-super-heroes-spider-man\/#primaryimage","url":"https:\/\/collectin.eu\/wp-content\/uploads\/2026\/04\/Untitled-design-94.png","contentUrl":"https:\/\/collectin.eu\/wp-content\/uploads\/2026\/04\/Untitled-design-94.png","width":1080,"height":1080},{"@type":"BreadcrumbList","@id":"https:\/\/collectin.eu\/produktas\/lego-76293-advent-calendar-2024-super-heroes-spider-man\/#breadcrumb","itemListElement":[{"@type":"ListItem","position":1,"name":"Home","item":"https:\/\/collectin.eu\/"},{"@type":"ListItem","position":2,"name":"Parduotuv\u0117","item":"https:\/\/collectin.eu\/parduotuve\/"},{"@type":"ListItem","position":3,"name":"LEGO\u00ae 76293 Advent Calendar 2024, Super Heroes, Spider-Man"}]},{"@type":"WebSite","@id":"https:\/\/collectin.eu\/#website","url":"https:\/\/collectin.eu\/","name":"Collectin.eu","description":"","potentialAction":[{"@type":"SearchAction","target":{"@type":"EntryPoint","urlTemplate":"https:\/\/collectin.eu\/?s={search_term_string}"},"query-input":{"@type":"PropertyValueSpecification","valueRequired":true,"valueName":"search_term_string"}}],"inLanguage":"en-US"}]}},"jetpack_sharing_enabled":true,"_links":{"self":[{"href":"https:\/\/collectin.eu\/en\/wp-json\/wp\/v2\/product\/40819","targetHints":{"allow":["GET"]}}],"collection":[{"href":"https:\/\/collectin.eu\/en\/wp-json\/wp\/v2\/product"}],"about":[{"href":"https:\/\/collectin.eu\/en\/wp-json\/wp\/v2\/types\/product"}],"replies":[{"embeddable":true,"href":"https:\/\/collectin.eu\/en\/wp-json\/wp\/v2\/comments?post=40819"}],"version-history":[{"count":2,"href":"https:\/\/collectin.eu\/en\/wp-json\/wp\/v2\/product\/40819\/revisions"}],"predecessor-version":[{"id":40824,"href":"https:\/\/collectin.eu\/en\/wp-json\/wp\/v2\/product\/40819\/revisions\/40824"}],"wp:featuredmedia":[{"embeddable":true,"href":"https:\/\/collectin.eu\/en\/wp-json\/wp\/v2\/media\/40820"}],"wp:attachment":[{"href":"https:\/\/collectin.eu\/en\/wp-json\/wp\/v2\/media?parent=40819"}],"wp:term":[{"taxonomy":"product_brand","embeddable":true,"href":"https:\/\/collectin.eu\/en\/wp-json\/wp\/v2\/product_brand?post=40819"},{"taxonomy":"product_cat","embeddable":true,"href":"https:\/\/collectin.eu\/en\/wp-json\/wp\/v2\/product_cat?post=40819"},{"taxonomy":"product_tag","embeddable":true,"href":"https:\/\/collectin.eu\/en\/wp-json\/wp\/v2\/product_tag?post=40819"}],"curies":[{"name":"wp","href":"https:\/\/api.w.org\/{rel}","templated":true}]}}