{"id":40825,"date":"2026-04-22T13:20:12","date_gmt":"2026-04-22T13:20:12","guid":{"rendered":"https:\/\/collectin.eu\/?post_type=product&#038;p=40825"},"modified":"2026-04-22T13:20:12","modified_gmt":"2026-04-22T13:20:12","slug":"lego-40640-nutcracker","status":"publish","type":"product","link":"https:\/\/collectin.eu\/en\/product\/lego-40640-nutcracker\/","title":{"rendered":"LEGO\u00ae 40640 Nutcracker"},"content":{"rendered":"<p>\u0160v\u0119skite \u0161ventes su LEGO\u00ae \u201eSpragtuko\u201c (40640) konstravimo rinkiniu. \u0160i\u0105 legendin\u0117s Spragtuko fig\u016br\u0117l\u0117s LEGO interpretacij\u0105 galima sukonstruoti su vyri\u0161ku arba moteri\u0161ku veidu, judan\u010diomis rankomis ir atsiverian\u010dia burna. \u0160i \u0161ventin\u0117 fig\u016br\u0117l\u0117, suteikianti \u0161ventinio \u017eavesio bet kuriuose namuose ar darbo vietoje, \u2013 smagi ir d\u017eiaugsminga konstruojama dovana vaikams, draugams ir \u0161eimoms.<\/p>\n<ul>\n<li>\u0160ventinis konstravimas vaikams, draugams ir \u0161eimoms. \u0160v\u0119skite \u0161ventin\u012f sezon\u0105 su \u0161ia legendine LEGO\u00ae Spragtuko fig\u016br\u0117le<\/li>\n<li>\u0160ventin\u0117 dovana. \u0160is LEGO\u00ae Spragtuko fig\u016br\u0117l\u0117s (40640) konstravimo rinkinys \u2013 puiki dovana bet kuriam vaikui nuo 8 met\u0173<\/li>\n<li>Matmenys. 16 cm auk\u0161\u010dio sukonstruot\u0105 Spragtuko fig\u016br\u0117l\u0119 tiks eksponuoti bet kuriame kambaryje<\/li>\n<\/ul>","protected":false},"excerpt":{"rendered":"<p>\u0160v\u0119skite \u0161ventes su LEGO\u00ae \u201eSpragtuko\u201c (40640) konstravimo rinkiniu. \u0160i\u0105 legendin\u0117s Spragtuko fig\u016br\u0117l\u0117s LEGO interpretacij\u0105 galima sukonstruoti su vyri\u0161ku arba moteri\u0161ku<\/p>","protected":false},"featured_media":40826,"comment_status":"open","ping_status":"closed","template":"","meta":[],"product_brand":[423],"product_cat":[677,406,659],"product_tag":[],"class_list":{"0":"post-40825","1":"product","2":"type-product","3":"status-publish","4":"has-post-thumbnail","6":"product_brand-lego","7":"product_cat-lego-konstruktoriai","8":"product_cat-lego","9":"product_cat-lego-other","11":"first","12":"instock","13":"taxable","14":"shipping-taxable","15":"purchasable","16":"product-type-simple"},"yoast_head":"<!-- This site is optimized with the Yoast SEO plugin v25.9 - https:\/\/yoast.com\/wordpress\/plugins\/seo\/ -->\n<title>LEGO\u00ae 40640 Nutcracker - Collectin.eu<\/title>\n<meta name=\"description\" content=\"\u0160v\u0119skite \u0161ventes su LEGO\u00ae \u201eSpragtuko\u201c (40640) konstravimo rinkiniu. \u0160i\u0105 legendin\u0117s Spragtuko fig\u016br\u0117l\u0117s LEGO interpretacij\u0105 galima sukonstruoti su vyri\u0161ku arba moteri\u0161ku veidu.\" \/>\n<meta name=\"robots\" content=\"index, follow, max-snippet:-1, max-image-preview:large, max-video-preview:-1\" \/>\n<link rel=\"canonical\" href=\"https:\/\/collectin.eu\/en\/product\/lego-40640-nutcracker\/\" \/>\n<meta property=\"og:locale\" content=\"en_US\" \/>\n<meta property=\"og:type\" content=\"article\" \/>\n<meta property=\"og:title\" content=\"LEGO\u00ae 40640 Nutcracker - Collectin.eu\" \/>\n<meta property=\"og:description\" content=\"\u0160v\u0119skite \u0161ventes su LEGO\u00ae \u201eSpragtuko\u201c (40640) konstravimo rinkiniu. \u0160i\u0105 legendin\u0117s Spragtuko fig\u016br\u0117l\u0117s LEGO interpretacij\u0105 galima sukonstruoti su vyri\u0161ku arba moteri\u0161ku veidu.\" \/>\n<meta property=\"og:url\" content=\"https:\/\/collectin.eu\/en\/product\/lego-40640-nutcracker\/\" \/>\n<meta property=\"og:site_name\" content=\"Collectin.eu\" \/>\n<meta property=\"og:image\" content=\"http:\/\/collectin.eu\/wp-content\/uploads\/2026\/04\/Untitled-design-97.png\" \/>\n\t<meta property=\"og:image:width\" content=\"1080\" \/>\n\t<meta property=\"og:image:height\" content=\"1080\" \/>\n\t<meta property=\"og:image:type\" content=\"image\/png\" \/>\n<meta name=\"twitter:card\" content=\"summary_large_image\" \/>\n<meta name=\"twitter:label1\" content=\"Est. reading time\" \/>\n\t<meta name=\"twitter:data1\" content=\"1 minute\" \/>\n<script type=\"application\/ld+json\" class=\"yoast-schema-graph\">{\"@context\":\"https:\/\/schema.org\",\"@graph\":[{\"@type\":\"WebPage\",\"@id\":\"https:\/\/collectin.eu\/produktas\/lego-40640-nutcracker\/\",\"url\":\"https:\/\/collectin.eu\/produktas\/lego-40640-nutcracker\/\",\"name\":\"LEGO\u00ae 40640 Nutcracker - Collectin.eu\",\"isPartOf\":{\"@id\":\"https:\/\/collectin.eu\/#website\"},\"primaryImageOfPage\":{\"@id\":\"https:\/\/collectin.eu\/produktas\/lego-40640-nutcracker\/#primaryimage\"},\"image\":{\"@id\":\"https:\/\/collectin.eu\/produktas\/lego-40640-nutcracker\/#primaryimage\"},\"thumbnailUrl\":\"https:\/\/collectin.eu\/wp-content\/uploads\/2026\/04\/Untitled-design-97.png\",\"datePublished\":\"2026-04-22T13:20:12+00:00\",\"description\":\"\u0160v\u0119skite \u0161ventes su LEGO\u00ae \u201eSpragtuko\u201c (40640) konstravimo rinkiniu. \u0160i\u0105 legendin\u0117s Spragtuko fig\u016br\u0117l\u0117s LEGO interpretacij\u0105 galima sukonstruoti su vyri\u0161ku arba moteri\u0161ku veidu.\",\"breadcrumb\":{\"@id\":\"https:\/\/collectin.eu\/produktas\/lego-40640-nutcracker\/#breadcrumb\"},\"inLanguage\":\"en-US\",\"potentialAction\":[{\"@type\":\"ReadAction\",\"target\":[\"https:\/\/collectin.eu\/produktas\/lego-40640-nutcracker\/\"]}]},{\"@type\":\"ImageObject\",\"inLanguage\":\"en-US\",\"@id\":\"https:\/\/collectin.eu\/produktas\/lego-40640-nutcracker\/#primaryimage\",\"url\":\"https:\/\/collectin.eu\/wp-content\/uploads\/2026\/04\/Untitled-design-97.png\",\"contentUrl\":\"https:\/\/collectin.eu\/wp-content\/uploads\/2026\/04\/Untitled-design-97.png\",\"width\":1080,\"height\":1080},{\"@type\":\"BreadcrumbList\",\"@id\":\"https:\/\/collectin.eu\/produktas\/lego-40640-nutcracker\/#breadcrumb\",\"itemListElement\":[{\"@type\":\"ListItem\",\"position\":1,\"name\":\"Home\",\"item\":\"https:\/\/collectin.eu\/\"},{\"@type\":\"ListItem\",\"position\":2,\"name\":\"Parduotuv\u0117\",\"item\":\"https:\/\/collectin.eu\/parduotuve\/\"},{\"@type\":\"ListItem\",\"position\":3,\"name\":\"LEGO\u00ae 40640 Nutcracker\"}]},{\"@type\":\"WebSite\",\"@id\":\"https:\/\/collectin.eu\/#website\",\"url\":\"https:\/\/collectin.eu\/\",\"name\":\"Collectin.eu\",\"description\":\"\",\"potentialAction\":[{\"@type\":\"SearchAction\",\"target\":{\"@type\":\"EntryPoint\",\"urlTemplate\":\"https:\/\/collectin.eu\/?s={search_term_string}\"},\"query-input\":{\"@type\":\"PropertyValueSpecification\",\"valueRequired\":true,\"valueName\":\"search_term_string\"}}],\"inLanguage\":\"en-US\"}]}<\/script>\n<!-- \/ Yoast SEO plugin. -->","yoast_head_json":{"title":"LEGO\u00ae 40640 Nutcracker - Collectin.eu","description":"\u0160v\u0119skite \u0161ventes su LEGO\u00ae \u201eSpragtuko\u201c (40640) konstravimo rinkiniu. \u0160i\u0105 legendin\u0117s Spragtuko fig\u016br\u0117l\u0117s LEGO interpretacij\u0105 galima sukonstruoti su vyri\u0161ku arba moteri\u0161ku veidu.","robots":{"index":"index","follow":"follow","max-snippet":"max-snippet:-1","max-image-preview":"max-image-preview:large","max-video-preview":"max-video-preview:-1"},"canonical":"https:\/\/collectin.eu\/en\/product\/lego-40640-nutcracker\/","og_locale":"en_US","og_type":"article","og_title":"LEGO\u00ae 40640 Nutcracker - Collectin.eu","og_description":"\u0160v\u0119skite \u0161ventes su LEGO\u00ae \u201eSpragtuko\u201c (40640) konstravimo rinkiniu. \u0160i\u0105 legendin\u0117s Spragtuko fig\u016br\u0117l\u0117s LEGO interpretacij\u0105 galima sukonstruoti su vyri\u0161ku arba moteri\u0161ku veidu.","og_url":"https:\/\/collectin.eu\/en\/product\/lego-40640-nutcracker\/","og_site_name":"Collectin.eu","og_image":[{"width":1080,"height":1080,"url":"http:\/\/collectin.eu\/wp-content\/uploads\/2026\/04\/Untitled-design-97.png","type":"image\/png"}],"twitter_card":"summary_large_image","twitter_misc":{"Est. reading time":"1 minute"},"schema":{"@context":"https:\/\/schema.org","@graph":[{"@type":"WebPage","@id":"https:\/\/collectin.eu\/produktas\/lego-40640-nutcracker\/","url":"https:\/\/collectin.eu\/produktas\/lego-40640-nutcracker\/","name":"LEGO\u00ae 40640 Nutcracker - Collectin.eu","isPartOf":{"@id":"https:\/\/collectin.eu\/#website"},"primaryImageOfPage":{"@id":"https:\/\/collectin.eu\/produktas\/lego-40640-nutcracker\/#primaryimage"},"image":{"@id":"https:\/\/collectin.eu\/produktas\/lego-40640-nutcracker\/#primaryimage"},"thumbnailUrl":"https:\/\/collectin.eu\/wp-content\/uploads\/2026\/04\/Untitled-design-97.png","datePublished":"2026-04-22T13:20:12+00:00","description":"\u0160v\u0119skite \u0161ventes su LEGO\u00ae \u201eSpragtuko\u201c (40640) konstravimo rinkiniu. \u0160i\u0105 legendin\u0117s Spragtuko fig\u016br\u0117l\u0117s LEGO interpretacij\u0105 galima sukonstruoti su vyri\u0161ku arba moteri\u0161ku veidu.","breadcrumb":{"@id":"https:\/\/collectin.eu\/produktas\/lego-40640-nutcracker\/#breadcrumb"},"inLanguage":"en-US","potentialAction":[{"@type":"ReadAction","target":["https:\/\/collectin.eu\/produktas\/lego-40640-nutcracker\/"]}]},{"@type":"ImageObject","inLanguage":"en-US","@id":"https:\/\/collectin.eu\/produktas\/lego-40640-nutcracker\/#primaryimage","url":"https:\/\/collectin.eu\/wp-content\/uploads\/2026\/04\/Untitled-design-97.png","contentUrl":"https:\/\/collectin.eu\/wp-content\/uploads\/2026\/04\/Untitled-design-97.png","width":1080,"height":1080},{"@type":"BreadcrumbList","@id":"https:\/\/collectin.eu\/produktas\/lego-40640-nutcracker\/#breadcrumb","itemListElement":[{"@type":"ListItem","position":1,"name":"Home","item":"https:\/\/collectin.eu\/"},{"@type":"ListItem","position":2,"name":"Parduotuv\u0117","item":"https:\/\/collectin.eu\/parduotuve\/"},{"@type":"ListItem","position":3,"name":"LEGO\u00ae 40640 Nutcracker"}]},{"@type":"WebSite","@id":"https:\/\/collectin.eu\/#website","url":"https:\/\/collectin.eu\/","name":"Collectin.eu","description":"","potentialAction":[{"@type":"SearchAction","target":{"@type":"EntryPoint","urlTemplate":"https:\/\/collectin.eu\/?s={search_term_string}"},"query-input":{"@type":"PropertyValueSpecification","valueRequired":true,"valueName":"search_term_string"}}],"inLanguage":"en-US"}]}},"jetpack_sharing_enabled":true,"_links":{"self":[{"href":"https:\/\/collectin.eu\/en\/wp-json\/wp\/v2\/product\/40825","targetHints":{"allow":["GET"]}}],"collection":[{"href":"https:\/\/collectin.eu\/en\/wp-json\/wp\/v2\/product"}],"about":[{"href":"https:\/\/collectin.eu\/en\/wp-json\/wp\/v2\/types\/product"}],"replies":[{"embeddable":true,"href":"https:\/\/collectin.eu\/en\/wp-json\/wp\/v2\/comments?post=40825"}],"version-history":[{"count":2,"href":"https:\/\/collectin.eu\/en\/wp-json\/wp\/v2\/product\/40825\/revisions"}],"predecessor-version":[{"id":40830,"href":"https:\/\/collectin.eu\/en\/wp-json\/wp\/v2\/product\/40825\/revisions\/40830"}],"wp:featuredmedia":[{"embeddable":true,"href":"https:\/\/collectin.eu\/en\/wp-json\/wp\/v2\/media\/40826"}],"wp:attachment":[{"href":"https:\/\/collectin.eu\/en\/wp-json\/wp\/v2\/media?parent=40825"}],"wp:term":[{"taxonomy":"product_brand","embeddable":true,"href":"https:\/\/collectin.eu\/en\/wp-json\/wp\/v2\/product_brand?post=40825"},{"taxonomy":"product_cat","embeddable":true,"href":"https:\/\/collectin.eu\/en\/wp-json\/wp\/v2\/product_cat?post=40825"},{"taxonomy":"product_tag","embeddable":true,"href":"https:\/\/collectin.eu\/en\/wp-json\/wp\/v2\/product_tag?post=40825"}],"curies":[{"name":"wp","href":"https:\/\/api.w.org\/{rel}","templated":true}]}}