{"id":40831,"date":"2026-04-22T13:26:35","date_gmt":"2026-04-22T13:26:35","guid":{"rendered":"https:\/\/collectin.eu\/?post_type=product&#038;p=40831"},"modified":"2026-04-22T13:26:35","modified_gmt":"2026-04-22T13:26:35","slug":"lego-40782-tropical-rainforest-diorama","status":"publish","type":"product","link":"https:\/\/collectin.eu\/en\/product\/lego-40782-tropical-rainforest-diorama\/","title":{"rendered":"LEGO\u00ae 40782 Tropical Rainforest Diorama"},"content":{"rendered":"<p>\u0160is eksponuoti tinkamas LEGO\u00ae atogr\u0105\u017e\u0173 mi\u0161ko dioramos rinkinys \u2013 pirmasis i\u0161 4 LEGO kolekcin\u0117s serijos konstravimo rinkini\u0173, skirt\u0173 kelion\u0117ms ir gamtos stebuklams. \u0160auni nam\u0173 puo\u0161mena su kriokliu atskleid\u017eia atogr\u0105\u017e\u0173 mi\u0161ko \u012fvairov\u0119. Tyrin\u0117kite gra\u017ei\u0173 augal\u0173, g\u0117li\u0173 ir gyv\u016bn\u0173 aplink\u0105, kurioje yra pauk\u0161tis, ma\u017ea varl\u0117 ir dekoruotas drugelio elementas! \u0160is \u0161aunus LEGO rinkinys taps smagia dovana vaikams nuo 12 met\u0173 arba visiems m\u0117gstantiems keliones, gamt\u0105 ar didel\u0119 atogr\u0105\u017e\u0173 mi\u0161ko gyv\u016bnijos \u012fvairov\u0119.<\/p>\n<ul>\n<li>Keliones ir gamt\u0105 \u0161lovinantis konstravimo rinkinys \u2013 LEGO\u00ae atogr\u0105\u017e\u0173 mi\u0161ko dioramos modelis su gyv\u016bnais, augalais ir vabzd\u017eiais vaizduoja ve\u0161int\u012f atogr\u0105\u017e\u0173 pasaul\u012f su gausybe \u012fdomi\u0173 detali\u0173<\/li>\n<li>\u017daislas vaikams arba kolekcin\u0117 puo\u0161mena \u2013 \u0161is rinkinys yra pirmas i\u0161 4 LEGO\u00ae kolekcin\u0117s serijos rinkini\u0173, skirt\u0173 gamtos pasaulio stebuklams pa\u0161lovinti<\/li>\n<li>Gamtos \u017eaidimo rinkinys ir nam\u0173 dekoras \u2013 sukurkite gra\u017e\u0173 atogr\u0105\u017e\u0173 mi\u0161ko model\u012f, kur\u012f gal\u0117site eksponuoti namuose, ir smagiai tyrin\u0117kite gyvybingos atogr\u0105\u017e\u0173scenos g\u0117les, med\u017eius, gyv\u016bnus ir ne tik<\/li>\n<li>Detalus dekoruotas elementas \u2013 rinkinyje yra dekoruotas drugelio elementas, taip pat varl\u0117s fig\u016br\u0117l\u0117 ir konstruojama pauk\u0161\u010dio fig\u016br\u0117l\u0117<\/li>\n<\/ul>","protected":false},"excerpt":{"rendered":"<p>\u0160is eksponuoti tinkamas LEGO\u00ae atogr\u0105\u017e\u0173 mi\u0161ko dioramos rinkinys \u2013 pirmasis i\u0161 4 LEGO kolekcin\u0117s serijos konstravimo rinkini\u0173, skirt\u0173 kelion\u0117ms ir<\/p>","protected":false},"featured_media":40832,"comment_status":"open","ping_status":"closed","template":"","meta":[],"product_brand":[423],"product_cat":[677,406,659],"product_tag":[],"class_list":{"0":"post-40831","1":"product","2":"type-product","3":"status-publish","4":"has-post-thumbnail","6":"product_brand-lego","7":"product_cat-lego-konstruktoriai","8":"product_cat-lego","9":"product_cat-lego-other","11":"first","12":"instock","13":"taxable","14":"shipping-taxable","15":"purchasable","16":"product-type-simple"},"yoast_head":"<!-- This site is optimized with the Yoast SEO plugin v25.9 - https:\/\/yoast.com\/wordpress\/plugins\/seo\/ -->\n<title>LEGO\u00ae 40782 Tropical Rainforest Diorama - Collectin.eu<\/title>\n<meta name=\"description\" content=\"\u0160is eksponuoti tinkamas LEGO\u00ae atogr\u0105\u017e\u0173 mi\u0161ko dioramos rinkinys \u2013 pirmasis i\u0161 4 LEGO kolekcin\u0117s serijos konstravimo rinkini\u0173, skirt\u0173 kelion\u0117ms ir gamtos stebuklams.\" \/>\n<meta name=\"robots\" content=\"index, follow, max-snippet:-1, max-image-preview:large, max-video-preview:-1\" \/>\n<link rel=\"canonical\" href=\"https:\/\/collectin.eu\/en\/product\/lego-40782-tropical-rainforest-diorama\/\" \/>\n<meta property=\"og:locale\" content=\"en_US\" \/>\n<meta property=\"og:type\" content=\"article\" \/>\n<meta property=\"og:title\" content=\"LEGO\u00ae 40782 Tropical Rainforest Diorama - Collectin.eu\" \/>\n<meta property=\"og:description\" content=\"\u0160is eksponuoti tinkamas LEGO\u00ae atogr\u0105\u017e\u0173 mi\u0161ko dioramos rinkinys \u2013 pirmasis i\u0161 4 LEGO kolekcin\u0117s serijos konstravimo rinkini\u0173, skirt\u0173 kelion\u0117ms ir gamtos stebuklams.\" \/>\n<meta property=\"og:url\" content=\"https:\/\/collectin.eu\/en\/product\/lego-40782-tropical-rainforest-diorama\/\" \/>\n<meta property=\"og:site_name\" content=\"Collectin.eu\" \/>\n<meta property=\"og:image\" content=\"http:\/\/collectin.eu\/wp-content\/uploads\/2026\/04\/Untitled-design-100.png\" \/>\n\t<meta property=\"og:image:width\" content=\"1080\" \/>\n\t<meta property=\"og:image:height\" content=\"1080\" \/>\n\t<meta property=\"og:image:type\" content=\"image\/png\" \/>\n<meta name=\"twitter:card\" content=\"summary_large_image\" \/>\n<meta name=\"twitter:label1\" content=\"Est. reading time\" \/>\n\t<meta name=\"twitter:data1\" content=\"2 minutes\" \/>\n<script type=\"application\/ld+json\" class=\"yoast-schema-graph\">{\"@context\":\"https:\/\/schema.org\",\"@graph\":[{\"@type\":\"WebPage\",\"@id\":\"https:\/\/collectin.eu\/produktas\/lego-40782-tropical-rainforest-diorama\/\",\"url\":\"https:\/\/collectin.eu\/produktas\/lego-40782-tropical-rainforest-diorama\/\",\"name\":\"LEGO\u00ae 40782 Tropical Rainforest Diorama - Collectin.eu\",\"isPartOf\":{\"@id\":\"https:\/\/collectin.eu\/#website\"},\"primaryImageOfPage\":{\"@id\":\"https:\/\/collectin.eu\/produktas\/lego-40782-tropical-rainforest-diorama\/#primaryimage\"},\"image\":{\"@id\":\"https:\/\/collectin.eu\/produktas\/lego-40782-tropical-rainforest-diorama\/#primaryimage\"},\"thumbnailUrl\":\"https:\/\/collectin.eu\/wp-content\/uploads\/2026\/04\/Untitled-design-100.png\",\"datePublished\":\"2026-04-22T13:26:35+00:00\",\"description\":\"\u0160is eksponuoti tinkamas LEGO\u00ae atogr\u0105\u017e\u0173 mi\u0161ko dioramos rinkinys \u2013 pirmasis i\u0161 4 LEGO kolekcin\u0117s serijos konstravimo rinkini\u0173, skirt\u0173 kelion\u0117ms ir gamtos stebuklams.\",\"breadcrumb\":{\"@id\":\"https:\/\/collectin.eu\/produktas\/lego-40782-tropical-rainforest-diorama\/#breadcrumb\"},\"inLanguage\":\"en-US\",\"potentialAction\":[{\"@type\":\"ReadAction\",\"target\":[\"https:\/\/collectin.eu\/produktas\/lego-40782-tropical-rainforest-diorama\/\"]}]},{\"@type\":\"ImageObject\",\"inLanguage\":\"en-US\",\"@id\":\"https:\/\/collectin.eu\/produktas\/lego-40782-tropical-rainforest-diorama\/#primaryimage\",\"url\":\"https:\/\/collectin.eu\/wp-content\/uploads\/2026\/04\/Untitled-design-100.png\",\"contentUrl\":\"https:\/\/collectin.eu\/wp-content\/uploads\/2026\/04\/Untitled-design-100.png\",\"width\":1080,\"height\":1080},{\"@type\":\"BreadcrumbList\",\"@id\":\"https:\/\/collectin.eu\/produktas\/lego-40782-tropical-rainforest-diorama\/#breadcrumb\",\"itemListElement\":[{\"@type\":\"ListItem\",\"position\":1,\"name\":\"Home\",\"item\":\"https:\/\/collectin.eu\/\"},{\"@type\":\"ListItem\",\"position\":2,\"name\":\"Parduotuv\u0117\",\"item\":\"https:\/\/collectin.eu\/parduotuve\/\"},{\"@type\":\"ListItem\",\"position\":3,\"name\":\"LEGO\u00ae 40782 Tropical Rainforest Diorama\"}]},{\"@type\":\"WebSite\",\"@id\":\"https:\/\/collectin.eu\/#website\",\"url\":\"https:\/\/collectin.eu\/\",\"name\":\"Collectin.eu\",\"description\":\"\",\"potentialAction\":[{\"@type\":\"SearchAction\",\"target\":{\"@type\":\"EntryPoint\",\"urlTemplate\":\"https:\/\/collectin.eu\/?s={search_term_string}\"},\"query-input\":{\"@type\":\"PropertyValueSpecification\",\"valueRequired\":true,\"valueName\":\"search_term_string\"}}],\"inLanguage\":\"en-US\"}]}<\/script>\n<!-- \/ Yoast SEO plugin. -->","yoast_head_json":{"title":"LEGO\u00ae 40782 Tropical Rainforest Diorama - Collectin.eu","description":"\u0160is eksponuoti tinkamas LEGO\u00ae atogr\u0105\u017e\u0173 mi\u0161ko dioramos rinkinys \u2013 pirmasis i\u0161 4 LEGO kolekcin\u0117s serijos konstravimo rinkini\u0173, skirt\u0173 kelion\u0117ms ir gamtos stebuklams.","robots":{"index":"index","follow":"follow","max-snippet":"max-snippet:-1","max-image-preview":"max-image-preview:large","max-video-preview":"max-video-preview:-1"},"canonical":"https:\/\/collectin.eu\/en\/product\/lego-40782-tropical-rainforest-diorama\/","og_locale":"en_US","og_type":"article","og_title":"LEGO\u00ae 40782 Tropical Rainforest Diorama - Collectin.eu","og_description":"\u0160is eksponuoti tinkamas LEGO\u00ae atogr\u0105\u017e\u0173 mi\u0161ko dioramos rinkinys \u2013 pirmasis i\u0161 4 LEGO kolekcin\u0117s serijos konstravimo rinkini\u0173, skirt\u0173 kelion\u0117ms ir gamtos stebuklams.","og_url":"https:\/\/collectin.eu\/en\/product\/lego-40782-tropical-rainforest-diorama\/","og_site_name":"Collectin.eu","og_image":[{"width":1080,"height":1080,"url":"http:\/\/collectin.eu\/wp-content\/uploads\/2026\/04\/Untitled-design-100.png","type":"image\/png"}],"twitter_card":"summary_large_image","twitter_misc":{"Est. reading time":"2 minutes"},"schema":{"@context":"https:\/\/schema.org","@graph":[{"@type":"WebPage","@id":"https:\/\/collectin.eu\/produktas\/lego-40782-tropical-rainforest-diorama\/","url":"https:\/\/collectin.eu\/produktas\/lego-40782-tropical-rainforest-diorama\/","name":"LEGO\u00ae 40782 Tropical Rainforest Diorama - Collectin.eu","isPartOf":{"@id":"https:\/\/collectin.eu\/#website"},"primaryImageOfPage":{"@id":"https:\/\/collectin.eu\/produktas\/lego-40782-tropical-rainforest-diorama\/#primaryimage"},"image":{"@id":"https:\/\/collectin.eu\/produktas\/lego-40782-tropical-rainforest-diorama\/#primaryimage"},"thumbnailUrl":"https:\/\/collectin.eu\/wp-content\/uploads\/2026\/04\/Untitled-design-100.png","datePublished":"2026-04-22T13:26:35+00:00","description":"\u0160is eksponuoti tinkamas LEGO\u00ae atogr\u0105\u017e\u0173 mi\u0161ko dioramos rinkinys \u2013 pirmasis i\u0161 4 LEGO kolekcin\u0117s serijos konstravimo rinkini\u0173, skirt\u0173 kelion\u0117ms ir gamtos stebuklams.","breadcrumb":{"@id":"https:\/\/collectin.eu\/produktas\/lego-40782-tropical-rainforest-diorama\/#breadcrumb"},"inLanguage":"en-US","potentialAction":[{"@type":"ReadAction","target":["https:\/\/collectin.eu\/produktas\/lego-40782-tropical-rainforest-diorama\/"]}]},{"@type":"ImageObject","inLanguage":"en-US","@id":"https:\/\/collectin.eu\/produktas\/lego-40782-tropical-rainforest-diorama\/#primaryimage","url":"https:\/\/collectin.eu\/wp-content\/uploads\/2026\/04\/Untitled-design-100.png","contentUrl":"https:\/\/collectin.eu\/wp-content\/uploads\/2026\/04\/Untitled-design-100.png","width":1080,"height":1080},{"@type":"BreadcrumbList","@id":"https:\/\/collectin.eu\/produktas\/lego-40782-tropical-rainforest-diorama\/#breadcrumb","itemListElement":[{"@type":"ListItem","position":1,"name":"Home","item":"https:\/\/collectin.eu\/"},{"@type":"ListItem","position":2,"name":"Parduotuv\u0117","item":"https:\/\/collectin.eu\/parduotuve\/"},{"@type":"ListItem","position":3,"name":"LEGO\u00ae 40782 Tropical Rainforest Diorama"}]},{"@type":"WebSite","@id":"https:\/\/collectin.eu\/#website","url":"https:\/\/collectin.eu\/","name":"Collectin.eu","description":"","potentialAction":[{"@type":"SearchAction","target":{"@type":"EntryPoint","urlTemplate":"https:\/\/collectin.eu\/?s={search_term_string}"},"query-input":{"@type":"PropertyValueSpecification","valueRequired":true,"valueName":"search_term_string"}}],"inLanguage":"en-US"}]}},"jetpack_sharing_enabled":true,"_links":{"self":[{"href":"https:\/\/collectin.eu\/en\/wp-json\/wp\/v2\/product\/40831","targetHints":{"allow":["GET"]}}],"collection":[{"href":"https:\/\/collectin.eu\/en\/wp-json\/wp\/v2\/product"}],"about":[{"href":"https:\/\/collectin.eu\/en\/wp-json\/wp\/v2\/types\/product"}],"replies":[{"embeddable":true,"href":"https:\/\/collectin.eu\/en\/wp-json\/wp\/v2\/comments?post=40831"}],"version-history":[{"count":2,"href":"https:\/\/collectin.eu\/en\/wp-json\/wp\/v2\/product\/40831\/revisions"}],"predecessor-version":[{"id":40836,"href":"https:\/\/collectin.eu\/en\/wp-json\/wp\/v2\/product\/40831\/revisions\/40836"}],"wp:featuredmedia":[{"embeddable":true,"href":"https:\/\/collectin.eu\/en\/wp-json\/wp\/v2\/media\/40832"}],"wp:attachment":[{"href":"https:\/\/collectin.eu\/en\/wp-json\/wp\/v2\/media?parent=40831"}],"wp:term":[{"taxonomy":"product_brand","embeddable":true,"href":"https:\/\/collectin.eu\/en\/wp-json\/wp\/v2\/product_brand?post=40831"},{"taxonomy":"product_cat","embeddable":true,"href":"https:\/\/collectin.eu\/en\/wp-json\/wp\/v2\/product_cat?post=40831"},{"taxonomy":"product_tag","embeddable":true,"href":"https:\/\/collectin.eu\/en\/wp-json\/wp\/v2\/product_tag?post=40831"}],"curies":[{"name":"wp","href":"https:\/\/api.w.org\/{rel}","templated":true}]}}