{"id":40837,"date":"2026-04-22T13:34:54","date_gmt":"2026-04-22T13:34:54","guid":{"rendered":"https:\/\/collectin.eu\/?post_type=product&#038;p=40837"},"modified":"2026-04-22T13:34:55","modified_gmt":"2026-04-22T13:34:55","slug":"lego-71453-izzie-and-bunchu-the-bunny","status":"publish","type":"product","link":"https:\/\/collectin.eu\/en\/product\/lego-71453-izzie-and-bunchu-the-bunny\/","title":{"rendered":"LEGO\u00ae 71453 Izzie and Bunchu the Bunny"},"content":{"rendered":"<p>Leiskite vaikams nuo 7 met\u0173 pasinerti \u012f intensyv\u0173 sapn\u0173 pasaul\u012f su \u0161iuo \u201eLEGO\u00ae DREAMZzz\u2122\u201c Izzie ir triu\u0161io Bunchu (71453) konstravimo rinkiniu. Su rinkiniu, sukurtu pagal jaudinant\u012f televizijos laidos siu\u017eet\u0105, vaikai pad\u0117s pagrindinei veik\u0117jai Izzie sukurti didel\u0119 mylimo pliu\u0161inio triu\u0161iuko kopij\u0105 ir i\u0161gelb\u0117ti gyv\u016bn\u0117l\u012f, kur\u012f pavog\u0117 ko\u0161mari\u0161kas Tamsos i\u0161pera.<\/p>\n<p>1 rinkinys, 2 konstravimo b\u016bdai<br \/>\nDidel\u0117 gyva Bunchu kopija turi visi\u0161kai lanks\u010dius kakl\u0105, kojas ir rankas. Konstruodami fig\u016br\u0117l\u0119 ir lydimi pasakojam\u0173j\u0173 instrukcij\u0173 vaikai gali pasirinkti, ar u\u017ed\u0117ti Bunchu riedu\u010dius su pir\u0161tin\u0117mis, ar bit\u0117s sparnus ir geluon\u012f.<\/p>\n<p>Fantasti\u0161ka minifig\u016br\u0117l\u0117<br \/>\nDetali Izzie minifig\u016br\u0117l\u0117 perkels veiksm\u0105 \u012f tikrov\u0119. Kartu su Izzie fig\u016br\u0117le pridedami \u0161arvai, kardas ir sm\u0117lio laikrodis. Pridedamos Tamsos i\u0161peros ir ma\u017eo Bunchu fig\u016br\u0117l\u0117s pad\u0117s atkurti vis\u0105 istorij\u0105.<\/p>\n<ul>\n<li>Perkelkite Bunchu \u012f tikrov\u0119 \u2013 su \u201eLEGO\u00ae DREAMZzz\u2122\u201c Izzie ir triu\u0161io Bunchu (71453) konstravimo rinkiniu, sukurtu pagal televizijos laid\u0105 \u201eDREAMZzz\u201c, vaikai m\u0117gausis k\u016brybiniu konstravimu<\/li>\n<li>Visi\u0161kai lankstus \u2013 Bunchu turi lankst\u0173 kakl\u0105, uodeg\u0105, rankas ir kojas, kad vaikams b\u016bt\u0173 lengva j\u012f lankstyti ir kurti skirtingas scenas<\/li>\n<\/ul>","protected":false},"excerpt":{"rendered":"<p>Leiskite vaikams nuo 7 met\u0173 pasinerti \u012f intensyv\u0173 sapn\u0173 pasaul\u012f su \u0161iuo \u201eLEGO\u00ae DREAMZzz\u2122\u201c Izzie ir triu\u0161io Bunchu (71453) konstravimo<\/p>","protected":false},"featured_media":40838,"comment_status":"open","ping_status":"closed","template":"","meta":[],"product_brand":[423],"product_cat":[677,406,688],"product_tag":[],"class_list":{"0":"post-40837","1":"product","2":"type-product","3":"status-publish","4":"has-post-thumbnail","6":"product_brand-lego","7":"product_cat-lego-konstruktoriai","8":"product_cat-lego","9":"product_cat-lego-dreamzzz","11":"first","12":"instock","13":"taxable","14":"shipping-taxable","15":"purchasable","16":"product-type-simple"},"yoast_head":"<!-- This site is optimized with the Yoast SEO plugin v25.9 - https:\/\/yoast.com\/wordpress\/plugins\/seo\/ -->\n<title>LEGO\u00ae 71453 Izzie and Bunchu the Bunny - Collectin.eu<\/title>\n<meta name=\"description\" content=\"Leiskite vaikams nuo 7 met\u0173 pasinerti \u012f intensyv\u0173 sapn\u0173 pasaul\u012f su \u0161iuo \u201eLEGO\u00ae DREAMZzz\u2122\u201c Izzie ir triu\u0161io Bunchu (71453).\" \/>\n<meta name=\"robots\" content=\"index, follow, max-snippet:-1, max-image-preview:large, max-video-preview:-1\" \/>\n<link rel=\"canonical\" href=\"https:\/\/collectin.eu\/en\/product\/lego-71453-izzie-and-bunchu-the-bunny\/\" \/>\n<meta property=\"og:locale\" content=\"en_US\" \/>\n<meta property=\"og:type\" content=\"article\" \/>\n<meta property=\"og:title\" content=\"LEGO\u00ae 71453 Izzie and Bunchu the Bunny - Collectin.eu\" \/>\n<meta property=\"og:description\" content=\"Leiskite vaikams nuo 7 met\u0173 pasinerti \u012f intensyv\u0173 sapn\u0173 pasaul\u012f su \u0161iuo \u201eLEGO\u00ae DREAMZzz\u2122\u201c Izzie ir triu\u0161io Bunchu (71453).\" \/>\n<meta property=\"og:url\" content=\"https:\/\/collectin.eu\/en\/product\/lego-71453-izzie-and-bunchu-the-bunny\/\" \/>\n<meta property=\"og:site_name\" content=\"Collectin.eu\" \/>\n<meta property=\"article:modified_time\" content=\"2026-04-22T13:34:55+00:00\" \/>\n<meta property=\"og:image\" content=\"http:\/\/collectin.eu\/wp-content\/uploads\/2026\/04\/Untitled-design-2026-04-22T163106.118.png\" \/>\n\t<meta property=\"og:image:width\" content=\"1080\" \/>\n\t<meta property=\"og:image:height\" content=\"1080\" \/>\n\t<meta property=\"og:image:type\" content=\"image\/png\" \/>\n<meta name=\"twitter:card\" content=\"summary_large_image\" \/>\n<meta name=\"twitter:label1\" content=\"Est. reading time\" \/>\n\t<meta name=\"twitter:data1\" content=\"2 minutes\" \/>\n<script type=\"application\/ld+json\" class=\"yoast-schema-graph\">{\"@context\":\"https:\/\/schema.org\",\"@graph\":[{\"@type\":\"WebPage\",\"@id\":\"https:\/\/collectin.eu\/produktas\/lego-71453-izzie-and-bunchu-the-bunny\/\",\"url\":\"https:\/\/collectin.eu\/produktas\/lego-71453-izzie-and-bunchu-the-bunny\/\",\"name\":\"LEGO\u00ae 71453 Izzie and Bunchu the Bunny - Collectin.eu\",\"isPartOf\":{\"@id\":\"https:\/\/collectin.eu\/#website\"},\"primaryImageOfPage\":{\"@id\":\"https:\/\/collectin.eu\/produktas\/lego-71453-izzie-and-bunchu-the-bunny\/#primaryimage\"},\"image\":{\"@id\":\"https:\/\/collectin.eu\/produktas\/lego-71453-izzie-and-bunchu-the-bunny\/#primaryimage\"},\"thumbnailUrl\":\"https:\/\/collectin.eu\/wp-content\/uploads\/2026\/04\/Untitled-design-2026-04-22T163106.118.png\",\"datePublished\":\"2026-04-22T13:34:54+00:00\",\"dateModified\":\"2026-04-22T13:34:55+00:00\",\"description\":\"Leiskite vaikams nuo 7 met\u0173 pasinerti \u012f intensyv\u0173 sapn\u0173 pasaul\u012f su \u0161iuo \u201eLEGO\u00ae DREAMZzz\u2122\u201c Izzie ir triu\u0161io Bunchu (71453).\",\"breadcrumb\":{\"@id\":\"https:\/\/collectin.eu\/produktas\/lego-71453-izzie-and-bunchu-the-bunny\/#breadcrumb\"},\"inLanguage\":\"en-US\",\"potentialAction\":[{\"@type\":\"ReadAction\",\"target\":[\"https:\/\/collectin.eu\/produktas\/lego-71453-izzie-and-bunchu-the-bunny\/\"]}]},{\"@type\":\"ImageObject\",\"inLanguage\":\"en-US\",\"@id\":\"https:\/\/collectin.eu\/produktas\/lego-71453-izzie-and-bunchu-the-bunny\/#primaryimage\",\"url\":\"https:\/\/collectin.eu\/wp-content\/uploads\/2026\/04\/Untitled-design-2026-04-22T163106.118.png\",\"contentUrl\":\"https:\/\/collectin.eu\/wp-content\/uploads\/2026\/04\/Untitled-design-2026-04-22T163106.118.png\",\"width\":1080,\"height\":1080},{\"@type\":\"BreadcrumbList\",\"@id\":\"https:\/\/collectin.eu\/produktas\/lego-71453-izzie-and-bunchu-the-bunny\/#breadcrumb\",\"itemListElement\":[{\"@type\":\"ListItem\",\"position\":1,\"name\":\"Home\",\"item\":\"https:\/\/collectin.eu\/\"},{\"@type\":\"ListItem\",\"position\":2,\"name\":\"Parduotuv\u0117\",\"item\":\"https:\/\/collectin.eu\/parduotuve\/\"},{\"@type\":\"ListItem\",\"position\":3,\"name\":\"LEGO\u00ae 71453 Izzie and Bunchu the Bunny\"}]},{\"@type\":\"WebSite\",\"@id\":\"https:\/\/collectin.eu\/#website\",\"url\":\"https:\/\/collectin.eu\/\",\"name\":\"Collectin.eu\",\"description\":\"\",\"potentialAction\":[{\"@type\":\"SearchAction\",\"target\":{\"@type\":\"EntryPoint\",\"urlTemplate\":\"https:\/\/collectin.eu\/?s={search_term_string}\"},\"query-input\":{\"@type\":\"PropertyValueSpecification\",\"valueRequired\":true,\"valueName\":\"search_term_string\"}}],\"inLanguage\":\"en-US\"}]}<\/script>\n<!-- \/ Yoast SEO plugin. -->","yoast_head_json":{"title":"LEGO\u00ae 71453 Izzie and Bunchu the Bunny - Collectin.eu","description":"Leiskite vaikams nuo 7 met\u0173 pasinerti \u012f intensyv\u0173 sapn\u0173 pasaul\u012f su \u0161iuo \u201eLEGO\u00ae DREAMZzz\u2122\u201c Izzie ir triu\u0161io Bunchu (71453).","robots":{"index":"index","follow":"follow","max-snippet":"max-snippet:-1","max-image-preview":"max-image-preview:large","max-video-preview":"max-video-preview:-1"},"canonical":"https:\/\/collectin.eu\/en\/product\/lego-71453-izzie-and-bunchu-the-bunny\/","og_locale":"en_US","og_type":"article","og_title":"LEGO\u00ae 71453 Izzie and Bunchu the Bunny - Collectin.eu","og_description":"Leiskite vaikams nuo 7 met\u0173 pasinerti \u012f intensyv\u0173 sapn\u0173 pasaul\u012f su \u0161iuo \u201eLEGO\u00ae DREAMZzz\u2122\u201c Izzie ir triu\u0161io Bunchu (71453).","og_url":"https:\/\/collectin.eu\/en\/product\/lego-71453-izzie-and-bunchu-the-bunny\/","og_site_name":"Collectin.eu","article_modified_time":"2026-04-22T13:34:55+00:00","og_image":[{"width":1080,"height":1080,"url":"http:\/\/collectin.eu\/wp-content\/uploads\/2026\/04\/Untitled-design-2026-04-22T163106.118.png","type":"image\/png"}],"twitter_card":"summary_large_image","twitter_misc":{"Est. reading time":"2 minutes"},"schema":{"@context":"https:\/\/schema.org","@graph":[{"@type":"WebPage","@id":"https:\/\/collectin.eu\/produktas\/lego-71453-izzie-and-bunchu-the-bunny\/","url":"https:\/\/collectin.eu\/produktas\/lego-71453-izzie-and-bunchu-the-bunny\/","name":"LEGO\u00ae 71453 Izzie and Bunchu the Bunny - Collectin.eu","isPartOf":{"@id":"https:\/\/collectin.eu\/#website"},"primaryImageOfPage":{"@id":"https:\/\/collectin.eu\/produktas\/lego-71453-izzie-and-bunchu-the-bunny\/#primaryimage"},"image":{"@id":"https:\/\/collectin.eu\/produktas\/lego-71453-izzie-and-bunchu-the-bunny\/#primaryimage"},"thumbnailUrl":"https:\/\/collectin.eu\/wp-content\/uploads\/2026\/04\/Untitled-design-2026-04-22T163106.118.png","datePublished":"2026-04-22T13:34:54+00:00","dateModified":"2026-04-22T13:34:55+00:00","description":"Leiskite vaikams nuo 7 met\u0173 pasinerti \u012f intensyv\u0173 sapn\u0173 pasaul\u012f su \u0161iuo \u201eLEGO\u00ae DREAMZzz\u2122\u201c Izzie ir triu\u0161io Bunchu (71453).","breadcrumb":{"@id":"https:\/\/collectin.eu\/produktas\/lego-71453-izzie-and-bunchu-the-bunny\/#breadcrumb"},"inLanguage":"en-US","potentialAction":[{"@type":"ReadAction","target":["https:\/\/collectin.eu\/produktas\/lego-71453-izzie-and-bunchu-the-bunny\/"]}]},{"@type":"ImageObject","inLanguage":"en-US","@id":"https:\/\/collectin.eu\/produktas\/lego-71453-izzie-and-bunchu-the-bunny\/#primaryimage","url":"https:\/\/collectin.eu\/wp-content\/uploads\/2026\/04\/Untitled-design-2026-04-22T163106.118.png","contentUrl":"https:\/\/collectin.eu\/wp-content\/uploads\/2026\/04\/Untitled-design-2026-04-22T163106.118.png","width":1080,"height":1080},{"@type":"BreadcrumbList","@id":"https:\/\/collectin.eu\/produktas\/lego-71453-izzie-and-bunchu-the-bunny\/#breadcrumb","itemListElement":[{"@type":"ListItem","position":1,"name":"Home","item":"https:\/\/collectin.eu\/"},{"@type":"ListItem","position":2,"name":"Parduotuv\u0117","item":"https:\/\/collectin.eu\/parduotuve\/"},{"@type":"ListItem","position":3,"name":"LEGO\u00ae 71453 Izzie and Bunchu the Bunny"}]},{"@type":"WebSite","@id":"https:\/\/collectin.eu\/#website","url":"https:\/\/collectin.eu\/","name":"Collectin.eu","description":"","potentialAction":[{"@type":"SearchAction","target":{"@type":"EntryPoint","urlTemplate":"https:\/\/collectin.eu\/?s={search_term_string}"},"query-input":{"@type":"PropertyValueSpecification","valueRequired":true,"valueName":"search_term_string"}}],"inLanguage":"en-US"}]}},"jetpack_sharing_enabled":true,"_links":{"self":[{"href":"https:\/\/collectin.eu\/en\/wp-json\/wp\/v2\/product\/40837","targetHints":{"allow":["GET"]}}],"collection":[{"href":"https:\/\/collectin.eu\/en\/wp-json\/wp\/v2\/product"}],"about":[{"href":"https:\/\/collectin.eu\/en\/wp-json\/wp\/v2\/types\/product"}],"replies":[{"embeddable":true,"href":"https:\/\/collectin.eu\/en\/wp-json\/wp\/v2\/comments?post=40837"}],"version-history":[{"count":2,"href":"https:\/\/collectin.eu\/en\/wp-json\/wp\/v2\/product\/40837\/revisions"}],"predecessor-version":[{"id":40842,"href":"https:\/\/collectin.eu\/en\/wp-json\/wp\/v2\/product\/40837\/revisions\/40842"}],"wp:featuredmedia":[{"embeddable":true,"href":"https:\/\/collectin.eu\/en\/wp-json\/wp\/v2\/media\/40838"}],"wp:attachment":[{"href":"https:\/\/collectin.eu\/en\/wp-json\/wp\/v2\/media?parent=40837"}],"wp:term":[{"taxonomy":"product_brand","embeddable":true,"href":"https:\/\/collectin.eu\/en\/wp-json\/wp\/v2\/product_brand?post=40837"},{"taxonomy":"product_cat","embeddable":true,"href":"https:\/\/collectin.eu\/en\/wp-json\/wp\/v2\/product_cat?post=40837"},{"taxonomy":"product_tag","embeddable":true,"href":"https:\/\/collectin.eu\/en\/wp-json\/wp\/v2\/product_tag?post=40837"}],"curies":[{"name":"wp","href":"https:\/\/api.w.org\/{rel}","templated":true}]}}