{"id":40843,"date":"2026-04-22T13:45:37","date_gmt":"2026-04-22T13:45:37","guid":{"rendered":"https:\/\/collectin.eu\/?post_type=product&#038;p=40843"},"modified":"2026-04-22T13:45:38","modified_gmt":"2026-04-22T13:45:38","slug":"lego-71472-izzies-narwhal-hot-air-balloon","status":"publish","type":"product","link":"https:\/\/collectin.eu\/en\/product\/lego-71472-izzies-narwhal-hot-air-balloon\/","title":{"rendered":"LEGO\u00ae 71472 Izzie&#8217;s Narwhal Hot-Air Balloon"},"content":{"rendered":"<p>Su rinkiniu \u201eIzzie narvalo formos oro balionas\u201c (71472) vaikai nuo 7 met\u0173 pasiners \u012f fantastin\u012f \u201eLEGO\u00ae DREAMZzz\u2122\u201c pasaul\u012f. Pagal jaudinant\u012f TV serial\u0105 sukurtas konstravimo rinkinys suteikia vaikams galimyb\u0119 sukonstruoti fantastinio \u017eaislinio banginio fig\u016br\u0117l\u0119 ir pad\u0117ti Izzie i\u0161gelb\u0117ti jos \u017eaislin\u012f triu\u0161iuk\u0105 Bunchu i\u0161 ko\u0161mar\u0173 piktadario gniau\u017et\u0173.2 konstravimo b\u016bdus si\u016blantis \u0161aunus \u017eaislinis LEGO gyv\u016bnas skatina vaikus pasirinkti nuotyk\u012f ir i\u0161laisvinti vaizduot\u0119. Rinkinys turi daugyb\u0119 funkcij\u0173, \u012fskaitant atsiverian\u010di\u0105 burn\u0105 ir talpi\u0105 ertm\u0119 nedideliems daiktams, pavyzd\u017eiui, dekoratyvin\u0117ms plytel\u0117ms ar balionams, susid\u0117ti. Giliavandenio gyv\u016bno model\u012f vaikai gali transformuoti \u012f \u017eaislin\u012f oro balion\u0105 arba greit\u0105 ir manevring\u0105 ve\u017eim\u0105-valt\u012f.LEGO DREAMZzz persona\u017eai, \u012fskaitant heroj\u0119 Izzie ir Tamsos i\u0161per\u0105, suteikia rinkiniui gyvumo. Jame taip pat yra nedidel\u0117 triu\u0161iuko Bunchu fig\u016br\u0117l\u0117, kad vaikai gal\u0117t\u0173 atkurti vis\u0105 siu\u017eet\u0105 ir sukurti savo sapn\u0173 modeli\u0173.<\/p>\n<ul>\n<li>Transformuojamas \u017eaislinis banginis. Mergait\u0117s ir berniukai nuo 7 met\u0173 i\u0161laisvins vaizduot\u0119 su \u201eLEGO\u00ae DREAMZzz\u2122\u201c \u017eaislu \u201eIzzie narvalo formos oro balionas\u201c, si\u016blan\u010diu 2 konstravimo b\u016bdus<\/li>\n<li>2 b\u016bdai \u017eaisti. K\u016brybingi vaikai gali patys pasirinkti nuotyk\u012f ir narvalo fig\u016br\u0117l\u0119 paversti \u017eaisliniu oro balionu arba greitu ir manevringu \u017eaisliniu ve\u017eimu-valtimi<\/li>\n<\/ul>","protected":false},"excerpt":{"rendered":"<p>Su rinkiniu \u201eIzzie narvalo formos oro balionas\u201c (71472) vaikai nuo 7 met\u0173 pasiners \u012f fantastin\u012f \u201eLEGO\u00ae DREAMZzz\u2122\u201c pasaul\u012f. Pagal jaudinant\u012f<\/p>","protected":false},"featured_media":40844,"comment_status":"open","ping_status":"closed","template":"","meta":[],"product_brand":[423],"product_cat":[677,406,688],"product_tag":[],"class_list":{"0":"post-40843","1":"product","2":"type-product","3":"status-publish","4":"has-post-thumbnail","6":"product_brand-lego","7":"product_cat-lego-konstruktoriai","8":"product_cat-lego","9":"product_cat-lego-dreamzzz","11":"first","12":"instock","13":"taxable","14":"shipping-taxable","15":"purchasable","16":"product-type-simple"},"yoast_head":"<!-- This site is optimized with the Yoast SEO plugin v25.9 - https:\/\/yoast.com\/wordpress\/plugins\/seo\/ -->\n<title>LEGO\u00ae 71472 Izzie&#039;s Narwhal Hot-Air Balloon - Collectin.eu<\/title>\n<meta name=\"description\" content=\"Su rinkiniu \u201eIzzie narvalo formos oro balionas\u201c (71472) vaikai nuo 7 met\u0173 pasiners \u012f fantastin\u012f \u201eLEGO\u00ae DREAMZzz\u2122\u201c pasaul\u012f.\" \/>\n<meta name=\"robots\" content=\"index, follow, max-snippet:-1, max-image-preview:large, max-video-preview:-1\" \/>\n<link rel=\"canonical\" href=\"https:\/\/collectin.eu\/en\/product\/lego-71472-izzies-narwhal-hot-air-balloon\/\" \/>\n<meta property=\"og:locale\" content=\"en_US\" \/>\n<meta property=\"og:type\" content=\"article\" \/>\n<meta property=\"og:title\" content=\"LEGO\u00ae 71472 Izzie&#039;s Narwhal Hot-Air Balloon - Collectin.eu\" \/>\n<meta property=\"og:description\" content=\"Su rinkiniu \u201eIzzie narvalo formos oro balionas\u201c (71472) vaikai nuo 7 met\u0173 pasiners \u012f fantastin\u012f \u201eLEGO\u00ae DREAMZzz\u2122\u201c pasaul\u012f.\" \/>\n<meta property=\"og:url\" content=\"https:\/\/collectin.eu\/en\/product\/lego-71472-izzies-narwhal-hot-air-balloon\/\" \/>\n<meta property=\"og:site_name\" content=\"Collectin.eu\" \/>\n<meta property=\"article:modified_time\" content=\"2026-04-22T13:45:38+00:00\" \/>\n<meta property=\"og:image\" content=\"http:\/\/collectin.eu\/wp-content\/uploads\/2026\/04\/Untitled-design-2026-04-22T164224.152.png\" \/>\n\t<meta property=\"og:image:width\" content=\"1080\" \/>\n\t<meta property=\"og:image:height\" content=\"1080\" \/>\n\t<meta property=\"og:image:type\" content=\"image\/png\" \/>\n<meta name=\"twitter:card\" content=\"summary_large_image\" \/>\n<meta name=\"twitter:label1\" content=\"Est. reading time\" \/>\n\t<meta name=\"twitter:data1\" content=\"2 minutes\" \/>\n<script type=\"application\/ld+json\" class=\"yoast-schema-graph\">{\"@context\":\"https:\/\/schema.org\",\"@graph\":[{\"@type\":\"WebPage\",\"@id\":\"https:\/\/collectin.eu\/produktas\/lego-71472-izzies-narwhal-hot-air-balloon\/\",\"url\":\"https:\/\/collectin.eu\/produktas\/lego-71472-izzies-narwhal-hot-air-balloon\/\",\"name\":\"LEGO\u00ae 71472 Izzie's Narwhal Hot-Air Balloon - Collectin.eu\",\"isPartOf\":{\"@id\":\"https:\/\/collectin.eu\/#website\"},\"primaryImageOfPage\":{\"@id\":\"https:\/\/collectin.eu\/produktas\/lego-71472-izzies-narwhal-hot-air-balloon\/#primaryimage\"},\"image\":{\"@id\":\"https:\/\/collectin.eu\/produktas\/lego-71472-izzies-narwhal-hot-air-balloon\/#primaryimage\"},\"thumbnailUrl\":\"https:\/\/collectin.eu\/wp-content\/uploads\/2026\/04\/Untitled-design-2026-04-22T164224.152.png\",\"datePublished\":\"2026-04-22T13:45:37+00:00\",\"dateModified\":\"2026-04-22T13:45:38+00:00\",\"description\":\"Su rinkiniu \u201eIzzie narvalo formos oro balionas\u201c (71472) vaikai nuo 7 met\u0173 pasiners \u012f fantastin\u012f \u201eLEGO\u00ae DREAMZzz\u2122\u201c pasaul\u012f.\",\"breadcrumb\":{\"@id\":\"https:\/\/collectin.eu\/produktas\/lego-71472-izzies-narwhal-hot-air-balloon\/#breadcrumb\"},\"inLanguage\":\"en-US\",\"potentialAction\":[{\"@type\":\"ReadAction\",\"target\":[\"https:\/\/collectin.eu\/produktas\/lego-71472-izzies-narwhal-hot-air-balloon\/\"]}]},{\"@type\":\"ImageObject\",\"inLanguage\":\"en-US\",\"@id\":\"https:\/\/collectin.eu\/produktas\/lego-71472-izzies-narwhal-hot-air-balloon\/#primaryimage\",\"url\":\"https:\/\/collectin.eu\/wp-content\/uploads\/2026\/04\/Untitled-design-2026-04-22T164224.152.png\",\"contentUrl\":\"https:\/\/collectin.eu\/wp-content\/uploads\/2026\/04\/Untitled-design-2026-04-22T164224.152.png\",\"width\":1080,\"height\":1080},{\"@type\":\"BreadcrumbList\",\"@id\":\"https:\/\/collectin.eu\/produktas\/lego-71472-izzies-narwhal-hot-air-balloon\/#breadcrumb\",\"itemListElement\":[{\"@type\":\"ListItem\",\"position\":1,\"name\":\"Home\",\"item\":\"https:\/\/collectin.eu\/\"},{\"@type\":\"ListItem\",\"position\":2,\"name\":\"Parduotuv\u0117\",\"item\":\"https:\/\/collectin.eu\/parduotuve\/\"},{\"@type\":\"ListItem\",\"position\":3,\"name\":\"LEGO\u00ae 71472 Izzie&#8217;s Narwhal Hot-Air Balloon\"}]},{\"@type\":\"WebSite\",\"@id\":\"https:\/\/collectin.eu\/#website\",\"url\":\"https:\/\/collectin.eu\/\",\"name\":\"Collectin.eu\",\"description\":\"\",\"potentialAction\":[{\"@type\":\"SearchAction\",\"target\":{\"@type\":\"EntryPoint\",\"urlTemplate\":\"https:\/\/collectin.eu\/?s={search_term_string}\"},\"query-input\":{\"@type\":\"PropertyValueSpecification\",\"valueRequired\":true,\"valueName\":\"search_term_string\"}}],\"inLanguage\":\"en-US\"}]}<\/script>\n<!-- \/ Yoast SEO plugin. -->","yoast_head_json":{"title":"LEGO\u00ae 71472 Izzie's Narwhal Hot-Air Balloon - Collectin.eu","description":"Su rinkiniu \u201eIzzie narvalo formos oro balionas\u201c (71472) vaikai nuo 7 met\u0173 pasiners \u012f fantastin\u012f \u201eLEGO\u00ae DREAMZzz\u2122\u201c pasaul\u012f.","robots":{"index":"index","follow":"follow","max-snippet":"max-snippet:-1","max-image-preview":"max-image-preview:large","max-video-preview":"max-video-preview:-1"},"canonical":"https:\/\/collectin.eu\/en\/product\/lego-71472-izzies-narwhal-hot-air-balloon\/","og_locale":"en_US","og_type":"article","og_title":"LEGO\u00ae 71472 Izzie's Narwhal Hot-Air Balloon - Collectin.eu","og_description":"Su rinkiniu \u201eIzzie narvalo formos oro balionas\u201c (71472) vaikai nuo 7 met\u0173 pasiners \u012f fantastin\u012f \u201eLEGO\u00ae DREAMZzz\u2122\u201c pasaul\u012f.","og_url":"https:\/\/collectin.eu\/en\/product\/lego-71472-izzies-narwhal-hot-air-balloon\/","og_site_name":"Collectin.eu","article_modified_time":"2026-04-22T13:45:38+00:00","og_image":[{"width":1080,"height":1080,"url":"http:\/\/collectin.eu\/wp-content\/uploads\/2026\/04\/Untitled-design-2026-04-22T164224.152.png","type":"image\/png"}],"twitter_card":"summary_large_image","twitter_misc":{"Est. reading time":"2 minutes"},"schema":{"@context":"https:\/\/schema.org","@graph":[{"@type":"WebPage","@id":"https:\/\/collectin.eu\/produktas\/lego-71472-izzies-narwhal-hot-air-balloon\/","url":"https:\/\/collectin.eu\/produktas\/lego-71472-izzies-narwhal-hot-air-balloon\/","name":"LEGO\u00ae 71472 Izzie's Narwhal Hot-Air Balloon - Collectin.eu","isPartOf":{"@id":"https:\/\/collectin.eu\/#website"},"primaryImageOfPage":{"@id":"https:\/\/collectin.eu\/produktas\/lego-71472-izzies-narwhal-hot-air-balloon\/#primaryimage"},"image":{"@id":"https:\/\/collectin.eu\/produktas\/lego-71472-izzies-narwhal-hot-air-balloon\/#primaryimage"},"thumbnailUrl":"https:\/\/collectin.eu\/wp-content\/uploads\/2026\/04\/Untitled-design-2026-04-22T164224.152.png","datePublished":"2026-04-22T13:45:37+00:00","dateModified":"2026-04-22T13:45:38+00:00","description":"Su rinkiniu \u201eIzzie narvalo formos oro balionas\u201c (71472) vaikai nuo 7 met\u0173 pasiners \u012f fantastin\u012f \u201eLEGO\u00ae DREAMZzz\u2122\u201c pasaul\u012f.","breadcrumb":{"@id":"https:\/\/collectin.eu\/produktas\/lego-71472-izzies-narwhal-hot-air-balloon\/#breadcrumb"},"inLanguage":"en-US","potentialAction":[{"@type":"ReadAction","target":["https:\/\/collectin.eu\/produktas\/lego-71472-izzies-narwhal-hot-air-balloon\/"]}]},{"@type":"ImageObject","inLanguage":"en-US","@id":"https:\/\/collectin.eu\/produktas\/lego-71472-izzies-narwhal-hot-air-balloon\/#primaryimage","url":"https:\/\/collectin.eu\/wp-content\/uploads\/2026\/04\/Untitled-design-2026-04-22T164224.152.png","contentUrl":"https:\/\/collectin.eu\/wp-content\/uploads\/2026\/04\/Untitled-design-2026-04-22T164224.152.png","width":1080,"height":1080},{"@type":"BreadcrumbList","@id":"https:\/\/collectin.eu\/produktas\/lego-71472-izzies-narwhal-hot-air-balloon\/#breadcrumb","itemListElement":[{"@type":"ListItem","position":1,"name":"Home","item":"https:\/\/collectin.eu\/"},{"@type":"ListItem","position":2,"name":"Parduotuv\u0117","item":"https:\/\/collectin.eu\/parduotuve\/"},{"@type":"ListItem","position":3,"name":"LEGO\u00ae 71472 Izzie&#8217;s Narwhal Hot-Air Balloon"}]},{"@type":"WebSite","@id":"https:\/\/collectin.eu\/#website","url":"https:\/\/collectin.eu\/","name":"Collectin.eu","description":"","potentialAction":[{"@type":"SearchAction","target":{"@type":"EntryPoint","urlTemplate":"https:\/\/collectin.eu\/?s={search_term_string}"},"query-input":{"@type":"PropertyValueSpecification","valueRequired":true,"valueName":"search_term_string"}}],"inLanguage":"en-US"}]}},"jetpack_sharing_enabled":true,"_links":{"self":[{"href":"https:\/\/collectin.eu\/en\/wp-json\/wp\/v2\/product\/40843","targetHints":{"allow":["GET"]}}],"collection":[{"href":"https:\/\/collectin.eu\/en\/wp-json\/wp\/v2\/product"}],"about":[{"href":"https:\/\/collectin.eu\/en\/wp-json\/wp\/v2\/types\/product"}],"replies":[{"embeddable":true,"href":"https:\/\/collectin.eu\/en\/wp-json\/wp\/v2\/comments?post=40843"}],"version-history":[{"count":2,"href":"https:\/\/collectin.eu\/en\/wp-json\/wp\/v2\/product\/40843\/revisions"}],"predecessor-version":[{"id":40848,"href":"https:\/\/collectin.eu\/en\/wp-json\/wp\/v2\/product\/40843\/revisions\/40848"}],"wp:featuredmedia":[{"embeddable":true,"href":"https:\/\/collectin.eu\/en\/wp-json\/wp\/v2\/media\/40844"}],"wp:attachment":[{"href":"https:\/\/collectin.eu\/en\/wp-json\/wp\/v2\/media?parent=40843"}],"wp:term":[{"taxonomy":"product_brand","embeddable":true,"href":"https:\/\/collectin.eu\/en\/wp-json\/wp\/v2\/product_brand?post=40843"},{"taxonomy":"product_cat","embeddable":true,"href":"https:\/\/collectin.eu\/en\/wp-json\/wp\/v2\/product_cat?post=40843"},{"taxonomy":"product_tag","embeddable":true,"href":"https:\/\/collectin.eu\/en\/wp-json\/wp\/v2\/product_tag?post=40843"}],"curies":[{"name":"wp","href":"https:\/\/api.w.org\/{rel}","templated":true}]}}