{"id":40849,"date":"2026-04-22T13:51:04","date_gmt":"2026-04-22T13:51:04","guid":{"rendered":"https:\/\/collectin.eu\/?post_type=product&#038;p=40849"},"modified":"2026-04-22T13:51:05","modified_gmt":"2026-04-22T13:51:05","slug":"lego-71457-pegasus-flying-horse","status":"publish","type":"product","link":"https:\/\/collectin.eu\/en\/product\/lego-71457-pegasus-flying-horse\/","title":{"rendered":"LEGO\u00ae 71457 Pegasus Flying Horse"},"content":{"rendered":"<p>Leiskite vaikams nuo 8 met\u0173 pasinerti \u012f sapn\u0173 pasaul\u012f su \u0161iuo \u201eLEGO\u00ae DREAMZzz\u2122\u201c skraidan\u010dio pegaso (71457) konstravimo rinkiniu. \u0160is rinkinys, sukurtas pagal televizijos laid\u0105, pasakoja istorij\u0105, kaip Zoey gelbsti savo draug\u0119 Nov\u0105, kuri\u0105 pagrob\u0117 ir ant pegaso skraidina ko\u0161mar\u0173 b\u016btyb\u0117 Susan! Pasakojamosios instrukcijos leis vaikams pasinerti \u012f veiksm\u0105 ir i\u0161laisvinti vaizduot\u0119, padedant Zoey rasti tinkamiausi\u0105 b\u016bd\u0105.<\/p>\n<p>1 rinkinys, 2 konstravimo b\u016bdai<br \/>\nNor\u0117dami pad\u0117ti Zoey i\u0161gelb\u0117ti Nov\u0105, vaikai gali sukonstruoti jos bendrakeleivio pauk\u0161\u010dio fig\u016br\u0117l\u0119 arba suteikti jai sparnus, kad \u0161i gal\u0117t\u0173 persekioti ko\u0161marus. 2 b\u016bdais konstruojamas rinkinys pailgins \u017eaidim\u0173 laik\u0105 ir lavins k\u016brybi\u0161kum\u0105 bei vaizduot\u0119.<\/p>\n<p>Magi\u0161ka b\u016btyb\u0117, fantastin\u0117s detal\u0117s<br \/>\nSkraidantis pegasas turi lanks\u010di\u0105 galv\u0105, klubus, kanopas ir uodeg\u0105, tod\u0117l \u017eaisdami vaikai gali lengvai j\u012f lankstyti. Detal\u0173 Ko\u0161mar\u0173 karaliaus sost\u0105 ir Zoey pauk\u0161t\u012f galima pritvirtinti prie pegaso nugaros.<\/p>\n<ul>\n<li>Suvaidinkite istorij\u0105 \u2013 su \u201eLEGO\u00ae DREAMZzz\u2122\u201c skraidan\u010dio pegaso (71457) konstravimo rinkiniu, sukurtu pagal televizijos laid\u0105, vaikai m\u0117gausis k\u016brybiniu konstravimu<\/li>\n<li>2 konstravimo b\u016bdai \u2013 vaikai gali pad\u0117ti Zoey i\u0161gelb\u0117ti Nov\u0105 sukonstruodami pauk\u0161t\u012f ar pritvirtindami jai sparnus<\/li>\n<\/ul>","protected":false},"excerpt":{"rendered":"<p>Leiskite vaikams nuo 8 met\u0173 pasinerti \u012f sapn\u0173 pasaul\u012f su \u0161iuo \u201eLEGO\u00ae DREAMZzz\u2122\u201c skraidan\u010dio pegaso (71457) konstravimo rinkiniu. \u0160is rinkinys,<\/p>","protected":false},"featured_media":40850,"comment_status":"open","ping_status":"closed","template":"","meta":[],"product_brand":[423],"product_cat":[677,406,688],"product_tag":[],"class_list":{"0":"post-40849","1":"product","2":"type-product","3":"status-publish","4":"has-post-thumbnail","6":"product_brand-lego","7":"product_cat-lego-konstruktoriai","8":"product_cat-lego","9":"product_cat-lego-dreamzzz","11":"first","12":"instock","13":"taxable","14":"shipping-taxable","15":"purchasable","16":"product-type-simple"},"yoast_head":"<!-- This site is optimized with the Yoast SEO plugin v25.9 - https:\/\/yoast.com\/wordpress\/plugins\/seo\/ -->\n<title>LEGO\u00ae 71457 Pegasus Flying Horse - Collectin.eu<\/title>\n<meta name=\"description\" content=\"Leiskite vaikams nuo 8 met\u0173 pasinerti \u012f sapn\u0173 pasaul\u012f su \u0161iuo \u201eLEGO\u00ae DREAMZzz\u2122\u201c skraidan\u010dio pegaso (71457) konstravimo rinkiniu.\" \/>\n<meta name=\"robots\" content=\"index, follow, max-snippet:-1, max-image-preview:large, max-video-preview:-1\" \/>\n<link rel=\"canonical\" href=\"https:\/\/collectin.eu\/en\/product\/lego-71457-pegasus-flying-horse\/\" \/>\n<meta property=\"og:locale\" content=\"en_US\" \/>\n<meta property=\"og:type\" content=\"article\" \/>\n<meta property=\"og:title\" content=\"LEGO\u00ae 71457 Pegasus Flying Horse - Collectin.eu\" \/>\n<meta property=\"og:description\" content=\"Leiskite vaikams nuo 8 met\u0173 pasinerti \u012f sapn\u0173 pasaul\u012f su \u0161iuo \u201eLEGO\u00ae DREAMZzz\u2122\u201c skraidan\u010dio pegaso (71457) konstravimo rinkiniu.\" \/>\n<meta property=\"og:url\" content=\"https:\/\/collectin.eu\/en\/product\/lego-71457-pegasus-flying-horse\/\" \/>\n<meta property=\"og:site_name\" content=\"Collectin.eu\" \/>\n<meta property=\"article:modified_time\" content=\"2026-04-22T13:51:05+00:00\" \/>\n<meta property=\"og:image\" content=\"http:\/\/collectin.eu\/wp-content\/uploads\/2026\/04\/Untitled-design-2026-04-22T164717.956.png\" \/>\n\t<meta property=\"og:image:width\" content=\"1080\" \/>\n\t<meta property=\"og:image:height\" content=\"1080\" \/>\n\t<meta property=\"og:image:type\" content=\"image\/png\" \/>\n<meta name=\"twitter:card\" content=\"summary_large_image\" \/>\n<meta name=\"twitter:label1\" content=\"Est. reading time\" \/>\n\t<meta name=\"twitter:data1\" content=\"2 minutes\" \/>\n<script type=\"application\/ld+json\" class=\"yoast-schema-graph\">{\"@context\":\"https:\/\/schema.org\",\"@graph\":[{\"@type\":\"WebPage\",\"@id\":\"https:\/\/collectin.eu\/produktas\/lego-71457-pegasus-flying-horse\/\",\"url\":\"https:\/\/collectin.eu\/produktas\/lego-71457-pegasus-flying-horse\/\",\"name\":\"LEGO\u00ae 71457 Pegasus Flying Horse - Collectin.eu\",\"isPartOf\":{\"@id\":\"https:\/\/collectin.eu\/#website\"},\"primaryImageOfPage\":{\"@id\":\"https:\/\/collectin.eu\/produktas\/lego-71457-pegasus-flying-horse\/#primaryimage\"},\"image\":{\"@id\":\"https:\/\/collectin.eu\/produktas\/lego-71457-pegasus-flying-horse\/#primaryimage\"},\"thumbnailUrl\":\"https:\/\/collectin.eu\/wp-content\/uploads\/2026\/04\/Untitled-design-2026-04-22T164717.956.png\",\"datePublished\":\"2026-04-22T13:51:04+00:00\",\"dateModified\":\"2026-04-22T13:51:05+00:00\",\"description\":\"Leiskite vaikams nuo 8 met\u0173 pasinerti \u012f sapn\u0173 pasaul\u012f su \u0161iuo \u201eLEGO\u00ae DREAMZzz\u2122\u201c skraidan\u010dio pegaso (71457) konstravimo rinkiniu.\",\"breadcrumb\":{\"@id\":\"https:\/\/collectin.eu\/produktas\/lego-71457-pegasus-flying-horse\/#breadcrumb\"},\"inLanguage\":\"en-US\",\"potentialAction\":[{\"@type\":\"ReadAction\",\"target\":[\"https:\/\/collectin.eu\/produktas\/lego-71457-pegasus-flying-horse\/\"]}]},{\"@type\":\"ImageObject\",\"inLanguage\":\"en-US\",\"@id\":\"https:\/\/collectin.eu\/produktas\/lego-71457-pegasus-flying-horse\/#primaryimage\",\"url\":\"https:\/\/collectin.eu\/wp-content\/uploads\/2026\/04\/Untitled-design-2026-04-22T164717.956.png\",\"contentUrl\":\"https:\/\/collectin.eu\/wp-content\/uploads\/2026\/04\/Untitled-design-2026-04-22T164717.956.png\",\"width\":1080,\"height\":1080},{\"@type\":\"BreadcrumbList\",\"@id\":\"https:\/\/collectin.eu\/produktas\/lego-71457-pegasus-flying-horse\/#breadcrumb\",\"itemListElement\":[{\"@type\":\"ListItem\",\"position\":1,\"name\":\"Home\",\"item\":\"https:\/\/collectin.eu\/\"},{\"@type\":\"ListItem\",\"position\":2,\"name\":\"Parduotuv\u0117\",\"item\":\"https:\/\/collectin.eu\/parduotuve\/\"},{\"@type\":\"ListItem\",\"position\":3,\"name\":\"LEGO\u00ae 71457 Pegasus Flying Horse\"}]},{\"@type\":\"WebSite\",\"@id\":\"https:\/\/collectin.eu\/#website\",\"url\":\"https:\/\/collectin.eu\/\",\"name\":\"Collectin.eu\",\"description\":\"\",\"potentialAction\":[{\"@type\":\"SearchAction\",\"target\":{\"@type\":\"EntryPoint\",\"urlTemplate\":\"https:\/\/collectin.eu\/?s={search_term_string}\"},\"query-input\":{\"@type\":\"PropertyValueSpecification\",\"valueRequired\":true,\"valueName\":\"search_term_string\"}}],\"inLanguage\":\"en-US\"}]}<\/script>\n<!-- \/ Yoast SEO plugin. -->","yoast_head_json":{"title":"LEGO\u00ae 71457 Pegasus Flying Horse - Collectin.eu","description":"Leiskite vaikams nuo 8 met\u0173 pasinerti \u012f sapn\u0173 pasaul\u012f su \u0161iuo \u201eLEGO\u00ae DREAMZzz\u2122\u201c skraidan\u010dio pegaso (71457) konstravimo rinkiniu.","robots":{"index":"index","follow":"follow","max-snippet":"max-snippet:-1","max-image-preview":"max-image-preview:large","max-video-preview":"max-video-preview:-1"},"canonical":"https:\/\/collectin.eu\/en\/product\/lego-71457-pegasus-flying-horse\/","og_locale":"en_US","og_type":"article","og_title":"LEGO\u00ae 71457 Pegasus Flying Horse - Collectin.eu","og_description":"Leiskite vaikams nuo 8 met\u0173 pasinerti \u012f sapn\u0173 pasaul\u012f su \u0161iuo \u201eLEGO\u00ae DREAMZzz\u2122\u201c skraidan\u010dio pegaso (71457) konstravimo rinkiniu.","og_url":"https:\/\/collectin.eu\/en\/product\/lego-71457-pegasus-flying-horse\/","og_site_name":"Collectin.eu","article_modified_time":"2026-04-22T13:51:05+00:00","og_image":[{"width":1080,"height":1080,"url":"http:\/\/collectin.eu\/wp-content\/uploads\/2026\/04\/Untitled-design-2026-04-22T164717.956.png","type":"image\/png"}],"twitter_card":"summary_large_image","twitter_misc":{"Est. reading time":"2 minutes"},"schema":{"@context":"https:\/\/schema.org","@graph":[{"@type":"WebPage","@id":"https:\/\/collectin.eu\/produktas\/lego-71457-pegasus-flying-horse\/","url":"https:\/\/collectin.eu\/produktas\/lego-71457-pegasus-flying-horse\/","name":"LEGO\u00ae 71457 Pegasus Flying Horse - Collectin.eu","isPartOf":{"@id":"https:\/\/collectin.eu\/#website"},"primaryImageOfPage":{"@id":"https:\/\/collectin.eu\/produktas\/lego-71457-pegasus-flying-horse\/#primaryimage"},"image":{"@id":"https:\/\/collectin.eu\/produktas\/lego-71457-pegasus-flying-horse\/#primaryimage"},"thumbnailUrl":"https:\/\/collectin.eu\/wp-content\/uploads\/2026\/04\/Untitled-design-2026-04-22T164717.956.png","datePublished":"2026-04-22T13:51:04+00:00","dateModified":"2026-04-22T13:51:05+00:00","description":"Leiskite vaikams nuo 8 met\u0173 pasinerti \u012f sapn\u0173 pasaul\u012f su \u0161iuo \u201eLEGO\u00ae DREAMZzz\u2122\u201c skraidan\u010dio pegaso (71457) konstravimo rinkiniu.","breadcrumb":{"@id":"https:\/\/collectin.eu\/produktas\/lego-71457-pegasus-flying-horse\/#breadcrumb"},"inLanguage":"en-US","potentialAction":[{"@type":"ReadAction","target":["https:\/\/collectin.eu\/produktas\/lego-71457-pegasus-flying-horse\/"]}]},{"@type":"ImageObject","inLanguage":"en-US","@id":"https:\/\/collectin.eu\/produktas\/lego-71457-pegasus-flying-horse\/#primaryimage","url":"https:\/\/collectin.eu\/wp-content\/uploads\/2026\/04\/Untitled-design-2026-04-22T164717.956.png","contentUrl":"https:\/\/collectin.eu\/wp-content\/uploads\/2026\/04\/Untitled-design-2026-04-22T164717.956.png","width":1080,"height":1080},{"@type":"BreadcrumbList","@id":"https:\/\/collectin.eu\/produktas\/lego-71457-pegasus-flying-horse\/#breadcrumb","itemListElement":[{"@type":"ListItem","position":1,"name":"Home","item":"https:\/\/collectin.eu\/"},{"@type":"ListItem","position":2,"name":"Parduotuv\u0117","item":"https:\/\/collectin.eu\/parduotuve\/"},{"@type":"ListItem","position":3,"name":"LEGO\u00ae 71457 Pegasus Flying Horse"}]},{"@type":"WebSite","@id":"https:\/\/collectin.eu\/#website","url":"https:\/\/collectin.eu\/","name":"Collectin.eu","description":"","potentialAction":[{"@type":"SearchAction","target":{"@type":"EntryPoint","urlTemplate":"https:\/\/collectin.eu\/?s={search_term_string}"},"query-input":{"@type":"PropertyValueSpecification","valueRequired":true,"valueName":"search_term_string"}}],"inLanguage":"en-US"}]}},"jetpack_sharing_enabled":true,"_links":{"self":[{"href":"https:\/\/collectin.eu\/en\/wp-json\/wp\/v2\/product\/40849","targetHints":{"allow":["GET"]}}],"collection":[{"href":"https:\/\/collectin.eu\/en\/wp-json\/wp\/v2\/product"}],"about":[{"href":"https:\/\/collectin.eu\/en\/wp-json\/wp\/v2\/types\/product"}],"replies":[{"embeddable":true,"href":"https:\/\/collectin.eu\/en\/wp-json\/wp\/v2\/comments?post=40849"}],"version-history":[{"count":2,"href":"https:\/\/collectin.eu\/en\/wp-json\/wp\/v2\/product\/40849\/revisions"}],"predecessor-version":[{"id":40854,"href":"https:\/\/collectin.eu\/en\/wp-json\/wp\/v2\/product\/40849\/revisions\/40854"}],"wp:featuredmedia":[{"embeddable":true,"href":"https:\/\/collectin.eu\/en\/wp-json\/wp\/v2\/media\/40850"}],"wp:attachment":[{"href":"https:\/\/collectin.eu\/en\/wp-json\/wp\/v2\/media?parent=40849"}],"wp:term":[{"taxonomy":"product_brand","embeddable":true,"href":"https:\/\/collectin.eu\/en\/wp-json\/wp\/v2\/product_brand?post=40849"},{"taxonomy":"product_cat","embeddable":true,"href":"https:\/\/collectin.eu\/en\/wp-json\/wp\/v2\/product_cat?post=40849"},{"taxonomy":"product_tag","embeddable":true,"href":"https:\/\/collectin.eu\/en\/wp-json\/wp\/v2\/product_tag?post=40849"}],"curies":[{"name":"wp","href":"https:\/\/api.w.org\/{rel}","templated":true}]}}