{"id":40855,"date":"2026-04-22T13:57:17","date_gmt":"2026-04-22T13:57:17","guid":{"rendered":"https:\/\/collectin.eu\/?post_type=product&#038;p=40855"},"modified":"2026-04-22T13:57:17","modified_gmt":"2026-04-22T13:57:17","slug":"lego-21343-viking-village","status":"publish","type":"product","link":"https:\/\/collectin.eu\/en\/product\/lego-21343-viking-village\/","title":{"rendered":"LEGO\u00ae 21343 Viking Village"},"content":{"rendered":"<p>Sugr\u012f\u017ekite atgal \u012f praeit\u012f ir sukonstruokite bei patyrin\u0117kite itin detal\u0173 \u201eLEGO\u00ae Ideas\u201c viking\u0173 kaimo (21343) model\u012f, skirt\u0105 \u017eaisti ir eksponuoti. Modelis, kur\u012f sudaro 3 sujungiamos dalys \u2013 kalv\u0117, vado ilgasis namas ir sargybos bok\u0161tas, taip pat kalvio, vado, skydo mergel\u0117s ir lankininko minifig\u016br\u0117l\u0117s, atgaivinan\u010dios scen\u0105, \u2013 tobula dovana istorijos entuziastams.<\/p>\n<p>Pasigro\u017e\u0117kite detal\u0117mis<br \/>\nSusipa\u017einkite su \u017eavingomis modelio detal\u0117mis ir funkcijomis \u2013 liepsnos lie\u017euviais kalv\u0117je, skydais su 2 Odino varn\u0173 ir 2 vilk\u0173 atvaizdais, vado sostu, tiltu \u012f sargybos bok\u0161t\u0105 ir urvu, kuriame galima i\u0161gauti mineral\u0173. Atkreipkite d\u0117mes\u012f \u012f i\u0161 kalad\u0117li\u0173 sukonstruotas u\u017euominas apie kitus klasikinius LEGO viking\u0173 rinkinius. D\u0117\u017eut\u0117je ir program\u0117l\u0117je \u201eLEGO Builder\u201c rasite instrukcijas, pad\u0117sian\u010dias dr\u0105siai \u017eengti prasmingu k\u016brybiniu keliu.<\/p>\n<p>Konstravimo rinkiniai suaugusiesiems<br \/>\nSveiki atvyk\u0119 \u012f savo zon\u0105. LEGO rinkiniai suaugusiesiems\u00a0\u2013 tai kruop\u0161\u010diai atrinkt\u0173 auk\u0161\u010diausios kokyb\u0117s modeli\u0173 kolekcija. Kad ir koki\u0105 aistr\u0105 bepuosel\u0117tum\u0117te, j\u016bs\u0173 laukia \u012fdomus konstravimo projektas.<\/p>","protected":false},"excerpt":{"rendered":"<p>Sugr\u012f\u017ekite atgal \u012f praeit\u012f ir sukonstruokite bei patyrin\u0117kite itin detal\u0173 \u201eLEGO\u00ae Ideas\u201c viking\u0173 kaimo (21343) model\u012f, skirt\u0105 \u017eaisti ir eksponuoti.<\/p>","protected":false},"featured_media":40856,"comment_status":"open","ping_status":"closed","template":"","meta":[],"product_brand":[423],"product_cat":[677,406,522],"product_tag":[],"class_list":{"0":"post-40855","1":"product","2":"type-product","3":"status-publish","4":"has-post-thumbnail","6":"product_brand-lego","7":"product_cat-lego-konstruktoriai","8":"product_cat-lego","9":"product_cat-lego-ideas","11":"first","12":"instock","13":"taxable","14":"shipping-taxable","15":"purchasable","16":"product-type-simple"},"yoast_head":"<!-- This site is optimized with the Yoast SEO plugin v25.9 - https:\/\/yoast.com\/wordpress\/plugins\/seo\/ -->\n<title>LEGO\u00ae 21343 Viking Village - Collectin.eu<\/title>\n<meta name=\"description\" content=\"Sugr\u012f\u017ekite atgal \u012f praeit\u012f ir sukonstruokite bei patyrin\u0117kite itin detal\u0173 \u201eLEGO\u00ae Ideas\u201c viking\u0173 kaimo (21343) model\u012f, skirt\u0105 \u017eaisti ir eksponuoti.\" \/>\n<meta name=\"robots\" content=\"index, follow, max-snippet:-1, max-image-preview:large, max-video-preview:-1\" \/>\n<link rel=\"canonical\" href=\"https:\/\/collectin.eu\/en\/product\/lego-21343-viking-village\/\" \/>\n<meta property=\"og:locale\" content=\"en_US\" \/>\n<meta property=\"og:type\" content=\"article\" \/>\n<meta property=\"og:title\" content=\"LEGO\u00ae 21343 Viking Village - Collectin.eu\" \/>\n<meta property=\"og:description\" content=\"Sugr\u012f\u017ekite atgal \u012f praeit\u012f ir sukonstruokite bei patyrin\u0117kite itin detal\u0173 \u201eLEGO\u00ae Ideas\u201c viking\u0173 kaimo (21343) model\u012f, skirt\u0105 \u017eaisti ir eksponuoti.\" \/>\n<meta property=\"og:url\" content=\"https:\/\/collectin.eu\/en\/product\/lego-21343-viking-village\/\" \/>\n<meta property=\"og:site_name\" content=\"Collectin.eu\" \/>\n<meta property=\"og:image\" content=\"http:\/\/collectin.eu\/wp-content\/uploads\/2026\/04\/Untitled-design-2026-04-22T165352.854.png\" \/>\n\t<meta property=\"og:image:width\" content=\"1080\" \/>\n\t<meta property=\"og:image:height\" content=\"1080\" \/>\n\t<meta property=\"og:image:type\" content=\"image\/png\" \/>\n<meta name=\"twitter:card\" content=\"summary_large_image\" \/>\n<meta name=\"twitter:label1\" content=\"Est. reading time\" \/>\n\t<meta name=\"twitter:data1\" content=\"1 minute\" \/>\n<script type=\"application\/ld+json\" class=\"yoast-schema-graph\">{\"@context\":\"https:\/\/schema.org\",\"@graph\":[{\"@type\":\"WebPage\",\"@id\":\"https:\/\/collectin.eu\/produktas\/lego-21343-viking-village\/\",\"url\":\"https:\/\/collectin.eu\/produktas\/lego-21343-viking-village\/\",\"name\":\"LEGO\u00ae 21343 Viking Village - Collectin.eu\",\"isPartOf\":{\"@id\":\"https:\/\/collectin.eu\/#website\"},\"primaryImageOfPage\":{\"@id\":\"https:\/\/collectin.eu\/produktas\/lego-21343-viking-village\/#primaryimage\"},\"image\":{\"@id\":\"https:\/\/collectin.eu\/produktas\/lego-21343-viking-village\/#primaryimage\"},\"thumbnailUrl\":\"https:\/\/collectin.eu\/wp-content\/uploads\/2026\/04\/Untitled-design-2026-04-22T165352.854.png\",\"datePublished\":\"2026-04-22T13:57:17+00:00\",\"description\":\"Sugr\u012f\u017ekite atgal \u012f praeit\u012f ir sukonstruokite bei patyrin\u0117kite itin detal\u0173 \u201eLEGO\u00ae Ideas\u201c viking\u0173 kaimo (21343) model\u012f, skirt\u0105 \u017eaisti ir eksponuoti.\",\"breadcrumb\":{\"@id\":\"https:\/\/collectin.eu\/produktas\/lego-21343-viking-village\/#breadcrumb\"},\"inLanguage\":\"en-US\",\"potentialAction\":[{\"@type\":\"ReadAction\",\"target\":[\"https:\/\/collectin.eu\/produktas\/lego-21343-viking-village\/\"]}]},{\"@type\":\"ImageObject\",\"inLanguage\":\"en-US\",\"@id\":\"https:\/\/collectin.eu\/produktas\/lego-21343-viking-village\/#primaryimage\",\"url\":\"https:\/\/collectin.eu\/wp-content\/uploads\/2026\/04\/Untitled-design-2026-04-22T165352.854.png\",\"contentUrl\":\"https:\/\/collectin.eu\/wp-content\/uploads\/2026\/04\/Untitled-design-2026-04-22T165352.854.png\",\"width\":1080,\"height\":1080},{\"@type\":\"BreadcrumbList\",\"@id\":\"https:\/\/collectin.eu\/produktas\/lego-21343-viking-village\/#breadcrumb\",\"itemListElement\":[{\"@type\":\"ListItem\",\"position\":1,\"name\":\"Home\",\"item\":\"https:\/\/collectin.eu\/\"},{\"@type\":\"ListItem\",\"position\":2,\"name\":\"Parduotuv\u0117\",\"item\":\"https:\/\/collectin.eu\/parduotuve\/\"},{\"@type\":\"ListItem\",\"position\":3,\"name\":\"LEGO\u00ae 21343 Viking Village\"}]},{\"@type\":\"WebSite\",\"@id\":\"https:\/\/collectin.eu\/#website\",\"url\":\"https:\/\/collectin.eu\/\",\"name\":\"Collectin.eu\",\"description\":\"\",\"potentialAction\":[{\"@type\":\"SearchAction\",\"target\":{\"@type\":\"EntryPoint\",\"urlTemplate\":\"https:\/\/collectin.eu\/?s={search_term_string}\"},\"query-input\":{\"@type\":\"PropertyValueSpecification\",\"valueRequired\":true,\"valueName\":\"search_term_string\"}}],\"inLanguage\":\"en-US\"}]}<\/script>\n<!-- \/ Yoast SEO plugin. -->","yoast_head_json":{"title":"LEGO\u00ae 21343 Viking Village - Collectin.eu","description":"Sugr\u012f\u017ekite atgal \u012f praeit\u012f ir sukonstruokite bei patyrin\u0117kite itin detal\u0173 \u201eLEGO\u00ae Ideas\u201c viking\u0173 kaimo (21343) model\u012f, skirt\u0105 \u017eaisti ir eksponuoti.","robots":{"index":"index","follow":"follow","max-snippet":"max-snippet:-1","max-image-preview":"max-image-preview:large","max-video-preview":"max-video-preview:-1"},"canonical":"https:\/\/collectin.eu\/en\/product\/lego-21343-viking-village\/","og_locale":"en_US","og_type":"article","og_title":"LEGO\u00ae 21343 Viking Village - Collectin.eu","og_description":"Sugr\u012f\u017ekite atgal \u012f praeit\u012f ir sukonstruokite bei patyrin\u0117kite itin detal\u0173 \u201eLEGO\u00ae Ideas\u201c viking\u0173 kaimo (21343) model\u012f, skirt\u0105 \u017eaisti ir eksponuoti.","og_url":"https:\/\/collectin.eu\/en\/product\/lego-21343-viking-village\/","og_site_name":"Collectin.eu","og_image":[{"width":1080,"height":1080,"url":"http:\/\/collectin.eu\/wp-content\/uploads\/2026\/04\/Untitled-design-2026-04-22T165352.854.png","type":"image\/png"}],"twitter_card":"summary_large_image","twitter_misc":{"Est. reading time":"1 minute"},"schema":{"@context":"https:\/\/schema.org","@graph":[{"@type":"WebPage","@id":"https:\/\/collectin.eu\/produktas\/lego-21343-viking-village\/","url":"https:\/\/collectin.eu\/produktas\/lego-21343-viking-village\/","name":"LEGO\u00ae 21343 Viking Village - Collectin.eu","isPartOf":{"@id":"https:\/\/collectin.eu\/#website"},"primaryImageOfPage":{"@id":"https:\/\/collectin.eu\/produktas\/lego-21343-viking-village\/#primaryimage"},"image":{"@id":"https:\/\/collectin.eu\/produktas\/lego-21343-viking-village\/#primaryimage"},"thumbnailUrl":"https:\/\/collectin.eu\/wp-content\/uploads\/2026\/04\/Untitled-design-2026-04-22T165352.854.png","datePublished":"2026-04-22T13:57:17+00:00","description":"Sugr\u012f\u017ekite atgal \u012f praeit\u012f ir sukonstruokite bei patyrin\u0117kite itin detal\u0173 \u201eLEGO\u00ae Ideas\u201c viking\u0173 kaimo (21343) model\u012f, skirt\u0105 \u017eaisti ir eksponuoti.","breadcrumb":{"@id":"https:\/\/collectin.eu\/produktas\/lego-21343-viking-village\/#breadcrumb"},"inLanguage":"en-US","potentialAction":[{"@type":"ReadAction","target":["https:\/\/collectin.eu\/produktas\/lego-21343-viking-village\/"]}]},{"@type":"ImageObject","inLanguage":"en-US","@id":"https:\/\/collectin.eu\/produktas\/lego-21343-viking-village\/#primaryimage","url":"https:\/\/collectin.eu\/wp-content\/uploads\/2026\/04\/Untitled-design-2026-04-22T165352.854.png","contentUrl":"https:\/\/collectin.eu\/wp-content\/uploads\/2026\/04\/Untitled-design-2026-04-22T165352.854.png","width":1080,"height":1080},{"@type":"BreadcrumbList","@id":"https:\/\/collectin.eu\/produktas\/lego-21343-viking-village\/#breadcrumb","itemListElement":[{"@type":"ListItem","position":1,"name":"Home","item":"https:\/\/collectin.eu\/"},{"@type":"ListItem","position":2,"name":"Parduotuv\u0117","item":"https:\/\/collectin.eu\/parduotuve\/"},{"@type":"ListItem","position":3,"name":"LEGO\u00ae 21343 Viking Village"}]},{"@type":"WebSite","@id":"https:\/\/collectin.eu\/#website","url":"https:\/\/collectin.eu\/","name":"Collectin.eu","description":"","potentialAction":[{"@type":"SearchAction","target":{"@type":"EntryPoint","urlTemplate":"https:\/\/collectin.eu\/?s={search_term_string}"},"query-input":{"@type":"PropertyValueSpecification","valueRequired":true,"valueName":"search_term_string"}}],"inLanguage":"en-US"}]}},"jetpack_sharing_enabled":true,"_links":{"self":[{"href":"https:\/\/collectin.eu\/en\/wp-json\/wp\/v2\/product\/40855","targetHints":{"allow":["GET"]}}],"collection":[{"href":"https:\/\/collectin.eu\/en\/wp-json\/wp\/v2\/product"}],"about":[{"href":"https:\/\/collectin.eu\/en\/wp-json\/wp\/v2\/types\/product"}],"replies":[{"embeddable":true,"href":"https:\/\/collectin.eu\/en\/wp-json\/wp\/v2\/comments?post=40855"}],"version-history":[{"count":2,"href":"https:\/\/collectin.eu\/en\/wp-json\/wp\/v2\/product\/40855\/revisions"}],"predecessor-version":[{"id":40860,"href":"https:\/\/collectin.eu\/en\/wp-json\/wp\/v2\/product\/40855\/revisions\/40860"}],"wp:featuredmedia":[{"embeddable":true,"href":"https:\/\/collectin.eu\/en\/wp-json\/wp\/v2\/media\/40856"}],"wp:attachment":[{"href":"https:\/\/collectin.eu\/en\/wp-json\/wp\/v2\/media?parent=40855"}],"wp:term":[{"taxonomy":"product_brand","embeddable":true,"href":"https:\/\/collectin.eu\/en\/wp-json\/wp\/v2\/product_brand?post=40855"},{"taxonomy":"product_cat","embeddable":true,"href":"https:\/\/collectin.eu\/en\/wp-json\/wp\/v2\/product_cat?post=40855"},{"taxonomy":"product_tag","embeddable":true,"href":"https:\/\/collectin.eu\/en\/wp-json\/wp\/v2\/product_tag?post=40855"}],"curies":[{"name":"wp","href":"https:\/\/api.w.org\/{rel}","templated":true}]}}