{"id":40861,"date":"2026-04-22T14:09:32","date_gmt":"2026-04-22T14:09:32","guid":{"rendered":"https:\/\/collectin.eu\/?post_type=product&#038;p=40861"},"modified":"2026-04-22T14:09:32","modified_gmt":"2026-04-22T14:09:32","slug":"lego-11010-white-baseplate","status":"publish","type":"product","link":"https:\/\/collectin.eu\/en\/product\/lego-11010-white-baseplate\/","title":{"rendered":"LEGO\u00ae 11010 White Baseplate"},"content":{"rendered":"<p>LEGO\u00ae Classic White Baseplate (11010) \u2013 tai nepakei\u010diamas pagrindas bet kurio LEGO entuziasto k\u016brybai, suteikiantis tvirt\u0105 ir kokybi\u0161k\u0105 atram\u0105 patiems \u012fvairiausiems projektams. \u0160i 25 cm x 25 cm dyd\u017eio (32&#215;32 i\u0161ky\u0161\u0173) balta plok\u0161t\u0117 tampa tobula drobe, kurioje gali i\u0161kilti apsnigti kalnai, u\u017e\u0161al\u0119 e\u017eerai, erdv\u0117laivi\u0173 baz\u0117s tolimose planetose ar modern\u016bs miesto rajonai. D\u0117l savo neutralios ir ry\u0161kios spalvos ji suteikia konstruojamiems modeliams esteti\u0161kos \u0161varos poj\u016bt\u012f ir leid\u017eia ry\u0161kiau i\u0161siskirti spalvotoms kalad\u0117l\u0117ms. Plok\u0161t\u0117 sukurta taip, kad patikimai i\u0161laikyt\u0173 konstrukcijas bet kokiu kampu, tod\u0117l j\u016bs\u0173 sukurti statiniai i\u0161liks stabil\u016bs tiek intensyvaus \u017eaidimo metu, tiek eksponuojant juos kolekcijoje. Tai paprastas, bet esminis elementas, kuris praple\u010dia k\u016brybi\u0161kumo ribas ir tampa pirm\u0105ja detale kelyje \u012f naujus, fantazijos kupinus LEGO nuotykius.<\/p>","protected":false},"excerpt":{"rendered":"<p>LEGO\u00ae Classic White Baseplate (11010) \u2013 tai nepakei\u010diamas pagrindas bet kurio LEGO entuziasto k\u016brybai, suteikiantis tvirt\u0105 ir kokybi\u0161k\u0105 atram\u0105 patiems<\/p>","protected":false},"featured_media":40862,"comment_status":"open","ping_status":"closed","template":"","meta":[],"product_brand":[423],"product_cat":[677,406,687],"product_tag":[],"class_list":{"0":"post-40861","1":"product","2":"type-product","3":"status-publish","4":"has-post-thumbnail","6":"product_brand-lego","7":"product_cat-lego-konstruktoriai","8":"product_cat-lego","9":"product_cat-lego-classic","11":"first","12":"instock","13":"taxable","14":"shipping-taxable","15":"purchasable","16":"product-type-simple"},"yoast_head":"<!-- This site is optimized with the Yoast SEO plugin v27.4 - https:\/\/yoast.com\/product\/yoast-seo-wordpress\/ -->\n<title>LEGO\u00ae 11010 White Baseplate - Collectin.eu<\/title>\n<meta name=\"description\" content=\"LEGO\u00ae Classic White Baseplate (11010) \u2013 tai nepakei\u010diamas pagrindas bet kurio LEGO entuziasto k\u016brybai, suteikiantis tvirt\u0105 ir kokybi\u0161k\u0105 atram\u0105 patiems \u012fvairiausiems projektams.\" \/>\n<meta name=\"robots\" content=\"index, follow, max-snippet:-1, max-image-preview:large, max-video-preview:-1\" \/>\n<link rel=\"canonical\" href=\"https:\/\/collectin.eu\/en\/product\/lego-11010-white-baseplate\/\" \/>\n<meta property=\"og:locale\" content=\"en_US\" \/>\n<meta property=\"og:type\" content=\"article\" \/>\n<meta property=\"og:title\" content=\"LEGO\u00ae 11010 White Baseplate - Collectin.eu\" \/>\n<meta property=\"og:description\" content=\"LEGO\u00ae Classic White Baseplate (11010) \u2013 tai nepakei\u010diamas pagrindas bet kurio LEGO entuziasto k\u016brybai, suteikiantis tvirt\u0105 ir kokybi\u0161k\u0105 atram\u0105 patiems \u012fvairiausiems projektams.\" \/>\n<meta property=\"og:url\" content=\"https:\/\/collectin.eu\/en\/product\/lego-11010-white-baseplate\/\" \/>\n<meta property=\"og:site_name\" content=\"Collectin.eu\" \/>\n<meta property=\"og:image\" content=\"http:\/\/collectin.eu\/wp-content\/uploads\/2026\/04\/Untitled-design-2026-04-22T170517.659.png\" \/>\n\t<meta property=\"og:image:width\" content=\"1080\" \/>\n\t<meta property=\"og:image:height\" content=\"1080\" \/>\n\t<meta property=\"og:image:type\" content=\"image\/png\" \/>\n<meta name=\"twitter:card\" content=\"summary_large_image\" \/>\n<meta name=\"twitter:label1\" content=\"Est. reading time\" \/>\n\t<meta name=\"twitter:data1\" content=\"1 minute\" \/>\n<script type=\"application\/ld+json\" class=\"yoast-schema-graph\">{\"@context\":\"https:\\\/\\\/schema.org\",\"@graph\":[{\"@type\":\"WebPage\",\"@id\":\"https:\\\/\\\/collectin.eu\\\/produktas\\\/lego-11010-white-baseplate\\\/\",\"url\":\"https:\\\/\\\/collectin.eu\\\/produktas\\\/lego-11010-white-baseplate\\\/\",\"name\":\"LEGO\u00ae 11010 White Baseplate - Collectin.eu\",\"isPartOf\":{\"@id\":\"https:\\\/\\\/collectin.eu\\\/#website\"},\"primaryImageOfPage\":{\"@id\":\"https:\\\/\\\/collectin.eu\\\/produktas\\\/lego-11010-white-baseplate\\\/#primaryimage\"},\"image\":{\"@id\":\"https:\\\/\\\/collectin.eu\\\/produktas\\\/lego-11010-white-baseplate\\\/#primaryimage\"},\"thumbnailUrl\":\"https:\\\/\\\/collectin.eu\\\/wp-content\\\/uploads\\\/2026\\\/04\\\/Untitled-design-2026-04-22T170517.659.png\",\"datePublished\":\"2026-04-22T14:09:32+00:00\",\"description\":\"LEGO\u00ae Classic White Baseplate (11010) \u2013 tai nepakei\u010diamas pagrindas bet kurio LEGO entuziasto k\u016brybai, suteikiantis tvirt\u0105 ir kokybi\u0161k\u0105 atram\u0105 patiems \u012fvairiausiems projektams.\",\"breadcrumb\":{\"@id\":\"https:\\\/\\\/collectin.eu\\\/produktas\\\/lego-11010-white-baseplate\\\/#breadcrumb\"},\"inLanguage\":\"en-US\",\"potentialAction\":[{\"@type\":\"ReadAction\",\"target\":[\"https:\\\/\\\/collectin.eu\\\/produktas\\\/lego-11010-white-baseplate\\\/\"]}]},{\"@type\":\"ImageObject\",\"inLanguage\":\"en-US\",\"@id\":\"https:\\\/\\\/collectin.eu\\\/produktas\\\/lego-11010-white-baseplate\\\/#primaryimage\",\"url\":\"https:\\\/\\\/collectin.eu\\\/wp-content\\\/uploads\\\/2026\\\/04\\\/Untitled-design-2026-04-22T170517.659.png\",\"contentUrl\":\"https:\\\/\\\/collectin.eu\\\/wp-content\\\/uploads\\\/2026\\\/04\\\/Untitled-design-2026-04-22T170517.659.png\",\"width\":1080,\"height\":1080},{\"@type\":\"BreadcrumbList\",\"@id\":\"https:\\\/\\\/collectin.eu\\\/produktas\\\/lego-11010-white-baseplate\\\/#breadcrumb\",\"itemListElement\":[{\"@type\":\"ListItem\",\"position\":1,\"name\":\"Home\",\"item\":\"https:\\\/\\\/collectin.eu\\\/\"},{\"@type\":\"ListItem\",\"position\":2,\"name\":\"Parduotuv\u0117\",\"item\":\"https:\\\/\\\/collectin.eu\\\/parduotuve\\\/\"},{\"@type\":\"ListItem\",\"position\":3,\"name\":\"LEGO\u00ae 11010 White Baseplate\"}]},{\"@type\":\"WebSite\",\"@id\":\"https:\\\/\\\/collectin.eu\\\/#website\",\"url\":\"https:\\\/\\\/collectin.eu\\\/\",\"name\":\"Collectin.eu\",\"description\":\"\",\"potentialAction\":[{\"@type\":\"SearchAction\",\"target\":{\"@type\":\"EntryPoint\",\"urlTemplate\":\"https:\\\/\\\/collectin.eu\\\/?s={search_term_string}\"},\"query-input\":{\"@type\":\"PropertyValueSpecification\",\"valueRequired\":true,\"valueName\":\"search_term_string\"}}],\"inLanguage\":\"en-US\"}]}<\/script>\n<!-- \/ Yoast SEO plugin. -->","yoast_head_json":{"title":"LEGO\u00ae 11010 White Baseplate - Collectin.eu","description":"LEGO\u00ae Classic White Baseplate (11010) \u2013 tai nepakei\u010diamas pagrindas bet kurio LEGO entuziasto k\u016brybai, suteikiantis tvirt\u0105 ir kokybi\u0161k\u0105 atram\u0105 patiems \u012fvairiausiems projektams.","robots":{"index":"index","follow":"follow","max-snippet":"max-snippet:-1","max-image-preview":"max-image-preview:large","max-video-preview":"max-video-preview:-1"},"canonical":"https:\/\/collectin.eu\/en\/product\/lego-11010-white-baseplate\/","og_locale":"en_US","og_type":"article","og_title":"LEGO\u00ae 11010 White Baseplate - Collectin.eu","og_description":"LEGO\u00ae Classic White Baseplate (11010) \u2013 tai nepakei\u010diamas pagrindas bet kurio LEGO entuziasto k\u016brybai, suteikiantis tvirt\u0105 ir kokybi\u0161k\u0105 atram\u0105 patiems \u012fvairiausiems projektams.","og_url":"https:\/\/collectin.eu\/en\/product\/lego-11010-white-baseplate\/","og_site_name":"Collectin.eu","og_image":[{"width":1080,"height":1080,"url":"http:\/\/collectin.eu\/wp-content\/uploads\/2026\/04\/Untitled-design-2026-04-22T170517.659.png","type":"image\/png"}],"twitter_card":"summary_large_image","twitter_misc":{"Est. reading time":"1 minute"},"schema":{"@context":"https:\/\/schema.org","@graph":[{"@type":"WebPage","@id":"https:\/\/collectin.eu\/produktas\/lego-11010-white-baseplate\/","url":"https:\/\/collectin.eu\/produktas\/lego-11010-white-baseplate\/","name":"LEGO\u00ae 11010 White Baseplate - Collectin.eu","isPartOf":{"@id":"https:\/\/collectin.eu\/#website"},"primaryImageOfPage":{"@id":"https:\/\/collectin.eu\/produktas\/lego-11010-white-baseplate\/#primaryimage"},"image":{"@id":"https:\/\/collectin.eu\/produktas\/lego-11010-white-baseplate\/#primaryimage"},"thumbnailUrl":"https:\/\/collectin.eu\/wp-content\/uploads\/2026\/04\/Untitled-design-2026-04-22T170517.659.png","datePublished":"2026-04-22T14:09:32+00:00","description":"LEGO\u00ae Classic White Baseplate (11010) \u2013 tai nepakei\u010diamas pagrindas bet kurio LEGO entuziasto k\u016brybai, suteikiantis tvirt\u0105 ir kokybi\u0161k\u0105 atram\u0105 patiems \u012fvairiausiems projektams.","breadcrumb":{"@id":"https:\/\/collectin.eu\/produktas\/lego-11010-white-baseplate\/#breadcrumb"},"inLanguage":"en-US","potentialAction":[{"@type":"ReadAction","target":["https:\/\/collectin.eu\/produktas\/lego-11010-white-baseplate\/"]}]},{"@type":"ImageObject","inLanguage":"en-US","@id":"https:\/\/collectin.eu\/produktas\/lego-11010-white-baseplate\/#primaryimage","url":"https:\/\/collectin.eu\/wp-content\/uploads\/2026\/04\/Untitled-design-2026-04-22T170517.659.png","contentUrl":"https:\/\/collectin.eu\/wp-content\/uploads\/2026\/04\/Untitled-design-2026-04-22T170517.659.png","width":1080,"height":1080},{"@type":"BreadcrumbList","@id":"https:\/\/collectin.eu\/produktas\/lego-11010-white-baseplate\/#breadcrumb","itemListElement":[{"@type":"ListItem","position":1,"name":"Home","item":"https:\/\/collectin.eu\/"},{"@type":"ListItem","position":2,"name":"Parduotuv\u0117","item":"https:\/\/collectin.eu\/parduotuve\/"},{"@type":"ListItem","position":3,"name":"LEGO\u00ae 11010 White Baseplate"}]},{"@type":"WebSite","@id":"https:\/\/collectin.eu\/#website","url":"https:\/\/collectin.eu\/","name":"Collectin.eu","description":"","potentialAction":[{"@type":"SearchAction","target":{"@type":"EntryPoint","urlTemplate":"https:\/\/collectin.eu\/?s={search_term_string}"},"query-input":{"@type":"PropertyValueSpecification","valueRequired":true,"valueName":"search_term_string"}}],"inLanguage":"en-US"}]}},"jetpack_sharing_enabled":true,"_links":{"self":[{"href":"https:\/\/collectin.eu\/en\/wp-json\/wp\/v2\/product\/40861","targetHints":{"allow":["GET"]}}],"collection":[{"href":"https:\/\/collectin.eu\/en\/wp-json\/wp\/v2\/product"}],"about":[{"href":"https:\/\/collectin.eu\/en\/wp-json\/wp\/v2\/types\/product"}],"replies":[{"embeddable":true,"href":"https:\/\/collectin.eu\/en\/wp-json\/wp\/v2\/comments?post=40861"}],"version-history":[{"count":2,"href":"https:\/\/collectin.eu\/en\/wp-json\/wp\/v2\/product\/40861\/revisions"}],"predecessor-version":[{"id":40864,"href":"https:\/\/collectin.eu\/en\/wp-json\/wp\/v2\/product\/40861\/revisions\/40864"}],"wp:featuredmedia":[{"embeddable":true,"href":"https:\/\/collectin.eu\/en\/wp-json\/wp\/v2\/media\/40862"}],"wp:attachment":[{"href":"https:\/\/collectin.eu\/en\/wp-json\/wp\/v2\/media?parent=40861"}],"wp:term":[{"taxonomy":"product_brand","embeddable":true,"href":"https:\/\/collectin.eu\/en\/wp-json\/wp\/v2\/product_brand?post=40861"},{"taxonomy":"product_cat","embeddable":true,"href":"https:\/\/collectin.eu\/en\/wp-json\/wp\/v2\/product_cat?post=40861"},{"taxonomy":"product_tag","embeddable":true,"href":"https:\/\/collectin.eu\/en\/wp-json\/wp\/v2\/product_tag?post=40861"}],"curies":[{"name":"wp","href":"https:\/\/api.w.org\/{rel}","templated":true}]}}