{"id":40865,"date":"2026-04-22T14:16:27","date_gmt":"2026-04-22T14:16:27","guid":{"rendered":"https:\/\/collectin.eu\/?post_type=product&#038;p=40865"},"modified":"2026-04-22T14:16:27","modified_gmt":"2026-04-22T14:16:27","slug":"lego-76992-amys-animal-rescue-island","status":"publish","type":"product","link":"https:\/\/collectin.eu\/en\/product\/lego-76992-amys-animal-rescue-island\/","title":{"rendered":"LEGO\u00ae 76992 Amy&#8217;s Animal Rescue Island"},"content":{"rendered":"<p>Su \u0161iuo LEGO\u00ae \u201eSonic the Hedgehog\u2122\u201c Amy gyv\u016bn\u0173 gelb\u0117jimo tarnybos salos (76992) rinkiniu vaikai nuo 7 met\u0173, dievinantys Sonik\u0105 ir gyv\u016bn\u0173 prie\u017ei\u016br\u0105, patirs daug linksmybi\u0173. Vaikams bus paprasta \u017eaisti k\u016brybinius \u017eaidimus tyrin\u0117jant sal\u0105 ir padedant Eimei bei Uodegiui r\u016bpintis salos gyv\u016bnais. Persona\u017eai gali linksmai \u010diuo\u017ein\u0117ti \u010diuo\u017eyne \u012f basein\u0105, statyti sm\u0117lio pilis ir suptis karusel\u0117je.<\/p>\n<p>Daugyb\u0117 atradim\u0173<br \/>\nNaudodamiesi pakeliamu tiltu ir kriokliu-sp\u0105stais vaikai nugal\u0117s badnik\u0105, bandant\u012f pavogti gyv\u016bnus. Saloje taip pat yra slaptas \u012f\u0117jimas, vedantis \u012f virtuv\u0119 ir miegojimo zonas, kuriose vaikai gali r\u016bpintis i\u0161gelb\u0117tais gyv\u016bnais.<\/p>\n<p>Daugyb\u0117 \u017eaidimo variant\u0173<br \/>\nLEGO \u201eSonic the Hedgehog\u2122\u201c \u017eaidimo rinkiniuose susijungia greitas veiksmas ir k\u016brybi\u0161kas \u017eaidimas. M\u0117lynojo velnio gerb\u0117jai gali kurti j\u0173 m\u0117gstamo persona\u017eo Soniko nuotyki\u0173 \u012fkv\u0117ptas scenas. At\u0117jus laikui sul\u0117tinti \u017eaidimo temp\u0105 vaikai gali m\u0117gautis k\u016brybi\u0161ku \u017eaidimu r\u016bpindamiesi Soniko draugais gyv\u016bnais.<\/p>","protected":false},"excerpt":{"rendered":"<p>Su \u0161iuo LEGO\u00ae \u201eSonic the Hedgehog\u2122\u201c Amy gyv\u016bn\u0173 gelb\u0117jimo tarnybos salos (76992) rinkiniu vaikai nuo 7 met\u0173, dievinantys Sonik\u0105 ir<\/p>","protected":false},"featured_media":40866,"comment_status":"open","ping_status":"closed","template":"","meta":[],"product_brand":[423],"product_cat":[677,406,689],"product_tag":[],"class_list":{"0":"post-40865","1":"product","2":"type-product","3":"status-publish","4":"has-post-thumbnail","6":"product_brand-lego","7":"product_cat-lego-konstruktoriai","8":"product_cat-lego","9":"product_cat-lego-sonic-the-hedgehog","11":"first","12":"instock","13":"taxable","14":"shipping-taxable","15":"purchasable","16":"product-type-simple"},"yoast_head":"<!-- This site is optimized with the Yoast SEO plugin v27.4 - https:\/\/yoast.com\/product\/yoast-seo-wordpress\/ -->\n<title>LEGO\u00ae 76992 Amy&#039;s Animal Rescue Island - Collectin.eu<\/title>\n<meta name=\"description\" content=\"Su \u0161iuo LEGO\u00ae \u201eSonic the Hedgehog\u2122\u201c Amy gyv\u016bn\u0173 gelb\u0117jimo tarnybos salos (76992) rinkiniu vaikai nuo 7 met\u0173, dievinantys Sonik\u0105 ir gyv\u016bn\u0173 prie\u017ei\u016br\u0105.\" \/>\n<meta name=\"robots\" content=\"index, follow, max-snippet:-1, max-image-preview:large, max-video-preview:-1\" \/>\n<link rel=\"canonical\" href=\"https:\/\/collectin.eu\/en\/product\/lego-76992-amys-animal-rescue-island\/\" \/>\n<meta property=\"og:locale\" content=\"en_US\" \/>\n<meta property=\"og:type\" content=\"article\" \/>\n<meta property=\"og:title\" content=\"LEGO\u00ae 76992 Amy&#039;s Animal Rescue Island - Collectin.eu\" \/>\n<meta property=\"og:description\" content=\"Su \u0161iuo LEGO\u00ae \u201eSonic the Hedgehog\u2122\u201c Amy gyv\u016bn\u0173 gelb\u0117jimo tarnybos salos (76992) rinkiniu vaikai nuo 7 met\u0173, dievinantys Sonik\u0105 ir gyv\u016bn\u0173 prie\u017ei\u016br\u0105.\" \/>\n<meta property=\"og:url\" content=\"https:\/\/collectin.eu\/en\/product\/lego-76992-amys-animal-rescue-island\/\" \/>\n<meta property=\"og:site_name\" content=\"Collectin.eu\" \/>\n<meta property=\"og:image\" content=\"http:\/\/collectin.eu\/wp-content\/uploads\/2026\/04\/Untitled-design-2026-04-22T171218.452.png\" \/>\n\t<meta property=\"og:image:width\" content=\"1080\" \/>\n\t<meta property=\"og:image:height\" content=\"1080\" \/>\n\t<meta property=\"og:image:type\" content=\"image\/png\" \/>\n<meta name=\"twitter:card\" content=\"summary_large_image\" \/>\n<meta name=\"twitter:label1\" content=\"Est. reading time\" \/>\n\t<meta name=\"twitter:data1\" content=\"1 minute\" \/>\n<script type=\"application\/ld+json\" class=\"yoast-schema-graph\">{\"@context\":\"https:\\\/\\\/schema.org\",\"@graph\":[{\"@type\":\"WebPage\",\"@id\":\"https:\\\/\\\/collectin.eu\\\/produktas\\\/lego-76992-amys-animal-rescue-island\\\/\",\"url\":\"https:\\\/\\\/collectin.eu\\\/produktas\\\/lego-76992-amys-animal-rescue-island\\\/\",\"name\":\"LEGO\u00ae 76992 Amy's Animal Rescue Island - Collectin.eu\",\"isPartOf\":{\"@id\":\"https:\\\/\\\/collectin.eu\\\/#website\"},\"primaryImageOfPage\":{\"@id\":\"https:\\\/\\\/collectin.eu\\\/produktas\\\/lego-76992-amys-animal-rescue-island\\\/#primaryimage\"},\"image\":{\"@id\":\"https:\\\/\\\/collectin.eu\\\/produktas\\\/lego-76992-amys-animal-rescue-island\\\/#primaryimage\"},\"thumbnailUrl\":\"https:\\\/\\\/collectin.eu\\\/wp-content\\\/uploads\\\/2026\\\/04\\\/Untitled-design-2026-04-22T171218.452.png\",\"datePublished\":\"2026-04-22T14:16:27+00:00\",\"description\":\"Su \u0161iuo LEGO\u00ae \u201eSonic the Hedgehog\u2122\u201c Amy gyv\u016bn\u0173 gelb\u0117jimo tarnybos salos (76992) rinkiniu vaikai nuo 7 met\u0173, dievinantys Sonik\u0105 ir gyv\u016bn\u0173 prie\u017ei\u016br\u0105.\",\"breadcrumb\":{\"@id\":\"https:\\\/\\\/collectin.eu\\\/produktas\\\/lego-76992-amys-animal-rescue-island\\\/#breadcrumb\"},\"inLanguage\":\"en-US\",\"potentialAction\":[{\"@type\":\"ReadAction\",\"target\":[\"https:\\\/\\\/collectin.eu\\\/produktas\\\/lego-76992-amys-animal-rescue-island\\\/\"]}]},{\"@type\":\"ImageObject\",\"inLanguage\":\"en-US\",\"@id\":\"https:\\\/\\\/collectin.eu\\\/produktas\\\/lego-76992-amys-animal-rescue-island\\\/#primaryimage\",\"url\":\"https:\\\/\\\/collectin.eu\\\/wp-content\\\/uploads\\\/2026\\\/04\\\/Untitled-design-2026-04-22T171218.452.png\",\"contentUrl\":\"https:\\\/\\\/collectin.eu\\\/wp-content\\\/uploads\\\/2026\\\/04\\\/Untitled-design-2026-04-22T171218.452.png\",\"width\":1080,\"height\":1080},{\"@type\":\"BreadcrumbList\",\"@id\":\"https:\\\/\\\/collectin.eu\\\/produktas\\\/lego-76992-amys-animal-rescue-island\\\/#breadcrumb\",\"itemListElement\":[{\"@type\":\"ListItem\",\"position\":1,\"name\":\"Home\",\"item\":\"https:\\\/\\\/collectin.eu\\\/\"},{\"@type\":\"ListItem\",\"position\":2,\"name\":\"Parduotuv\u0117\",\"item\":\"https:\\\/\\\/collectin.eu\\\/parduotuve\\\/\"},{\"@type\":\"ListItem\",\"position\":3,\"name\":\"LEGO\u00ae 76992 Amy&#8217;s Animal Rescue Island\"}]},{\"@type\":\"WebSite\",\"@id\":\"https:\\\/\\\/collectin.eu\\\/#website\",\"url\":\"https:\\\/\\\/collectin.eu\\\/\",\"name\":\"Collectin.eu\",\"description\":\"\",\"potentialAction\":[{\"@type\":\"SearchAction\",\"target\":{\"@type\":\"EntryPoint\",\"urlTemplate\":\"https:\\\/\\\/collectin.eu\\\/?s={search_term_string}\"},\"query-input\":{\"@type\":\"PropertyValueSpecification\",\"valueRequired\":true,\"valueName\":\"search_term_string\"}}],\"inLanguage\":\"en-US\"}]}<\/script>\n<!-- \/ Yoast SEO plugin. -->","yoast_head_json":{"title":"LEGO\u00ae 76992 Amy's Animal Rescue Island - Collectin.eu","description":"Su \u0161iuo LEGO\u00ae \u201eSonic the Hedgehog\u2122\u201c Amy gyv\u016bn\u0173 gelb\u0117jimo tarnybos salos (76992) rinkiniu vaikai nuo 7 met\u0173, dievinantys Sonik\u0105 ir gyv\u016bn\u0173 prie\u017ei\u016br\u0105.","robots":{"index":"index","follow":"follow","max-snippet":"max-snippet:-1","max-image-preview":"max-image-preview:large","max-video-preview":"max-video-preview:-1"},"canonical":"https:\/\/collectin.eu\/en\/product\/lego-76992-amys-animal-rescue-island\/","og_locale":"en_US","og_type":"article","og_title":"LEGO\u00ae 76992 Amy's Animal Rescue Island - Collectin.eu","og_description":"Su \u0161iuo LEGO\u00ae \u201eSonic the Hedgehog\u2122\u201c Amy gyv\u016bn\u0173 gelb\u0117jimo tarnybos salos (76992) rinkiniu vaikai nuo 7 met\u0173, dievinantys Sonik\u0105 ir gyv\u016bn\u0173 prie\u017ei\u016br\u0105.","og_url":"https:\/\/collectin.eu\/en\/product\/lego-76992-amys-animal-rescue-island\/","og_site_name":"Collectin.eu","og_image":[{"width":1080,"height":1080,"url":"http:\/\/collectin.eu\/wp-content\/uploads\/2026\/04\/Untitled-design-2026-04-22T171218.452.png","type":"image\/png"}],"twitter_card":"summary_large_image","twitter_misc":{"Est. reading time":"1 minute"},"schema":{"@context":"https:\/\/schema.org","@graph":[{"@type":"WebPage","@id":"https:\/\/collectin.eu\/produktas\/lego-76992-amys-animal-rescue-island\/","url":"https:\/\/collectin.eu\/produktas\/lego-76992-amys-animal-rescue-island\/","name":"LEGO\u00ae 76992 Amy's Animal Rescue Island - Collectin.eu","isPartOf":{"@id":"https:\/\/collectin.eu\/#website"},"primaryImageOfPage":{"@id":"https:\/\/collectin.eu\/produktas\/lego-76992-amys-animal-rescue-island\/#primaryimage"},"image":{"@id":"https:\/\/collectin.eu\/produktas\/lego-76992-amys-animal-rescue-island\/#primaryimage"},"thumbnailUrl":"https:\/\/collectin.eu\/wp-content\/uploads\/2026\/04\/Untitled-design-2026-04-22T171218.452.png","datePublished":"2026-04-22T14:16:27+00:00","description":"Su \u0161iuo LEGO\u00ae \u201eSonic the Hedgehog\u2122\u201c Amy gyv\u016bn\u0173 gelb\u0117jimo tarnybos salos (76992) rinkiniu vaikai nuo 7 met\u0173, dievinantys Sonik\u0105 ir gyv\u016bn\u0173 prie\u017ei\u016br\u0105.","breadcrumb":{"@id":"https:\/\/collectin.eu\/produktas\/lego-76992-amys-animal-rescue-island\/#breadcrumb"},"inLanguage":"en-US","potentialAction":[{"@type":"ReadAction","target":["https:\/\/collectin.eu\/produktas\/lego-76992-amys-animal-rescue-island\/"]}]},{"@type":"ImageObject","inLanguage":"en-US","@id":"https:\/\/collectin.eu\/produktas\/lego-76992-amys-animal-rescue-island\/#primaryimage","url":"https:\/\/collectin.eu\/wp-content\/uploads\/2026\/04\/Untitled-design-2026-04-22T171218.452.png","contentUrl":"https:\/\/collectin.eu\/wp-content\/uploads\/2026\/04\/Untitled-design-2026-04-22T171218.452.png","width":1080,"height":1080},{"@type":"BreadcrumbList","@id":"https:\/\/collectin.eu\/produktas\/lego-76992-amys-animal-rescue-island\/#breadcrumb","itemListElement":[{"@type":"ListItem","position":1,"name":"Home","item":"https:\/\/collectin.eu\/"},{"@type":"ListItem","position":2,"name":"Parduotuv\u0117","item":"https:\/\/collectin.eu\/parduotuve\/"},{"@type":"ListItem","position":3,"name":"LEGO\u00ae 76992 Amy&#8217;s Animal Rescue Island"}]},{"@type":"WebSite","@id":"https:\/\/collectin.eu\/#website","url":"https:\/\/collectin.eu\/","name":"Collectin.eu","description":"","potentialAction":[{"@type":"SearchAction","target":{"@type":"EntryPoint","urlTemplate":"https:\/\/collectin.eu\/?s={search_term_string}"},"query-input":{"@type":"PropertyValueSpecification","valueRequired":true,"valueName":"search_term_string"}}],"inLanguage":"en-US"}]}},"jetpack_sharing_enabled":true,"_links":{"self":[{"href":"https:\/\/collectin.eu\/en\/wp-json\/wp\/v2\/product\/40865","targetHints":{"allow":["GET"]}}],"collection":[{"href":"https:\/\/collectin.eu\/en\/wp-json\/wp\/v2\/product"}],"about":[{"href":"https:\/\/collectin.eu\/en\/wp-json\/wp\/v2\/types\/product"}],"replies":[{"embeddable":true,"href":"https:\/\/collectin.eu\/en\/wp-json\/wp\/v2\/comments?post=40865"}],"version-history":[{"count":2,"href":"https:\/\/collectin.eu\/en\/wp-json\/wp\/v2\/product\/40865\/revisions"}],"predecessor-version":[{"id":40870,"href":"https:\/\/collectin.eu\/en\/wp-json\/wp\/v2\/product\/40865\/revisions\/40870"}],"wp:featuredmedia":[{"embeddable":true,"href":"https:\/\/collectin.eu\/en\/wp-json\/wp\/v2\/media\/40866"}],"wp:attachment":[{"href":"https:\/\/collectin.eu\/en\/wp-json\/wp\/v2\/media?parent=40865"}],"wp:term":[{"taxonomy":"product_brand","embeddable":true,"href":"https:\/\/collectin.eu\/en\/wp-json\/wp\/v2\/product_brand?post=40865"},{"taxonomy":"product_cat","embeddable":true,"href":"https:\/\/collectin.eu\/en\/wp-json\/wp\/v2\/product_cat?post=40865"},{"taxonomy":"product_tag","embeddable":true,"href":"https:\/\/collectin.eu\/en\/wp-json\/wp\/v2\/product_tag?post=40865"}],"curies":[{"name":"wp","href":"https:\/\/api.w.org\/{rel}","templated":true}]}}