{"id":40871,"date":"2026-04-22T14:23:20","date_gmt":"2026-04-22T14:23:20","guid":{"rendered":"https:\/\/collectin.eu\/?post_type=product&#038;p=40871"},"modified":"2026-04-22T14:23:20","modified_gmt":"2026-04-22T14:23:20","slug":"lego-76255-the-new-guardians-ship","status":"publish","type":"product","link":"https:\/\/collectin.eu\/en\/product\/lego-76255-the-new-guardians-ship\/","title":{"rendered":"LEGO\u00ae 76255 The New Guardians&#8217; Ship"},"content":{"rendered":"<p>LEGO\u00ae Marvel Naujasis Serg\u0117toj\u0173 erdv\u0117laivis (76255) \u2013 kelioni\u0173 \u017evaig\u017ed\u0117 i\u0161 \u201eMarvel Studios\u201c filmo \u201eGalaktikos serg\u0117tojai: III dalis\u201c \u2013 nusileis \u012f vaik\u0173 rankas. \u0160is \u012fsp\u016bdingas \u017eaidimui ir ekspozicijai skirtas erdv\u0117laivis nukels vaikus nuo 10 met\u0173 \u012f k\u016brybi\u0161ko \u017eaidimo visat\u0105.<\/p>\n<p>3 erdv\u0117laiviai viename<br \/>\n\u0160is konstruojamas erdv\u0117laivis nuo pat pirmo \u017evilgsnio patraukia ak\u012f. Jame yra atsidaranti kabina, talpinanti 3 minifig\u016br\u0117les, slaptas skyrius dar vienai minifig\u016br\u0117lei, ginkl\u0173 ir pried\u0173 susid\u0117jimo vieta ir 2 ma\u017ei kosminiai erdv\u0117laiviai, atsiskiriantys nuo pagrindinio erdv\u0117laivio. Rinkinyje yra 5 filmo persona\u017e\u0173 minifig\u016br\u0117l\u0117s: Mantis, Draksas, Star-Lord, Nebula ir Adamas Varlokas. Erdv\u0117laiv\u012f galima lengvai pakelti ir \u201epaskraidinti\u201c erdv\u0117je, o pasibaigus dienos veiksmui jis puikiai atrodys ant stovo bet kurio vaiko kambaryje. Su skaitmenin\u0117mis pramogomis program\u0117l\u0117je \u201eLEGO Builder\u201c vaikai gali priartinti ir sukioti trima\u010dius modelius, i\u0161saugoti rinkinius ir steb\u0117ti savo konstravimo progres\u0105.<\/p>","protected":false},"excerpt":{"rendered":"<p>LEGO\u00ae Marvel Naujasis Serg\u0117toj\u0173 erdv\u0117laivis (76255) \u2013 kelioni\u0173 \u017evaig\u017ed\u0117 i\u0161 \u201eMarvel Studios\u201c filmo \u201eGalaktikos serg\u0117tojai: III dalis\u201c \u2013 nusileis \u012f<\/p>","protected":false},"featured_media":40872,"comment_status":"open","ping_status":"closed","template":"","meta":[],"product_brand":[423],"product_cat":[677,406,493],"product_tag":[],"class_list":{"0":"post-40871","1":"product","2":"type-product","3":"status-publish","4":"has-post-thumbnail","6":"product_brand-lego","7":"product_cat-lego-konstruktoriai","8":"product_cat-lego","9":"product_cat-lego-star-wars","11":"first","12":"instock","13":"taxable","14":"shipping-taxable","15":"purchasable","16":"product-type-simple"},"yoast_head":"<!-- This site is optimized with the Yoast SEO plugin v27.4 - https:\/\/yoast.com\/product\/yoast-seo-wordpress\/ -->\n<title>LEGO\u00ae 76255 The New Guardians&#039; Ship - Collectin.eu<\/title>\n<meta name=\"description\" content=\"LEGO\u00ae Marvel Naujasis Serg\u0117toj\u0173 erdv\u0117laivis (76255) \u2013 kelioni\u0173 \u017evaig\u017ed\u0117 i\u0161 \u201eMarvel Studios\u201c filmo \u201eGalaktikos serg\u0117tojai: III dalis\u201c \u2013 nusileis \u012f vaik\u0173 rankas.\" \/>\n<meta name=\"robots\" content=\"index, follow, max-snippet:-1, max-image-preview:large, max-video-preview:-1\" \/>\n<link rel=\"canonical\" href=\"https:\/\/collectin.eu\/en\/product\/lego-76255-the-new-guardians-ship\/\" \/>\n<meta property=\"og:locale\" content=\"en_US\" \/>\n<meta property=\"og:type\" content=\"article\" \/>\n<meta property=\"og:title\" content=\"LEGO\u00ae 76255 The New Guardians&#039; Ship - Collectin.eu\" \/>\n<meta property=\"og:description\" content=\"LEGO\u00ae Marvel Naujasis Serg\u0117toj\u0173 erdv\u0117laivis (76255) \u2013 kelioni\u0173 \u017evaig\u017ed\u0117 i\u0161 \u201eMarvel Studios\u201c filmo \u201eGalaktikos serg\u0117tojai: III dalis\u201c \u2013 nusileis \u012f vaik\u0173 rankas.\" \/>\n<meta property=\"og:url\" content=\"https:\/\/collectin.eu\/en\/product\/lego-76255-the-new-guardians-ship\/\" \/>\n<meta property=\"og:site_name\" content=\"Collectin.eu\" \/>\n<meta property=\"og:image\" content=\"http:\/\/collectin.eu\/wp-content\/uploads\/2026\/04\/Untitled-design-2026-04-22T171934.349.png\" \/>\n\t<meta property=\"og:image:width\" content=\"1080\" \/>\n\t<meta property=\"og:image:height\" content=\"1080\" \/>\n\t<meta property=\"og:image:type\" content=\"image\/png\" \/>\n<meta name=\"twitter:card\" content=\"summary_large_image\" \/>\n<meta name=\"twitter:label1\" content=\"Est. reading time\" \/>\n\t<meta name=\"twitter:data1\" content=\"1 minute\" \/>\n<script type=\"application\/ld+json\" class=\"yoast-schema-graph\">{\"@context\":\"https:\\\/\\\/schema.org\",\"@graph\":[{\"@type\":\"WebPage\",\"@id\":\"https:\\\/\\\/collectin.eu\\\/produktas\\\/lego-76255-the-new-guardians-ship\\\/\",\"url\":\"https:\\\/\\\/collectin.eu\\\/produktas\\\/lego-76255-the-new-guardians-ship\\\/\",\"name\":\"LEGO\u00ae 76255 The New Guardians' Ship - Collectin.eu\",\"isPartOf\":{\"@id\":\"https:\\\/\\\/collectin.eu\\\/#website\"},\"primaryImageOfPage\":{\"@id\":\"https:\\\/\\\/collectin.eu\\\/produktas\\\/lego-76255-the-new-guardians-ship\\\/#primaryimage\"},\"image\":{\"@id\":\"https:\\\/\\\/collectin.eu\\\/produktas\\\/lego-76255-the-new-guardians-ship\\\/#primaryimage\"},\"thumbnailUrl\":\"https:\\\/\\\/collectin.eu\\\/wp-content\\\/uploads\\\/2026\\\/04\\\/Untitled-design-2026-04-22T171934.349.png\",\"datePublished\":\"2026-04-22T14:23:20+00:00\",\"description\":\"LEGO\u00ae Marvel Naujasis Serg\u0117toj\u0173 erdv\u0117laivis (76255) \u2013 kelioni\u0173 \u017evaig\u017ed\u0117 i\u0161 \u201eMarvel Studios\u201c filmo \u201eGalaktikos serg\u0117tojai: III dalis\u201c \u2013 nusileis \u012f vaik\u0173 rankas.\",\"breadcrumb\":{\"@id\":\"https:\\\/\\\/collectin.eu\\\/produktas\\\/lego-76255-the-new-guardians-ship\\\/#breadcrumb\"},\"inLanguage\":\"en-US\",\"potentialAction\":[{\"@type\":\"ReadAction\",\"target\":[\"https:\\\/\\\/collectin.eu\\\/produktas\\\/lego-76255-the-new-guardians-ship\\\/\"]}]},{\"@type\":\"ImageObject\",\"inLanguage\":\"en-US\",\"@id\":\"https:\\\/\\\/collectin.eu\\\/produktas\\\/lego-76255-the-new-guardians-ship\\\/#primaryimage\",\"url\":\"https:\\\/\\\/collectin.eu\\\/wp-content\\\/uploads\\\/2026\\\/04\\\/Untitled-design-2026-04-22T171934.349.png\",\"contentUrl\":\"https:\\\/\\\/collectin.eu\\\/wp-content\\\/uploads\\\/2026\\\/04\\\/Untitled-design-2026-04-22T171934.349.png\",\"width\":1080,\"height\":1080},{\"@type\":\"BreadcrumbList\",\"@id\":\"https:\\\/\\\/collectin.eu\\\/produktas\\\/lego-76255-the-new-guardians-ship\\\/#breadcrumb\",\"itemListElement\":[{\"@type\":\"ListItem\",\"position\":1,\"name\":\"Home\",\"item\":\"https:\\\/\\\/collectin.eu\\\/\"},{\"@type\":\"ListItem\",\"position\":2,\"name\":\"Parduotuv\u0117\",\"item\":\"https:\\\/\\\/collectin.eu\\\/parduotuve\\\/\"},{\"@type\":\"ListItem\",\"position\":3,\"name\":\"LEGO\u00ae 76255 The New Guardians&#8217; Ship\"}]},{\"@type\":\"WebSite\",\"@id\":\"https:\\\/\\\/collectin.eu\\\/#website\",\"url\":\"https:\\\/\\\/collectin.eu\\\/\",\"name\":\"Collectin.eu\",\"description\":\"\",\"potentialAction\":[{\"@type\":\"SearchAction\",\"target\":{\"@type\":\"EntryPoint\",\"urlTemplate\":\"https:\\\/\\\/collectin.eu\\\/?s={search_term_string}\"},\"query-input\":{\"@type\":\"PropertyValueSpecification\",\"valueRequired\":true,\"valueName\":\"search_term_string\"}}],\"inLanguage\":\"en-US\"}]}<\/script>\n<!-- \/ Yoast SEO plugin. -->","yoast_head_json":{"title":"LEGO\u00ae 76255 The New Guardians' Ship - Collectin.eu","description":"LEGO\u00ae Marvel Naujasis Serg\u0117toj\u0173 erdv\u0117laivis (76255) \u2013 kelioni\u0173 \u017evaig\u017ed\u0117 i\u0161 \u201eMarvel Studios\u201c filmo \u201eGalaktikos serg\u0117tojai: III dalis\u201c \u2013 nusileis \u012f vaik\u0173 rankas.","robots":{"index":"index","follow":"follow","max-snippet":"max-snippet:-1","max-image-preview":"max-image-preview:large","max-video-preview":"max-video-preview:-1"},"canonical":"https:\/\/collectin.eu\/en\/product\/lego-76255-the-new-guardians-ship\/","og_locale":"en_US","og_type":"article","og_title":"LEGO\u00ae 76255 The New Guardians' Ship - Collectin.eu","og_description":"LEGO\u00ae Marvel Naujasis Serg\u0117toj\u0173 erdv\u0117laivis (76255) \u2013 kelioni\u0173 \u017evaig\u017ed\u0117 i\u0161 \u201eMarvel Studios\u201c filmo \u201eGalaktikos serg\u0117tojai: III dalis\u201c \u2013 nusileis \u012f vaik\u0173 rankas.","og_url":"https:\/\/collectin.eu\/en\/product\/lego-76255-the-new-guardians-ship\/","og_site_name":"Collectin.eu","og_image":[{"width":1080,"height":1080,"url":"http:\/\/collectin.eu\/wp-content\/uploads\/2026\/04\/Untitled-design-2026-04-22T171934.349.png","type":"image\/png"}],"twitter_card":"summary_large_image","twitter_misc":{"Est. reading time":"1 minute"},"schema":{"@context":"https:\/\/schema.org","@graph":[{"@type":"WebPage","@id":"https:\/\/collectin.eu\/produktas\/lego-76255-the-new-guardians-ship\/","url":"https:\/\/collectin.eu\/produktas\/lego-76255-the-new-guardians-ship\/","name":"LEGO\u00ae 76255 The New Guardians' Ship - Collectin.eu","isPartOf":{"@id":"https:\/\/collectin.eu\/#website"},"primaryImageOfPage":{"@id":"https:\/\/collectin.eu\/produktas\/lego-76255-the-new-guardians-ship\/#primaryimage"},"image":{"@id":"https:\/\/collectin.eu\/produktas\/lego-76255-the-new-guardians-ship\/#primaryimage"},"thumbnailUrl":"https:\/\/collectin.eu\/wp-content\/uploads\/2026\/04\/Untitled-design-2026-04-22T171934.349.png","datePublished":"2026-04-22T14:23:20+00:00","description":"LEGO\u00ae Marvel Naujasis Serg\u0117toj\u0173 erdv\u0117laivis (76255) \u2013 kelioni\u0173 \u017evaig\u017ed\u0117 i\u0161 \u201eMarvel Studios\u201c filmo \u201eGalaktikos serg\u0117tojai: III dalis\u201c \u2013 nusileis \u012f vaik\u0173 rankas.","breadcrumb":{"@id":"https:\/\/collectin.eu\/produktas\/lego-76255-the-new-guardians-ship\/#breadcrumb"},"inLanguage":"en-US","potentialAction":[{"@type":"ReadAction","target":["https:\/\/collectin.eu\/produktas\/lego-76255-the-new-guardians-ship\/"]}]},{"@type":"ImageObject","inLanguage":"en-US","@id":"https:\/\/collectin.eu\/produktas\/lego-76255-the-new-guardians-ship\/#primaryimage","url":"https:\/\/collectin.eu\/wp-content\/uploads\/2026\/04\/Untitled-design-2026-04-22T171934.349.png","contentUrl":"https:\/\/collectin.eu\/wp-content\/uploads\/2026\/04\/Untitled-design-2026-04-22T171934.349.png","width":1080,"height":1080},{"@type":"BreadcrumbList","@id":"https:\/\/collectin.eu\/produktas\/lego-76255-the-new-guardians-ship\/#breadcrumb","itemListElement":[{"@type":"ListItem","position":1,"name":"Home","item":"https:\/\/collectin.eu\/"},{"@type":"ListItem","position":2,"name":"Parduotuv\u0117","item":"https:\/\/collectin.eu\/parduotuve\/"},{"@type":"ListItem","position":3,"name":"LEGO\u00ae 76255 The New Guardians&#8217; Ship"}]},{"@type":"WebSite","@id":"https:\/\/collectin.eu\/#website","url":"https:\/\/collectin.eu\/","name":"Collectin.eu","description":"","potentialAction":[{"@type":"SearchAction","target":{"@type":"EntryPoint","urlTemplate":"https:\/\/collectin.eu\/?s={search_term_string}"},"query-input":{"@type":"PropertyValueSpecification","valueRequired":true,"valueName":"search_term_string"}}],"inLanguage":"en-US"}]}},"jetpack_sharing_enabled":true,"_links":{"self":[{"href":"https:\/\/collectin.eu\/en\/wp-json\/wp\/v2\/product\/40871","targetHints":{"allow":["GET"]}}],"collection":[{"href":"https:\/\/collectin.eu\/en\/wp-json\/wp\/v2\/product"}],"about":[{"href":"https:\/\/collectin.eu\/en\/wp-json\/wp\/v2\/types\/product"}],"replies":[{"embeddable":true,"href":"https:\/\/collectin.eu\/en\/wp-json\/wp\/v2\/comments?post=40871"}],"version-history":[{"count":2,"href":"https:\/\/collectin.eu\/en\/wp-json\/wp\/v2\/product\/40871\/revisions"}],"predecessor-version":[{"id":40876,"href":"https:\/\/collectin.eu\/en\/wp-json\/wp\/v2\/product\/40871\/revisions\/40876"}],"wp:featuredmedia":[{"embeddable":true,"href":"https:\/\/collectin.eu\/en\/wp-json\/wp\/v2\/media\/40872"}],"wp:attachment":[{"href":"https:\/\/collectin.eu\/en\/wp-json\/wp\/v2\/media?parent=40871"}],"wp:term":[{"taxonomy":"product_brand","embeddable":true,"href":"https:\/\/collectin.eu\/en\/wp-json\/wp\/v2\/product_brand?post=40871"},{"taxonomy":"product_cat","embeddable":true,"href":"https:\/\/collectin.eu\/en\/wp-json\/wp\/v2\/product_cat?post=40871"},{"taxonomy":"product_tag","embeddable":true,"href":"https:\/\/collectin.eu\/en\/wp-json\/wp\/v2\/product_tag?post=40871"}],"curies":[{"name":"wp","href":"https:\/\/api.w.org\/{rel}","templated":true}]}}