{"id":40877,"date":"2026-04-22T14:28:56","date_gmt":"2026-04-22T14:28:56","guid":{"rendered":"https:\/\/collectin.eu\/?post_type=product&#038;p=40877"},"modified":"2026-04-22T14:28:57","modified_gmt":"2026-04-22T14:28:57","slug":"lego-43220-peter-pan-wendys-storybook-adventure","status":"publish","type":"product","link":"https:\/\/collectin.eu\/en\/product\/lego-43220-peter-pan-wendys-storybook-adventure\/","title":{"rendered":"LEGO\u00ae 43220 Peter Pan &#038; Wendy&#8217;s Storybook Adventure"},"content":{"rendered":"<p>\u0160iame LEGO\u00ae \u01c0 Disney Pasaki\u0161k\u0173 Piterio Peno ir Vend\u0117s nuotyki\u0173 (43220) rinkinyje \u201eDisney\u201c ir Piterio Peno gerb\u0117j\u0173 nuo 5 met\u0173 laukia nesibaigian\u010dios istorijos. Knygoje, sukurtoje pagal netrukus pasirodysiant\u012f film\u0105 \u201ePiteris Penas ir Vend\u0117\u201c, yra Darling\u0173 namas su miegamuoju, Big Benas, paklydusi\u0173 berniuk\u0173 sl\u0117ptuv\u0117, Kaukol\u0117s sala, pirat\u0173 laivas, 3 LEGO mikrol\u0117ly\u010di\u0173 fig\u016br\u0117l\u0117s, LEGO gyv\u016bno fig\u016br\u0117l\u0117 ir raktas. Program\u0117l\u0117 \u201eLEGO Builder\u201c pad\u0117s vaikams leistis \u012f lengv\u0105 ir ai\u0161k\u0173 konstravimo nuotyk\u012f, kurio metu jie gal\u0117s priartinti ir sukin\u0117ti trima\u010dius modelius, i\u0161saugoti rinkinius bei sekti savo progres\u0105.<\/p>\n<p>I\u0161radingas \u017eaidimas, kur\u012f galima \u017eaisti bet kur<br \/>\nSu \u0161ia ne\u0161iojama rakinama knyga vaikai atras daugyb\u0119 k\u016brybinio \u017eaidimo galimybi\u0173. Rinkinyje gausu istorij\u0173 id\u0117j\u0173, \u012fkvepian\u010di\u0173 i\u0161radingam \u017eaidimui, tad \u017eaisti galima atskirai arba kartu su kitais rinkiniais (parduodami atskirai).<\/p>","protected":false},"excerpt":{"rendered":"<p>\u0160iame LEGO\u00ae \u01c0 Disney Pasaki\u0161k\u0173 Piterio Peno ir Vend\u0117s nuotyki\u0173 (43220) rinkinyje \u201eDisney\u201c ir Piterio Peno gerb\u0117j\u0173 nuo 5 met\u0173<\/p>","protected":false},"featured_media":40878,"comment_status":"open","ping_status":"closed","template":"","meta":[],"product_brand":[423],"product_cat":[677,406,494],"product_tag":[],"class_list":{"0":"post-40877","1":"product","2":"type-product","3":"status-publish","4":"has-post-thumbnail","6":"product_brand-lego","7":"product_cat-lego-konstruktoriai","8":"product_cat-lego","9":"product_cat-lego-disney","11":"first","12":"instock","13":"taxable","14":"shipping-taxable","15":"purchasable","16":"product-type-simple"},"yoast_head":"<!-- This site is optimized with the Yoast SEO plugin v27.4 - https:\/\/yoast.com\/product\/yoast-seo-wordpress\/ -->\n<title>LEGO\u00ae 43220 Peter Pan &amp; Wendy&#039;s Storybook Adventure - Collectin.eu<\/title>\n<meta name=\"description\" content=\"\u0160iame LEGO\u00ae \u01c0 Disney Pasaki\u0161k\u0173 Piterio Peno ir Vend\u0117s nuotyki\u0173 (43220) rinkinyje \u201eDisney\u201c ir Piterio Peno gerb\u0117j\u0173 nuo 5 met\u0173 laukia nesibaigian\u010dios istorijos.\" \/>\n<meta name=\"robots\" content=\"index, follow, max-snippet:-1, max-image-preview:large, max-video-preview:-1\" \/>\n<link rel=\"canonical\" href=\"https:\/\/collectin.eu\/en\/product\/lego-43220-peter-pan-wendys-storybook-adventure\/\" \/>\n<meta property=\"og:locale\" content=\"en_US\" \/>\n<meta property=\"og:type\" content=\"article\" \/>\n<meta property=\"og:title\" content=\"LEGO\u00ae 43220 Peter Pan &amp; Wendy&#039;s Storybook Adventure - Collectin.eu\" \/>\n<meta property=\"og:description\" content=\"\u0160iame LEGO\u00ae \u01c0 Disney Pasaki\u0161k\u0173 Piterio Peno ir Vend\u0117s nuotyki\u0173 (43220) rinkinyje \u201eDisney\u201c ir Piterio Peno gerb\u0117j\u0173 nuo 5 met\u0173 laukia nesibaigian\u010dios istorijos.\" \/>\n<meta property=\"og:url\" content=\"https:\/\/collectin.eu\/en\/product\/lego-43220-peter-pan-wendys-storybook-adventure\/\" \/>\n<meta property=\"og:site_name\" content=\"Collectin.eu\" \/>\n<meta property=\"article:modified_time\" content=\"2026-04-22T14:28:57+00:00\" \/>\n<meta property=\"og:image\" content=\"http:\/\/collectin.eu\/wp-content\/uploads\/2026\/04\/Untitled-design-2026-04-22T172551.143.png\" \/>\n\t<meta property=\"og:image:width\" content=\"1080\" \/>\n\t<meta property=\"og:image:height\" content=\"1080\" \/>\n\t<meta property=\"og:image:type\" content=\"image\/png\" \/>\n<meta name=\"twitter:card\" content=\"summary_large_image\" \/>\n<meta name=\"twitter:label1\" content=\"Est. reading time\" \/>\n\t<meta name=\"twitter:data1\" content=\"1 minute\" \/>\n<script type=\"application\/ld+json\" class=\"yoast-schema-graph\">{\"@context\":\"https:\\\/\\\/schema.org\",\"@graph\":[{\"@type\":\"WebPage\",\"@id\":\"https:\\\/\\\/collectin.eu\\\/produktas\\\/lego-43220-peter-pan-wendys-storybook-adventure\\\/\",\"url\":\"https:\\\/\\\/collectin.eu\\\/produktas\\\/lego-43220-peter-pan-wendys-storybook-adventure\\\/\",\"name\":\"LEGO\u00ae 43220 Peter Pan & Wendy's Storybook Adventure - Collectin.eu\",\"isPartOf\":{\"@id\":\"https:\\\/\\\/collectin.eu\\\/#website\"},\"primaryImageOfPage\":{\"@id\":\"https:\\\/\\\/collectin.eu\\\/produktas\\\/lego-43220-peter-pan-wendys-storybook-adventure\\\/#primaryimage\"},\"image\":{\"@id\":\"https:\\\/\\\/collectin.eu\\\/produktas\\\/lego-43220-peter-pan-wendys-storybook-adventure\\\/#primaryimage\"},\"thumbnailUrl\":\"https:\\\/\\\/collectin.eu\\\/wp-content\\\/uploads\\\/2026\\\/04\\\/Untitled-design-2026-04-22T172551.143.png\",\"datePublished\":\"2026-04-22T14:28:56+00:00\",\"dateModified\":\"2026-04-22T14:28:57+00:00\",\"description\":\"\u0160iame LEGO\u00ae \u01c0 Disney Pasaki\u0161k\u0173 Piterio Peno ir Vend\u0117s nuotyki\u0173 (43220) rinkinyje \u201eDisney\u201c ir Piterio Peno gerb\u0117j\u0173 nuo 5 met\u0173 laukia nesibaigian\u010dios istorijos.\",\"breadcrumb\":{\"@id\":\"https:\\\/\\\/collectin.eu\\\/produktas\\\/lego-43220-peter-pan-wendys-storybook-adventure\\\/#breadcrumb\"},\"inLanguage\":\"en-US\",\"potentialAction\":[{\"@type\":\"ReadAction\",\"target\":[\"https:\\\/\\\/collectin.eu\\\/produktas\\\/lego-43220-peter-pan-wendys-storybook-adventure\\\/\"]}]},{\"@type\":\"ImageObject\",\"inLanguage\":\"en-US\",\"@id\":\"https:\\\/\\\/collectin.eu\\\/produktas\\\/lego-43220-peter-pan-wendys-storybook-adventure\\\/#primaryimage\",\"url\":\"https:\\\/\\\/collectin.eu\\\/wp-content\\\/uploads\\\/2026\\\/04\\\/Untitled-design-2026-04-22T172551.143.png\",\"contentUrl\":\"https:\\\/\\\/collectin.eu\\\/wp-content\\\/uploads\\\/2026\\\/04\\\/Untitled-design-2026-04-22T172551.143.png\",\"width\":1080,\"height\":1080},{\"@type\":\"BreadcrumbList\",\"@id\":\"https:\\\/\\\/collectin.eu\\\/produktas\\\/lego-43220-peter-pan-wendys-storybook-adventure\\\/#breadcrumb\",\"itemListElement\":[{\"@type\":\"ListItem\",\"position\":1,\"name\":\"Home\",\"item\":\"https:\\\/\\\/collectin.eu\\\/\"},{\"@type\":\"ListItem\",\"position\":2,\"name\":\"Parduotuv\u0117\",\"item\":\"https:\\\/\\\/collectin.eu\\\/parduotuve\\\/\"},{\"@type\":\"ListItem\",\"position\":3,\"name\":\"LEGO\u00ae 43220 Peter Pan &#038; Wendy&#8217;s Storybook Adventure\"}]},{\"@type\":\"WebSite\",\"@id\":\"https:\\\/\\\/collectin.eu\\\/#website\",\"url\":\"https:\\\/\\\/collectin.eu\\\/\",\"name\":\"Collectin.eu\",\"description\":\"\",\"potentialAction\":[{\"@type\":\"SearchAction\",\"target\":{\"@type\":\"EntryPoint\",\"urlTemplate\":\"https:\\\/\\\/collectin.eu\\\/?s={search_term_string}\"},\"query-input\":{\"@type\":\"PropertyValueSpecification\",\"valueRequired\":true,\"valueName\":\"search_term_string\"}}],\"inLanguage\":\"en-US\"}]}<\/script>\n<!-- \/ Yoast SEO plugin. -->","yoast_head_json":{"title":"LEGO\u00ae 43220 Peter Pan & Wendy's Storybook Adventure - Collectin.eu","description":"\u0160iame LEGO\u00ae \u01c0 Disney Pasaki\u0161k\u0173 Piterio Peno ir Vend\u0117s nuotyki\u0173 (43220) rinkinyje \u201eDisney\u201c ir Piterio Peno gerb\u0117j\u0173 nuo 5 met\u0173 laukia nesibaigian\u010dios istorijos.","robots":{"index":"index","follow":"follow","max-snippet":"max-snippet:-1","max-image-preview":"max-image-preview:large","max-video-preview":"max-video-preview:-1"},"canonical":"https:\/\/collectin.eu\/en\/product\/lego-43220-peter-pan-wendys-storybook-adventure\/","og_locale":"en_US","og_type":"article","og_title":"LEGO\u00ae 43220 Peter Pan & Wendy's Storybook Adventure - Collectin.eu","og_description":"\u0160iame LEGO\u00ae \u01c0 Disney Pasaki\u0161k\u0173 Piterio Peno ir Vend\u0117s nuotyki\u0173 (43220) rinkinyje \u201eDisney\u201c ir Piterio Peno gerb\u0117j\u0173 nuo 5 met\u0173 laukia nesibaigian\u010dios istorijos.","og_url":"https:\/\/collectin.eu\/en\/product\/lego-43220-peter-pan-wendys-storybook-adventure\/","og_site_name":"Collectin.eu","article_modified_time":"2026-04-22T14:28:57+00:00","og_image":[{"width":1080,"height":1080,"url":"http:\/\/collectin.eu\/wp-content\/uploads\/2026\/04\/Untitled-design-2026-04-22T172551.143.png","type":"image\/png"}],"twitter_card":"summary_large_image","twitter_misc":{"Est. reading time":"1 minute"},"schema":{"@context":"https:\/\/schema.org","@graph":[{"@type":"WebPage","@id":"https:\/\/collectin.eu\/produktas\/lego-43220-peter-pan-wendys-storybook-adventure\/","url":"https:\/\/collectin.eu\/produktas\/lego-43220-peter-pan-wendys-storybook-adventure\/","name":"LEGO\u00ae 43220 Peter Pan & Wendy's Storybook Adventure - Collectin.eu","isPartOf":{"@id":"https:\/\/collectin.eu\/#website"},"primaryImageOfPage":{"@id":"https:\/\/collectin.eu\/produktas\/lego-43220-peter-pan-wendys-storybook-adventure\/#primaryimage"},"image":{"@id":"https:\/\/collectin.eu\/produktas\/lego-43220-peter-pan-wendys-storybook-adventure\/#primaryimage"},"thumbnailUrl":"https:\/\/collectin.eu\/wp-content\/uploads\/2026\/04\/Untitled-design-2026-04-22T172551.143.png","datePublished":"2026-04-22T14:28:56+00:00","dateModified":"2026-04-22T14:28:57+00:00","description":"\u0160iame LEGO\u00ae \u01c0 Disney Pasaki\u0161k\u0173 Piterio Peno ir Vend\u0117s nuotyki\u0173 (43220) rinkinyje \u201eDisney\u201c ir Piterio Peno gerb\u0117j\u0173 nuo 5 met\u0173 laukia nesibaigian\u010dios istorijos.","breadcrumb":{"@id":"https:\/\/collectin.eu\/produktas\/lego-43220-peter-pan-wendys-storybook-adventure\/#breadcrumb"},"inLanguage":"en-US","potentialAction":[{"@type":"ReadAction","target":["https:\/\/collectin.eu\/produktas\/lego-43220-peter-pan-wendys-storybook-adventure\/"]}]},{"@type":"ImageObject","inLanguage":"en-US","@id":"https:\/\/collectin.eu\/produktas\/lego-43220-peter-pan-wendys-storybook-adventure\/#primaryimage","url":"https:\/\/collectin.eu\/wp-content\/uploads\/2026\/04\/Untitled-design-2026-04-22T172551.143.png","contentUrl":"https:\/\/collectin.eu\/wp-content\/uploads\/2026\/04\/Untitled-design-2026-04-22T172551.143.png","width":1080,"height":1080},{"@type":"BreadcrumbList","@id":"https:\/\/collectin.eu\/produktas\/lego-43220-peter-pan-wendys-storybook-adventure\/#breadcrumb","itemListElement":[{"@type":"ListItem","position":1,"name":"Home","item":"https:\/\/collectin.eu\/"},{"@type":"ListItem","position":2,"name":"Parduotuv\u0117","item":"https:\/\/collectin.eu\/parduotuve\/"},{"@type":"ListItem","position":3,"name":"LEGO\u00ae 43220 Peter Pan &#038; Wendy&#8217;s Storybook Adventure"}]},{"@type":"WebSite","@id":"https:\/\/collectin.eu\/#website","url":"https:\/\/collectin.eu\/","name":"Collectin.eu","description":"","potentialAction":[{"@type":"SearchAction","target":{"@type":"EntryPoint","urlTemplate":"https:\/\/collectin.eu\/?s={search_term_string}"},"query-input":{"@type":"PropertyValueSpecification","valueRequired":true,"valueName":"search_term_string"}}],"inLanguage":"en-US"}]}},"jetpack_sharing_enabled":true,"_links":{"self":[{"href":"https:\/\/collectin.eu\/en\/wp-json\/wp\/v2\/product\/40877","targetHints":{"allow":["GET"]}}],"collection":[{"href":"https:\/\/collectin.eu\/en\/wp-json\/wp\/v2\/product"}],"about":[{"href":"https:\/\/collectin.eu\/en\/wp-json\/wp\/v2\/types\/product"}],"replies":[{"embeddable":true,"href":"https:\/\/collectin.eu\/en\/wp-json\/wp\/v2\/comments?post=40877"}],"version-history":[{"count":2,"href":"https:\/\/collectin.eu\/en\/wp-json\/wp\/v2\/product\/40877\/revisions"}],"predecessor-version":[{"id":40882,"href":"https:\/\/collectin.eu\/en\/wp-json\/wp\/v2\/product\/40877\/revisions\/40882"}],"wp:featuredmedia":[{"embeddable":true,"href":"https:\/\/collectin.eu\/en\/wp-json\/wp\/v2\/media\/40878"}],"wp:attachment":[{"href":"https:\/\/collectin.eu\/en\/wp-json\/wp\/v2\/media?parent=40877"}],"wp:term":[{"taxonomy":"product_brand","embeddable":true,"href":"https:\/\/collectin.eu\/en\/wp-json\/wp\/v2\/product_brand?post=40877"},{"taxonomy":"product_cat","embeddable":true,"href":"https:\/\/collectin.eu\/en\/wp-json\/wp\/v2\/product_cat?post=40877"},{"taxonomy":"product_tag","embeddable":true,"href":"https:\/\/collectin.eu\/en\/wp-json\/wp\/v2\/product_tag?post=40877"}],"curies":[{"name":"wp","href":"https:\/\/api.w.org\/{rel}","templated":true}]}}