{"id":40883,"date":"2026-04-22T14:57:02","date_gmt":"2026-04-22T14:57:02","guid":{"rendered":"https:\/\/collectin.eu\/?post_type=product&#038;p=40883"},"modified":"2026-04-22T14:57:03","modified_gmt":"2026-04-22T14:57:03","slug":"lego-76253-guardians-of-the-galaxy-headquarters","status":"publish","type":"product","link":"https:\/\/collectin.eu\/en\/product\/lego-76253-guardians-of-the-galaxy-headquarters\/","title":{"rendered":"LEGO\u00ae 76253 Guardians of the Galaxy Headquarters"},"content":{"rendered":"<p>Su LEGO\u00ae Marvel Galaktikos serg\u0117toj\u0173 b\u016bstin\u0117s (76253) rinkiniu perkelkite \u201eMarvel Studios\u201c filmo \u201eGalaktikos serg\u0117tojai: III dalis\u201c veiksm\u0105 \u012f vaik\u0173 nuo 7 met\u0173 am\u017eiaus rankas<\/p>\n<p>\u010cia prasideda nuotykiai!<br \/>\n\u201eMarvel\u201c film\u0173 gerb\u0117jai atpa\u017eins \u0161i\u0105 superherojaus baz\u0119 i\u0161 \u201eMarvel Studios\u201c filmo \u201eGalaktikos serg\u0117tojai: III dalis\u201c. Rinkinyje yra \u012frankiai, technologijos ir stalas, prie kurio Groot ir Star-Lord minifig\u016br\u0117l\u0117s planuoja kit\u0105 \u012fsp\u016bding\u0105 misij\u0105. Kad b\u016bt\u0173 dar smagiau naudotis skaitmenin\u0117mis priemon\u0117mis, vaikai gali atsisi\u0173sti program\u0117l\u0119 \u201eLEGO Builder\u201c ir \u012f\u017eengti \u012f k\u016brybi\u0161k\u0105 pasaul\u012f, kuriame gali priartinti ir sukioti trima\u010dius modelius, i\u0161saugoti rinkinius ir steb\u0117ti savo konstravimo progres\u0105.<\/p>\n<ul>\n<li>Superherojaus baz\u0117. Su LEGO\u00ae Marvel Galaktikos serg\u0117toj\u0173 b\u016bstin\u0117s (76253) rinkiniu perkelkite \u201eMarvel Studios\u201c filmo \u201eGalaktikos serg\u0117tojai: III dalis\u201c veiksm\u0105 \u012f vaik\u0173 nuo 7 met\u0173 rankas ir leiskit\u0117s \u012f nuotykius<\/li>\n<li>Pa\u017e\u012fstami persona\u017eai. Rinkinyje yra 2 legendin\u0117s minifig\u016br\u0117l\u0117s \u2013 Groot ir Star-Lord, taip pat konstruojama baz\u0117 su \u012frankiais, technologijomis ir stalu<\/li>\n<\/ul>","protected":false},"excerpt":{"rendered":"<p>Su LEGO\u00ae Marvel Galaktikos serg\u0117toj\u0173 b\u016bstin\u0117s (76253) rinkiniu perkelkite \u201eMarvel Studios\u201c filmo \u201eGalaktikos serg\u0117tojai: III dalis\u201c veiksm\u0105 \u012f vaik\u0173 nuo<\/p>","protected":false},"featured_media":40884,"comment_status":"open","ping_status":"closed","template":"","meta":[],"product_brand":[423],"product_cat":[677,406,491],"product_tag":[],"class_list":{"0":"post-40883","1":"product","2":"type-product","3":"status-publish","4":"has-post-thumbnail","6":"product_brand-lego","7":"product_cat-lego-konstruktoriai","8":"product_cat-lego","9":"product_cat-lego-marvel","11":"first","12":"instock","13":"taxable","14":"shipping-taxable","15":"purchasable","16":"product-type-simple"},"yoast_head":"<!-- This site is optimized with the Yoast SEO plugin v27.4 - https:\/\/yoast.com\/product\/yoast-seo-wordpress\/ -->\n<title>LEGO\u00ae 76253 Guardians of the Galaxy Headquarters - Collectin.eu<\/title>\n<meta name=\"description\" content=\"Su LEGO\u00ae Marvel Galaktikos serg\u0117toj\u0173 b\u016bstin\u0117s (76253) rinkiniu perkelkite \u201eMarvel Studios\u201c filmo \u201eGalaktikos serg\u0117tojai: III dalis\u201c veiksm\u0105 \u012f vaik\u0173 nuo 7 met\u0173 am\u017eiaus rankas.\" \/>\n<meta name=\"robots\" content=\"index, follow, max-snippet:-1, max-image-preview:large, max-video-preview:-1\" \/>\n<link rel=\"canonical\" href=\"https:\/\/collectin.eu\/en\/product\/lego-76253-guardians-of-the-galaxy-headquarters\/\" \/>\n<meta property=\"og:locale\" content=\"en_US\" \/>\n<meta property=\"og:type\" content=\"article\" \/>\n<meta property=\"og:title\" content=\"LEGO\u00ae 76253 Guardians of the Galaxy Headquarters - Collectin.eu\" \/>\n<meta property=\"og:description\" content=\"Su LEGO\u00ae Marvel Galaktikos serg\u0117toj\u0173 b\u016bstin\u0117s (76253) rinkiniu perkelkite \u201eMarvel Studios\u201c filmo \u201eGalaktikos serg\u0117tojai: III dalis\u201c veiksm\u0105 \u012f vaik\u0173 nuo 7 met\u0173 am\u017eiaus rankas.\" \/>\n<meta property=\"og:url\" content=\"https:\/\/collectin.eu\/en\/product\/lego-76253-guardians-of-the-galaxy-headquarters\/\" \/>\n<meta property=\"og:site_name\" content=\"Collectin.eu\" \/>\n<meta property=\"article:modified_time\" content=\"2026-04-22T14:57:03+00:00\" \/>\n<meta property=\"og:image\" content=\"http:\/\/collectin.eu\/wp-content\/uploads\/2026\/04\/Untitled-design-2026-04-22T175338.386.png\" \/>\n\t<meta property=\"og:image:width\" content=\"1080\" \/>\n\t<meta property=\"og:image:height\" content=\"1080\" \/>\n\t<meta property=\"og:image:type\" content=\"image\/png\" \/>\n<meta name=\"twitter:card\" content=\"summary_large_image\" \/>\n<meta name=\"twitter:label1\" content=\"Est. reading time\" \/>\n\t<meta name=\"twitter:data1\" content=\"1 minute\" \/>\n<script type=\"application\/ld+json\" class=\"yoast-schema-graph\">{\"@context\":\"https:\\\/\\\/schema.org\",\"@graph\":[{\"@type\":\"WebPage\",\"@id\":\"https:\\\/\\\/collectin.eu\\\/produktas\\\/lego-76253-guardians-of-the-galaxy-headquarters\\\/\",\"url\":\"https:\\\/\\\/collectin.eu\\\/produktas\\\/lego-76253-guardians-of-the-galaxy-headquarters\\\/\",\"name\":\"LEGO\u00ae 76253 Guardians of the Galaxy Headquarters - Collectin.eu\",\"isPartOf\":{\"@id\":\"https:\\\/\\\/collectin.eu\\\/#website\"},\"primaryImageOfPage\":{\"@id\":\"https:\\\/\\\/collectin.eu\\\/produktas\\\/lego-76253-guardians-of-the-galaxy-headquarters\\\/#primaryimage\"},\"image\":{\"@id\":\"https:\\\/\\\/collectin.eu\\\/produktas\\\/lego-76253-guardians-of-the-galaxy-headquarters\\\/#primaryimage\"},\"thumbnailUrl\":\"https:\\\/\\\/collectin.eu\\\/wp-content\\\/uploads\\\/2026\\\/04\\\/Untitled-design-2026-04-22T175338.386.png\",\"datePublished\":\"2026-04-22T14:57:02+00:00\",\"dateModified\":\"2026-04-22T14:57:03+00:00\",\"description\":\"Su LEGO\u00ae Marvel Galaktikos serg\u0117toj\u0173 b\u016bstin\u0117s (76253) rinkiniu perkelkite \u201eMarvel Studios\u201c filmo \u201eGalaktikos serg\u0117tojai: III dalis\u201c veiksm\u0105 \u012f vaik\u0173 nuo 7 met\u0173 am\u017eiaus rankas.\",\"breadcrumb\":{\"@id\":\"https:\\\/\\\/collectin.eu\\\/produktas\\\/lego-76253-guardians-of-the-galaxy-headquarters\\\/#breadcrumb\"},\"inLanguage\":\"en-US\",\"potentialAction\":[{\"@type\":\"ReadAction\",\"target\":[\"https:\\\/\\\/collectin.eu\\\/produktas\\\/lego-76253-guardians-of-the-galaxy-headquarters\\\/\"]}]},{\"@type\":\"ImageObject\",\"inLanguage\":\"en-US\",\"@id\":\"https:\\\/\\\/collectin.eu\\\/produktas\\\/lego-76253-guardians-of-the-galaxy-headquarters\\\/#primaryimage\",\"url\":\"https:\\\/\\\/collectin.eu\\\/wp-content\\\/uploads\\\/2026\\\/04\\\/Untitled-design-2026-04-22T175338.386.png\",\"contentUrl\":\"https:\\\/\\\/collectin.eu\\\/wp-content\\\/uploads\\\/2026\\\/04\\\/Untitled-design-2026-04-22T175338.386.png\",\"width\":1080,\"height\":1080},{\"@type\":\"BreadcrumbList\",\"@id\":\"https:\\\/\\\/collectin.eu\\\/produktas\\\/lego-76253-guardians-of-the-galaxy-headquarters\\\/#breadcrumb\",\"itemListElement\":[{\"@type\":\"ListItem\",\"position\":1,\"name\":\"Home\",\"item\":\"https:\\\/\\\/collectin.eu\\\/\"},{\"@type\":\"ListItem\",\"position\":2,\"name\":\"Parduotuv\u0117\",\"item\":\"https:\\\/\\\/collectin.eu\\\/parduotuve\\\/\"},{\"@type\":\"ListItem\",\"position\":3,\"name\":\"LEGO\u00ae 76253 Guardians of the Galaxy Headquarters\"}]},{\"@type\":\"WebSite\",\"@id\":\"https:\\\/\\\/collectin.eu\\\/#website\",\"url\":\"https:\\\/\\\/collectin.eu\\\/\",\"name\":\"Collectin.eu\",\"description\":\"\",\"potentialAction\":[{\"@type\":\"SearchAction\",\"target\":{\"@type\":\"EntryPoint\",\"urlTemplate\":\"https:\\\/\\\/collectin.eu\\\/?s={search_term_string}\"},\"query-input\":{\"@type\":\"PropertyValueSpecification\",\"valueRequired\":true,\"valueName\":\"search_term_string\"}}],\"inLanguage\":\"en-US\"}]}<\/script>\n<!-- \/ Yoast SEO plugin. -->","yoast_head_json":{"title":"LEGO\u00ae 76253 Guardians of the Galaxy Headquarters - Collectin.eu","description":"Su LEGO\u00ae Marvel Galaktikos serg\u0117toj\u0173 b\u016bstin\u0117s (76253) rinkiniu perkelkite \u201eMarvel Studios\u201c filmo \u201eGalaktikos serg\u0117tojai: III dalis\u201c veiksm\u0105 \u012f vaik\u0173 nuo 7 met\u0173 am\u017eiaus rankas.","robots":{"index":"index","follow":"follow","max-snippet":"max-snippet:-1","max-image-preview":"max-image-preview:large","max-video-preview":"max-video-preview:-1"},"canonical":"https:\/\/collectin.eu\/en\/product\/lego-76253-guardians-of-the-galaxy-headquarters\/","og_locale":"en_US","og_type":"article","og_title":"LEGO\u00ae 76253 Guardians of the Galaxy Headquarters - Collectin.eu","og_description":"Su LEGO\u00ae Marvel Galaktikos serg\u0117toj\u0173 b\u016bstin\u0117s (76253) rinkiniu perkelkite \u201eMarvel Studios\u201c filmo \u201eGalaktikos serg\u0117tojai: III dalis\u201c veiksm\u0105 \u012f vaik\u0173 nuo 7 met\u0173 am\u017eiaus rankas.","og_url":"https:\/\/collectin.eu\/en\/product\/lego-76253-guardians-of-the-galaxy-headquarters\/","og_site_name":"Collectin.eu","article_modified_time":"2026-04-22T14:57:03+00:00","og_image":[{"width":1080,"height":1080,"url":"http:\/\/collectin.eu\/wp-content\/uploads\/2026\/04\/Untitled-design-2026-04-22T175338.386.png","type":"image\/png"}],"twitter_card":"summary_large_image","twitter_misc":{"Est. reading time":"1 minute"},"schema":{"@context":"https:\/\/schema.org","@graph":[{"@type":"WebPage","@id":"https:\/\/collectin.eu\/produktas\/lego-76253-guardians-of-the-galaxy-headquarters\/","url":"https:\/\/collectin.eu\/produktas\/lego-76253-guardians-of-the-galaxy-headquarters\/","name":"LEGO\u00ae 76253 Guardians of the Galaxy Headquarters - Collectin.eu","isPartOf":{"@id":"https:\/\/collectin.eu\/#website"},"primaryImageOfPage":{"@id":"https:\/\/collectin.eu\/produktas\/lego-76253-guardians-of-the-galaxy-headquarters\/#primaryimage"},"image":{"@id":"https:\/\/collectin.eu\/produktas\/lego-76253-guardians-of-the-galaxy-headquarters\/#primaryimage"},"thumbnailUrl":"https:\/\/collectin.eu\/wp-content\/uploads\/2026\/04\/Untitled-design-2026-04-22T175338.386.png","datePublished":"2026-04-22T14:57:02+00:00","dateModified":"2026-04-22T14:57:03+00:00","description":"Su LEGO\u00ae Marvel Galaktikos serg\u0117toj\u0173 b\u016bstin\u0117s (76253) rinkiniu perkelkite \u201eMarvel Studios\u201c filmo \u201eGalaktikos serg\u0117tojai: III dalis\u201c veiksm\u0105 \u012f vaik\u0173 nuo 7 met\u0173 am\u017eiaus rankas.","breadcrumb":{"@id":"https:\/\/collectin.eu\/produktas\/lego-76253-guardians-of-the-galaxy-headquarters\/#breadcrumb"},"inLanguage":"en-US","potentialAction":[{"@type":"ReadAction","target":["https:\/\/collectin.eu\/produktas\/lego-76253-guardians-of-the-galaxy-headquarters\/"]}]},{"@type":"ImageObject","inLanguage":"en-US","@id":"https:\/\/collectin.eu\/produktas\/lego-76253-guardians-of-the-galaxy-headquarters\/#primaryimage","url":"https:\/\/collectin.eu\/wp-content\/uploads\/2026\/04\/Untitled-design-2026-04-22T175338.386.png","contentUrl":"https:\/\/collectin.eu\/wp-content\/uploads\/2026\/04\/Untitled-design-2026-04-22T175338.386.png","width":1080,"height":1080},{"@type":"BreadcrumbList","@id":"https:\/\/collectin.eu\/produktas\/lego-76253-guardians-of-the-galaxy-headquarters\/#breadcrumb","itemListElement":[{"@type":"ListItem","position":1,"name":"Home","item":"https:\/\/collectin.eu\/"},{"@type":"ListItem","position":2,"name":"Parduotuv\u0117","item":"https:\/\/collectin.eu\/parduotuve\/"},{"@type":"ListItem","position":3,"name":"LEGO\u00ae 76253 Guardians of the Galaxy Headquarters"}]},{"@type":"WebSite","@id":"https:\/\/collectin.eu\/#website","url":"https:\/\/collectin.eu\/","name":"Collectin.eu","description":"","potentialAction":[{"@type":"SearchAction","target":{"@type":"EntryPoint","urlTemplate":"https:\/\/collectin.eu\/?s={search_term_string}"},"query-input":{"@type":"PropertyValueSpecification","valueRequired":true,"valueName":"search_term_string"}}],"inLanguage":"en-US"}]}},"jetpack_sharing_enabled":true,"_links":{"self":[{"href":"https:\/\/collectin.eu\/en\/wp-json\/wp\/v2\/product\/40883","targetHints":{"allow":["GET"]}}],"collection":[{"href":"https:\/\/collectin.eu\/en\/wp-json\/wp\/v2\/product"}],"about":[{"href":"https:\/\/collectin.eu\/en\/wp-json\/wp\/v2\/types\/product"}],"replies":[{"embeddable":true,"href":"https:\/\/collectin.eu\/en\/wp-json\/wp\/v2\/comments?post=40883"}],"version-history":[{"count":2,"href":"https:\/\/collectin.eu\/en\/wp-json\/wp\/v2\/product\/40883\/revisions"}],"predecessor-version":[{"id":40888,"href":"https:\/\/collectin.eu\/en\/wp-json\/wp\/v2\/product\/40883\/revisions\/40888"}],"wp:featuredmedia":[{"embeddable":true,"href":"https:\/\/collectin.eu\/en\/wp-json\/wp\/v2\/media\/40884"}],"wp:attachment":[{"href":"https:\/\/collectin.eu\/en\/wp-json\/wp\/v2\/media?parent=40883"}],"wp:term":[{"taxonomy":"product_brand","embeddable":true,"href":"https:\/\/collectin.eu\/en\/wp-json\/wp\/v2\/product_brand?post=40883"},{"taxonomy":"product_cat","embeddable":true,"href":"https:\/\/collectin.eu\/en\/wp-json\/wp\/v2\/product_cat?post=40883"},{"taxonomy":"product_tag","embeddable":true,"href":"https:\/\/collectin.eu\/en\/wp-json\/wp\/v2\/product_tag?post=40883"}],"curies":[{"name":"wp","href":"https:\/\/api.w.org\/{rel}","templated":true}]}}