{"id":40889,"date":"2026-04-22T15:06:50","date_gmt":"2026-04-22T15:06:50","guid":{"rendered":"https:\/\/collectin.eu\/?post_type=product&#038;p=40889"},"modified":"2026-04-22T15:06:51","modified_gmt":"2026-04-22T15:06:51","slug":"lego-75384-the-crimson-firehawk","status":"publish","type":"product","link":"https:\/\/collectin.eu\/en\/product\/lego-75384-the-crimson-firehawk\/","title":{"rendered":"LEGO\u00ae 75384 The Crimson Firehawk"},"content":{"rendered":"<p>Supa\u017eindinkite ma\u017eylius nuo 4 met\u0173 su konstravimu ir \u017eaidimu LEGO\u00ae\u00a0<i>Star\u00a0Wars<\/i>\u2122 visatoje su \u0161iuo pradiniu rinkiniu, kuriame yra Crimson Firehawk erdv\u0117laivis i\u0161 serialo \u017dvaig\u017ed\u017ei\u0173 karai: jaun\u0173j\u0173 d\u017eedaj\u0173 nuotykiai. Erdv\u0117laivis turi pradin\u0117s kalad\u0117l\u0117s pagrind\u0105, suteiksiant\u012f ma\u017eiesiems dr\u0105sos konstravimo prad\u017eioje, taip pat talpi\u0105 kabin\u0105, kurioje telpa visi 3 pridedami \u017dvaig\u017ed\u017ei\u0173 kar\u0173 persona\u017eai (Ne\u0161o Durango ir Nabso LEGO fig\u016br\u0117l\u0117s bei RJ-83 LEGO droido fig\u016br\u0117l\u0117). Rinkinyje taip pat yra konstruojamas \u017eaislinis \u017dvaig\u017ed\u017ei\u0173 kar\u0173 greitaeigis motociklas, telpantis \u012f erdv\u0117laiv\u012f, bei nedidel\u0117 turgaviet\u0117 k\u016brybi\u0161kam \u017eaidimui.<\/p>\n<p>Paprastos iliustruotos instrukcijos puikiai tinka vaikams, kurie dar tik mokosi skaityti. Kad b\u016bt\u0173 dar smagiau naudotis skaitmenin\u0117mis priemon\u0117mis, program\u0117l\u0117je \u201eLEGO Builder\u201c yra priartinimo ir pasukimo \u012frankiai, leid\u017eiantys vaikams vizualizuoti konstruojam\u0105 model\u012f (galb\u016bt \u0161iek tiek padedant suaugusiesiems ar vyresniems broliams ir seserims).<\/p>","protected":false},"excerpt":{"rendered":"<p>Supa\u017eindinkite ma\u017eylius nuo 4 met\u0173 su konstravimu ir \u017eaidimu LEGO\u00ae\u00a0Star\u00a0Wars\u2122 visatoje su \u0161iuo pradiniu rinkiniu, kuriame yra Crimson Firehawk erdv\u0117laivis<\/p>","protected":false},"featured_media":40890,"comment_status":"open","ping_status":"closed","template":"","meta":[],"product_brand":[423],"product_cat":[677,406,493],"product_tag":[],"class_list":{"0":"post-40889","1":"product","2":"type-product","3":"status-publish","4":"has-post-thumbnail","6":"product_brand-lego","7":"product_cat-lego-konstruktoriai","8":"product_cat-lego","9":"product_cat-lego-star-wars","11":"first","12":"instock","13":"taxable","14":"shipping-taxable","15":"purchasable","16":"product-type-simple"},"yoast_head":"<!-- This site is optimized with the Yoast SEO plugin v27.4 - https:\/\/yoast.com\/product\/yoast-seo-wordpress\/ -->\n<title>LEGO\u00ae 75384 The Crimson Firehawk - Collectin.eu<\/title>\n<meta name=\"description\" content=\"Supa\u017eindinkite ma\u017eylius nuo 4 met\u0173 su konstravimu ir \u017eaidimu LEGO\u00ae\u00a0Star\u00a0Wars\u2122 visatoje su \u0161iuo pradiniu rinkiniu.\" \/>\n<meta name=\"robots\" content=\"index, follow, max-snippet:-1, max-image-preview:large, max-video-preview:-1\" \/>\n<link rel=\"canonical\" href=\"https:\/\/collectin.eu\/en\/product\/lego-75384-the-crimson-firehawk\/\" \/>\n<meta property=\"og:locale\" content=\"en_US\" \/>\n<meta property=\"og:type\" content=\"article\" \/>\n<meta property=\"og:title\" content=\"LEGO\u00ae 75384 The Crimson Firehawk - Collectin.eu\" \/>\n<meta property=\"og:description\" content=\"Supa\u017eindinkite ma\u017eylius nuo 4 met\u0173 su konstravimu ir \u017eaidimu LEGO\u00ae\u00a0Star\u00a0Wars\u2122 visatoje su \u0161iuo pradiniu rinkiniu.\" \/>\n<meta property=\"og:url\" content=\"https:\/\/collectin.eu\/en\/product\/lego-75384-the-crimson-firehawk\/\" \/>\n<meta property=\"og:site_name\" content=\"Collectin.eu\" \/>\n<meta property=\"article:modified_time\" content=\"2026-04-22T15:06:51+00:00\" \/>\n<meta property=\"og:image\" content=\"http:\/\/collectin.eu\/wp-content\/uploads\/2026\/04\/Untitled-design-2026-04-22T180059.091.png\" \/>\n\t<meta property=\"og:image:width\" content=\"1080\" \/>\n\t<meta property=\"og:image:height\" content=\"1080\" \/>\n\t<meta property=\"og:image:type\" content=\"image\/png\" \/>\n<meta name=\"twitter:card\" content=\"summary_large_image\" \/>\n<meta name=\"twitter:label1\" content=\"Est. reading time\" \/>\n\t<meta name=\"twitter:data1\" content=\"1 minute\" \/>\n<script type=\"application\/ld+json\" class=\"yoast-schema-graph\">{\"@context\":\"https:\\\/\\\/schema.org\",\"@graph\":[{\"@type\":\"WebPage\",\"@id\":\"https:\\\/\\\/collectin.eu\\\/produktas\\\/lego-75384-the-crimson-firehawk\\\/\",\"url\":\"https:\\\/\\\/collectin.eu\\\/produktas\\\/lego-75384-the-crimson-firehawk\\\/\",\"name\":\"LEGO\u00ae 75384 The Crimson Firehawk - Collectin.eu\",\"isPartOf\":{\"@id\":\"https:\\\/\\\/collectin.eu\\\/#website\"},\"primaryImageOfPage\":{\"@id\":\"https:\\\/\\\/collectin.eu\\\/produktas\\\/lego-75384-the-crimson-firehawk\\\/#primaryimage\"},\"image\":{\"@id\":\"https:\\\/\\\/collectin.eu\\\/produktas\\\/lego-75384-the-crimson-firehawk\\\/#primaryimage\"},\"thumbnailUrl\":\"https:\\\/\\\/collectin.eu\\\/wp-content\\\/uploads\\\/2026\\\/04\\\/Untitled-design-2026-04-22T180059.091.png\",\"datePublished\":\"2026-04-22T15:06:50+00:00\",\"dateModified\":\"2026-04-22T15:06:51+00:00\",\"description\":\"Supa\u017eindinkite ma\u017eylius nuo 4 met\u0173 su konstravimu ir \u017eaidimu LEGO\u00ae\u00a0Star\u00a0Wars\u2122 visatoje su \u0161iuo pradiniu rinkiniu.\",\"breadcrumb\":{\"@id\":\"https:\\\/\\\/collectin.eu\\\/produktas\\\/lego-75384-the-crimson-firehawk\\\/#breadcrumb\"},\"inLanguage\":\"en-US\",\"potentialAction\":[{\"@type\":\"ReadAction\",\"target\":[\"https:\\\/\\\/collectin.eu\\\/produktas\\\/lego-75384-the-crimson-firehawk\\\/\"]}]},{\"@type\":\"ImageObject\",\"inLanguage\":\"en-US\",\"@id\":\"https:\\\/\\\/collectin.eu\\\/produktas\\\/lego-75384-the-crimson-firehawk\\\/#primaryimage\",\"url\":\"https:\\\/\\\/collectin.eu\\\/wp-content\\\/uploads\\\/2026\\\/04\\\/Untitled-design-2026-04-22T180059.091.png\",\"contentUrl\":\"https:\\\/\\\/collectin.eu\\\/wp-content\\\/uploads\\\/2026\\\/04\\\/Untitled-design-2026-04-22T180059.091.png\",\"width\":1080,\"height\":1080},{\"@type\":\"BreadcrumbList\",\"@id\":\"https:\\\/\\\/collectin.eu\\\/produktas\\\/lego-75384-the-crimson-firehawk\\\/#breadcrumb\",\"itemListElement\":[{\"@type\":\"ListItem\",\"position\":1,\"name\":\"Home\",\"item\":\"https:\\\/\\\/collectin.eu\\\/\"},{\"@type\":\"ListItem\",\"position\":2,\"name\":\"Parduotuv\u0117\",\"item\":\"https:\\\/\\\/collectin.eu\\\/parduotuve\\\/\"},{\"@type\":\"ListItem\",\"position\":3,\"name\":\"LEGO\u00ae 75384 The Crimson Firehawk\"}]},{\"@type\":\"WebSite\",\"@id\":\"https:\\\/\\\/collectin.eu\\\/#website\",\"url\":\"https:\\\/\\\/collectin.eu\\\/\",\"name\":\"Collectin.eu\",\"description\":\"\",\"potentialAction\":[{\"@type\":\"SearchAction\",\"target\":{\"@type\":\"EntryPoint\",\"urlTemplate\":\"https:\\\/\\\/collectin.eu\\\/?s={search_term_string}\"},\"query-input\":{\"@type\":\"PropertyValueSpecification\",\"valueRequired\":true,\"valueName\":\"search_term_string\"}}],\"inLanguage\":\"en-US\"}]}<\/script>\n<!-- \/ Yoast SEO plugin. -->","yoast_head_json":{"title":"LEGO\u00ae 75384 The Crimson Firehawk - Collectin.eu","description":"Supa\u017eindinkite ma\u017eylius nuo 4 met\u0173 su konstravimu ir \u017eaidimu LEGO\u00ae\u00a0Star\u00a0Wars\u2122 visatoje su \u0161iuo pradiniu rinkiniu.","robots":{"index":"index","follow":"follow","max-snippet":"max-snippet:-1","max-image-preview":"max-image-preview:large","max-video-preview":"max-video-preview:-1"},"canonical":"https:\/\/collectin.eu\/en\/product\/lego-75384-the-crimson-firehawk\/","og_locale":"en_US","og_type":"article","og_title":"LEGO\u00ae 75384 The Crimson Firehawk - Collectin.eu","og_description":"Supa\u017eindinkite ma\u017eylius nuo 4 met\u0173 su konstravimu ir \u017eaidimu LEGO\u00ae\u00a0Star\u00a0Wars\u2122 visatoje su \u0161iuo pradiniu rinkiniu.","og_url":"https:\/\/collectin.eu\/en\/product\/lego-75384-the-crimson-firehawk\/","og_site_name":"Collectin.eu","article_modified_time":"2026-04-22T15:06:51+00:00","og_image":[{"width":1080,"height":1080,"url":"http:\/\/collectin.eu\/wp-content\/uploads\/2026\/04\/Untitled-design-2026-04-22T180059.091.png","type":"image\/png"}],"twitter_card":"summary_large_image","twitter_misc":{"Est. reading time":"1 minute"},"schema":{"@context":"https:\/\/schema.org","@graph":[{"@type":"WebPage","@id":"https:\/\/collectin.eu\/produktas\/lego-75384-the-crimson-firehawk\/","url":"https:\/\/collectin.eu\/produktas\/lego-75384-the-crimson-firehawk\/","name":"LEGO\u00ae 75384 The Crimson Firehawk - Collectin.eu","isPartOf":{"@id":"https:\/\/collectin.eu\/#website"},"primaryImageOfPage":{"@id":"https:\/\/collectin.eu\/produktas\/lego-75384-the-crimson-firehawk\/#primaryimage"},"image":{"@id":"https:\/\/collectin.eu\/produktas\/lego-75384-the-crimson-firehawk\/#primaryimage"},"thumbnailUrl":"https:\/\/collectin.eu\/wp-content\/uploads\/2026\/04\/Untitled-design-2026-04-22T180059.091.png","datePublished":"2026-04-22T15:06:50+00:00","dateModified":"2026-04-22T15:06:51+00:00","description":"Supa\u017eindinkite ma\u017eylius nuo 4 met\u0173 su konstravimu ir \u017eaidimu LEGO\u00ae\u00a0Star\u00a0Wars\u2122 visatoje su \u0161iuo pradiniu rinkiniu.","breadcrumb":{"@id":"https:\/\/collectin.eu\/produktas\/lego-75384-the-crimson-firehawk\/#breadcrumb"},"inLanguage":"en-US","potentialAction":[{"@type":"ReadAction","target":["https:\/\/collectin.eu\/produktas\/lego-75384-the-crimson-firehawk\/"]}]},{"@type":"ImageObject","inLanguage":"en-US","@id":"https:\/\/collectin.eu\/produktas\/lego-75384-the-crimson-firehawk\/#primaryimage","url":"https:\/\/collectin.eu\/wp-content\/uploads\/2026\/04\/Untitled-design-2026-04-22T180059.091.png","contentUrl":"https:\/\/collectin.eu\/wp-content\/uploads\/2026\/04\/Untitled-design-2026-04-22T180059.091.png","width":1080,"height":1080},{"@type":"BreadcrumbList","@id":"https:\/\/collectin.eu\/produktas\/lego-75384-the-crimson-firehawk\/#breadcrumb","itemListElement":[{"@type":"ListItem","position":1,"name":"Home","item":"https:\/\/collectin.eu\/"},{"@type":"ListItem","position":2,"name":"Parduotuv\u0117","item":"https:\/\/collectin.eu\/parduotuve\/"},{"@type":"ListItem","position":3,"name":"LEGO\u00ae 75384 The Crimson Firehawk"}]},{"@type":"WebSite","@id":"https:\/\/collectin.eu\/#website","url":"https:\/\/collectin.eu\/","name":"Collectin.eu","description":"","potentialAction":[{"@type":"SearchAction","target":{"@type":"EntryPoint","urlTemplate":"https:\/\/collectin.eu\/?s={search_term_string}"},"query-input":{"@type":"PropertyValueSpecification","valueRequired":true,"valueName":"search_term_string"}}],"inLanguage":"en-US"}]}},"jetpack_sharing_enabled":true,"_links":{"self":[{"href":"https:\/\/collectin.eu\/en\/wp-json\/wp\/v2\/product\/40889","targetHints":{"allow":["GET"]}}],"collection":[{"href":"https:\/\/collectin.eu\/en\/wp-json\/wp\/v2\/product"}],"about":[{"href":"https:\/\/collectin.eu\/en\/wp-json\/wp\/v2\/types\/product"}],"replies":[{"embeddable":true,"href":"https:\/\/collectin.eu\/en\/wp-json\/wp\/v2\/comments?post=40889"}],"version-history":[{"count":2,"href":"https:\/\/collectin.eu\/en\/wp-json\/wp\/v2\/product\/40889\/revisions"}],"predecessor-version":[{"id":40894,"href":"https:\/\/collectin.eu\/en\/wp-json\/wp\/v2\/product\/40889\/revisions\/40894"}],"wp:featuredmedia":[{"embeddable":true,"href":"https:\/\/collectin.eu\/en\/wp-json\/wp\/v2\/media\/40890"}],"wp:attachment":[{"href":"https:\/\/collectin.eu\/en\/wp-json\/wp\/v2\/media?parent=40889"}],"wp:term":[{"taxonomy":"product_brand","embeddable":true,"href":"https:\/\/collectin.eu\/en\/wp-json\/wp\/v2\/product_brand?post=40889"},{"taxonomy":"product_cat","embeddable":true,"href":"https:\/\/collectin.eu\/en\/wp-json\/wp\/v2\/product_cat?post=40889"},{"taxonomy":"product_tag","embeddable":true,"href":"https:\/\/collectin.eu\/en\/wp-json\/wp\/v2\/product_tag?post=40889"}],"curies":[{"name":"wp","href":"https:\/\/api.w.org\/{rel}","templated":true}]}}