{"id":40896,"date":"2026-04-22T15:17:42","date_gmt":"2026-04-22T15:17:42","guid":{"rendered":"https:\/\/collectin.eu\/?post_type=product&#038;p=40896"},"modified":"2026-04-22T15:17:43","modified_gmt":"2026-04-22T15:17:43","slug":"lego-42169-neom-mclaren-formula-e-race-car","status":"publish","type":"product","link":"https:\/\/collectin.eu\/en\/product\/lego-42169-neom-mclaren-formula-e-race-car\/","title":{"rendered":"LEGO\u00ae 42169 NEOM McLaren Formula E Race Car"},"content":{"rendered":"<p>Suteikite vaikams nuo 9 met\u0173 galimyb\u0119 pasinerti \u012f Formul\u0117s-E komandos pasaul\u012f su \u201eLEGO\u00ae Technic\u201c NEOM McLaren Formula E Race Car modelio rinkiniu (42169). Surinkdami transporto priemon\u0119 berniukai ir mergait\u0117s m\u0117gausis maloniu projektu, o paskui gal\u0117s i\u0161bandyti savo McLaren automobilio model\u012f naudodami jaudinan\u010di\u0105 dvigubo spyruoklinio mechanizmo funkcij\u0105, leid\u017eian\u010di\u0105 automobiliui \u012fsib\u0117g\u0117ti. Modelis taip pat turi vairavimo funkcij\u0105, tod\u0117l vaikai gal\u0117s nustatyti automobilio va\u017eiavimo krypt\u012f ir \u012fsivaizduoti, kad lenktyniauja su McLaren komanda. \u0160is \u0161aunus LEGO rinkinys bus puiki dovana vaikams, kuriems patinka \u017eaislin\u0117s transporto priemon\u0117s ir lenktyniniai automobiliai.<br \/>\n\u201eLEGO Technic\u201c konstravimo rinkiniai, skirti vaikams, pasi\u017eymi tikrovi\u0161komis detal\u0117mis, kurios suprantamu b\u016bdu supa\u017eindina jaunuosius LEGO konstruotojus su in\u017einerija. O program\u0117l\u0117je \u201eLEGO Builder\u201c vaikai m\u0117gausis intuityviai perprantamo konstravimo nuotykiu, gal\u0117s priartinti ir sukioti modelius trimat\u0117je erdv\u0117je, i\u0161saugoti rinkinius bei steb\u0117ti pa\u017eang\u0105.<\/p>","protected":false},"excerpt":{"rendered":"<p>Suteikite vaikams nuo 9 met\u0173 galimyb\u0119 pasinerti \u012f Formul\u0117s-E komandos pasaul\u012f su \u201eLEGO\u00ae Technic\u201c NEOM McLaren Formula E Race Car<\/p>","protected":false},"featured_media":40897,"comment_status":"open","ping_status":"closed","template":"","meta":[],"product_brand":[423],"product_cat":[677,406,520],"product_tag":[],"class_list":{"0":"post-40896","1":"product","2":"type-product","3":"status-publish","4":"has-post-thumbnail","6":"product_brand-lego","7":"product_cat-lego-konstruktoriai","8":"product_cat-lego","9":"product_cat-lego-technic","11":"first","12":"instock","13":"taxable","14":"shipping-taxable","15":"purchasable","16":"product-type-simple"},"yoast_head":"<!-- This site is optimized with the Yoast SEO plugin v27.4 - https:\/\/yoast.com\/product\/yoast-seo-wordpress\/ -->\n<title>LEGO\u00ae 42169 NEOM McLaren Formula E Race Car - Collectin.eu<\/title>\n<meta name=\"description\" content=\"Suteikite vaikams nuo 9 met\u0173 galimyb\u0119 pasinerti \u012f Formul\u0117s-E komandos pasaul\u012f su \u201eLEGO\u00ae Technic\u201c NEOM McLaren Formula E Race Car modelio rinkiniu (42169).\" \/>\n<meta name=\"robots\" content=\"index, follow, max-snippet:-1, max-image-preview:large, max-video-preview:-1\" \/>\n<link rel=\"canonical\" href=\"https:\/\/collectin.eu\/en\/product\/lego-42169-neom-mclaren-formula-e-race-car\/\" \/>\n<meta property=\"og:locale\" content=\"en_US\" \/>\n<meta property=\"og:type\" content=\"article\" \/>\n<meta property=\"og:title\" content=\"LEGO\u00ae 42169 NEOM McLaren Formula E Race Car - Collectin.eu\" \/>\n<meta property=\"og:description\" content=\"Suteikite vaikams nuo 9 met\u0173 galimyb\u0119 pasinerti \u012f Formul\u0117s-E komandos pasaul\u012f su \u201eLEGO\u00ae Technic\u201c NEOM McLaren Formula E Race Car modelio rinkiniu (42169).\" \/>\n<meta property=\"og:url\" content=\"https:\/\/collectin.eu\/en\/product\/lego-42169-neom-mclaren-formula-e-race-car\/\" \/>\n<meta property=\"og:site_name\" content=\"Collectin.eu\" \/>\n<meta property=\"article:modified_time\" content=\"2026-04-22T15:17:43+00:00\" \/>\n<meta property=\"og:image\" content=\"http:\/\/collectin.eu\/wp-content\/uploads\/2026\/04\/Untitled-design-2026-04-22T181456.864.png\" \/>\n\t<meta property=\"og:image:width\" content=\"1080\" \/>\n\t<meta property=\"og:image:height\" content=\"1080\" \/>\n\t<meta property=\"og:image:type\" content=\"image\/png\" \/>\n<meta name=\"twitter:card\" content=\"summary_large_image\" \/>\n<meta name=\"twitter:label1\" content=\"Est. reading time\" \/>\n\t<meta name=\"twitter:data1\" content=\"1 minute\" \/>\n<script type=\"application\/ld+json\" class=\"yoast-schema-graph\">{\"@context\":\"https:\\\/\\\/schema.org\",\"@graph\":[{\"@type\":\"WebPage\",\"@id\":\"https:\\\/\\\/collectin.eu\\\/produktas\\\/lego-42169-neom-mclaren-formula-e-race-car\\\/\",\"url\":\"https:\\\/\\\/collectin.eu\\\/produktas\\\/lego-42169-neom-mclaren-formula-e-race-car\\\/\",\"name\":\"LEGO\u00ae 42169 NEOM McLaren Formula E Race Car - Collectin.eu\",\"isPartOf\":{\"@id\":\"https:\\\/\\\/collectin.eu\\\/#website\"},\"primaryImageOfPage\":{\"@id\":\"https:\\\/\\\/collectin.eu\\\/produktas\\\/lego-42169-neom-mclaren-formula-e-race-car\\\/#primaryimage\"},\"image\":{\"@id\":\"https:\\\/\\\/collectin.eu\\\/produktas\\\/lego-42169-neom-mclaren-formula-e-race-car\\\/#primaryimage\"},\"thumbnailUrl\":\"https:\\\/\\\/collectin.eu\\\/wp-content\\\/uploads\\\/2026\\\/04\\\/Untitled-design-2026-04-22T181456.864.png\",\"datePublished\":\"2026-04-22T15:17:42+00:00\",\"dateModified\":\"2026-04-22T15:17:43+00:00\",\"description\":\"Suteikite vaikams nuo 9 met\u0173 galimyb\u0119 pasinerti \u012f Formul\u0117s-E komandos pasaul\u012f su \u201eLEGO\u00ae Technic\u201c NEOM McLaren Formula E Race Car modelio rinkiniu (42169).\",\"breadcrumb\":{\"@id\":\"https:\\\/\\\/collectin.eu\\\/produktas\\\/lego-42169-neom-mclaren-formula-e-race-car\\\/#breadcrumb\"},\"inLanguage\":\"en-US\",\"potentialAction\":[{\"@type\":\"ReadAction\",\"target\":[\"https:\\\/\\\/collectin.eu\\\/produktas\\\/lego-42169-neom-mclaren-formula-e-race-car\\\/\"]}]},{\"@type\":\"ImageObject\",\"inLanguage\":\"en-US\",\"@id\":\"https:\\\/\\\/collectin.eu\\\/produktas\\\/lego-42169-neom-mclaren-formula-e-race-car\\\/#primaryimage\",\"url\":\"https:\\\/\\\/collectin.eu\\\/wp-content\\\/uploads\\\/2026\\\/04\\\/Untitled-design-2026-04-22T181456.864.png\",\"contentUrl\":\"https:\\\/\\\/collectin.eu\\\/wp-content\\\/uploads\\\/2026\\\/04\\\/Untitled-design-2026-04-22T181456.864.png\",\"width\":1080,\"height\":1080},{\"@type\":\"BreadcrumbList\",\"@id\":\"https:\\\/\\\/collectin.eu\\\/produktas\\\/lego-42169-neom-mclaren-formula-e-race-car\\\/#breadcrumb\",\"itemListElement\":[{\"@type\":\"ListItem\",\"position\":1,\"name\":\"Home\",\"item\":\"https:\\\/\\\/collectin.eu\\\/\"},{\"@type\":\"ListItem\",\"position\":2,\"name\":\"Parduotuv\u0117\",\"item\":\"https:\\\/\\\/collectin.eu\\\/parduotuve\\\/\"},{\"@type\":\"ListItem\",\"position\":3,\"name\":\"LEGO\u00ae 42169 NEOM McLaren Formula E Race Car\"}]},{\"@type\":\"WebSite\",\"@id\":\"https:\\\/\\\/collectin.eu\\\/#website\",\"url\":\"https:\\\/\\\/collectin.eu\\\/\",\"name\":\"Collectin.eu\",\"description\":\"\",\"potentialAction\":[{\"@type\":\"SearchAction\",\"target\":{\"@type\":\"EntryPoint\",\"urlTemplate\":\"https:\\\/\\\/collectin.eu\\\/?s={search_term_string}\"},\"query-input\":{\"@type\":\"PropertyValueSpecification\",\"valueRequired\":true,\"valueName\":\"search_term_string\"}}],\"inLanguage\":\"en-US\"}]}<\/script>\n<!-- \/ Yoast SEO plugin. -->","yoast_head_json":{"title":"LEGO\u00ae 42169 NEOM McLaren Formula E Race Car - Collectin.eu","description":"Suteikite vaikams nuo 9 met\u0173 galimyb\u0119 pasinerti \u012f Formul\u0117s-E komandos pasaul\u012f su \u201eLEGO\u00ae Technic\u201c NEOM McLaren Formula E Race Car modelio rinkiniu (42169).","robots":{"index":"index","follow":"follow","max-snippet":"max-snippet:-1","max-image-preview":"max-image-preview:large","max-video-preview":"max-video-preview:-1"},"canonical":"https:\/\/collectin.eu\/en\/product\/lego-42169-neom-mclaren-formula-e-race-car\/","og_locale":"en_US","og_type":"article","og_title":"LEGO\u00ae 42169 NEOM McLaren Formula E Race Car - Collectin.eu","og_description":"Suteikite vaikams nuo 9 met\u0173 galimyb\u0119 pasinerti \u012f Formul\u0117s-E komandos pasaul\u012f su \u201eLEGO\u00ae Technic\u201c NEOM McLaren Formula E Race Car modelio rinkiniu (42169).","og_url":"https:\/\/collectin.eu\/en\/product\/lego-42169-neom-mclaren-formula-e-race-car\/","og_site_name":"Collectin.eu","article_modified_time":"2026-04-22T15:17:43+00:00","og_image":[{"width":1080,"height":1080,"url":"http:\/\/collectin.eu\/wp-content\/uploads\/2026\/04\/Untitled-design-2026-04-22T181456.864.png","type":"image\/png"}],"twitter_card":"summary_large_image","twitter_misc":{"Est. reading time":"1 minute"},"schema":{"@context":"https:\/\/schema.org","@graph":[{"@type":"WebPage","@id":"https:\/\/collectin.eu\/produktas\/lego-42169-neom-mclaren-formula-e-race-car\/","url":"https:\/\/collectin.eu\/produktas\/lego-42169-neom-mclaren-formula-e-race-car\/","name":"LEGO\u00ae 42169 NEOM McLaren Formula E Race Car - Collectin.eu","isPartOf":{"@id":"https:\/\/collectin.eu\/#website"},"primaryImageOfPage":{"@id":"https:\/\/collectin.eu\/produktas\/lego-42169-neom-mclaren-formula-e-race-car\/#primaryimage"},"image":{"@id":"https:\/\/collectin.eu\/produktas\/lego-42169-neom-mclaren-formula-e-race-car\/#primaryimage"},"thumbnailUrl":"https:\/\/collectin.eu\/wp-content\/uploads\/2026\/04\/Untitled-design-2026-04-22T181456.864.png","datePublished":"2026-04-22T15:17:42+00:00","dateModified":"2026-04-22T15:17:43+00:00","description":"Suteikite vaikams nuo 9 met\u0173 galimyb\u0119 pasinerti \u012f Formul\u0117s-E komandos pasaul\u012f su \u201eLEGO\u00ae Technic\u201c NEOM McLaren Formula E Race Car modelio rinkiniu (42169).","breadcrumb":{"@id":"https:\/\/collectin.eu\/produktas\/lego-42169-neom-mclaren-formula-e-race-car\/#breadcrumb"},"inLanguage":"en-US","potentialAction":[{"@type":"ReadAction","target":["https:\/\/collectin.eu\/produktas\/lego-42169-neom-mclaren-formula-e-race-car\/"]}]},{"@type":"ImageObject","inLanguage":"en-US","@id":"https:\/\/collectin.eu\/produktas\/lego-42169-neom-mclaren-formula-e-race-car\/#primaryimage","url":"https:\/\/collectin.eu\/wp-content\/uploads\/2026\/04\/Untitled-design-2026-04-22T181456.864.png","contentUrl":"https:\/\/collectin.eu\/wp-content\/uploads\/2026\/04\/Untitled-design-2026-04-22T181456.864.png","width":1080,"height":1080},{"@type":"BreadcrumbList","@id":"https:\/\/collectin.eu\/produktas\/lego-42169-neom-mclaren-formula-e-race-car\/#breadcrumb","itemListElement":[{"@type":"ListItem","position":1,"name":"Home","item":"https:\/\/collectin.eu\/"},{"@type":"ListItem","position":2,"name":"Parduotuv\u0117","item":"https:\/\/collectin.eu\/parduotuve\/"},{"@type":"ListItem","position":3,"name":"LEGO\u00ae 42169 NEOM McLaren Formula E Race Car"}]},{"@type":"WebSite","@id":"https:\/\/collectin.eu\/#website","url":"https:\/\/collectin.eu\/","name":"Collectin.eu","description":"","potentialAction":[{"@type":"SearchAction","target":{"@type":"EntryPoint","urlTemplate":"https:\/\/collectin.eu\/?s={search_term_string}"},"query-input":{"@type":"PropertyValueSpecification","valueRequired":true,"valueName":"search_term_string"}}],"inLanguage":"en-US"}]}},"jetpack_sharing_enabled":true,"_links":{"self":[{"href":"https:\/\/collectin.eu\/en\/wp-json\/wp\/v2\/product\/40896","targetHints":{"allow":["GET"]}}],"collection":[{"href":"https:\/\/collectin.eu\/en\/wp-json\/wp\/v2\/product"}],"about":[{"href":"https:\/\/collectin.eu\/en\/wp-json\/wp\/v2\/types\/product"}],"replies":[{"embeddable":true,"href":"https:\/\/collectin.eu\/en\/wp-json\/wp\/v2\/comments?post=40896"}],"version-history":[{"count":2,"href":"https:\/\/collectin.eu\/en\/wp-json\/wp\/v2\/product\/40896\/revisions"}],"predecessor-version":[{"id":40901,"href":"https:\/\/collectin.eu\/en\/wp-json\/wp\/v2\/product\/40896\/revisions\/40901"}],"wp:featuredmedia":[{"embeddable":true,"href":"https:\/\/collectin.eu\/en\/wp-json\/wp\/v2\/media\/40897"}],"wp:attachment":[{"href":"https:\/\/collectin.eu\/en\/wp-json\/wp\/v2\/media?parent=40896"}],"wp:term":[{"taxonomy":"product_brand","embeddable":true,"href":"https:\/\/collectin.eu\/en\/wp-json\/wp\/v2\/product_brand?post=40896"},{"taxonomy":"product_cat","embeddable":true,"href":"https:\/\/collectin.eu\/en\/wp-json\/wp\/v2\/product_cat?post=40896"},{"taxonomy":"product_tag","embeddable":true,"href":"https:\/\/collectin.eu\/en\/wp-json\/wp\/v2\/product_tag?post=40896"}],"curies":[{"name":"wp","href":"https:\/\/api.w.org\/{rel}","templated":true}]}}