{"id":40902,"date":"2026-04-22T15:34:47","date_gmt":"2026-04-22T15:34:47","guid":{"rendered":"https:\/\/collectin.eu\/?post_type=product&#038;p=40902"},"modified":"2026-04-22T15:34:47","modified_gmt":"2026-04-22T15:34:47","slug":"lego-40747-daffodils","status":"publish","type":"product","link":"https:\/\/collectin.eu\/en\/product\/lego-40747-daffodils\/","title":{"rendered":"LEGO\u00ae 40747 Daffodils"},"content":{"rendered":"<p>\u012eteikite am\u017einai \u017eyd\u0117sian\u010di\u0173 g\u0117li\u0173 su \u0161ventine LEGO\u00ae narciz\u0173 (40747) dovana. 4 pastelini\u0173 spalv\u0173 \u017eied\u0173 rinkinys skirtas vaikams, berniukams bei mergait\u0117ms nuo 8 met\u0173 ir suaugusiems g\u0117li\u0173 gerb\u0117jams. Konstruojam\u0105 puok\u0161tel\u0119 sudaro 2 balti narcizai su\u017ealiais kotais ir reguliuojamais lapeliais tinkinimui paskatinti. Sukonstruotus narcizus galima eksponuoti atskirai arba kartu su kitomis LEGO g\u0117l\u0117mis (parduodamomis atskirai) sukuriant didesn\u0119 ir spalvingesn\u0119 puok\u0161t\u0117.<\/p>\n<ul>\n<li>K\u016brybi\u0161ka \u0161ventin\u0117 dovana \u2013 suteikite g\u0117li\u0173 myl\u0117tojams nuo 8 met\u0173 galimyb\u0119 sukonstruoti dekoratyvi\u0105 LEGO\u00ae narciz\u0173 puok\u0161t\u0119 ir i\u0161did\u017eiai j\u0105 eksponuoti<\/li>\n<li>Pavasario spalvos \u2013 tikrus narcizus primenan\u010dios g\u0117l\u0117s yra subtilios geltonos bei baltos spalvos ir turi \u017ealius kotus su reguliuojamais lapeliais<\/li>\n<li>I\u0161bandykite g\u0117li\u0173 komponavim\u0105 \u2013 narcizus galima derinti su kitais g\u0117li\u0173 rinkiniais (parduodamais atskirai) ir sukurti i\u0161skirtin\u0119 LEGO\u00ae puok\u0161t\u0119<\/li>\n<li>\u0160ventin\u0117 dovana bet kuria proga \u2013 konstruojami \u017eiedai \u2013 prasminga dovana vaikams ir \u0161v. Valentino ar Motinos dienos dovana g\u0117les mylintiems suaugusiesiems<\/li>\n<\/ul>","protected":false},"excerpt":{"rendered":"<p>\u012eteikite am\u017einai \u017eyd\u0117sian\u010di\u0173 g\u0117li\u0173 su \u0161ventine LEGO\u00ae narciz\u0173 (40747) dovana. 4 pastelini\u0173 spalv\u0173 \u017eied\u0173 rinkinys skirtas vaikams, berniukams bei mergait\u0117ms<\/p>","protected":false},"featured_media":40904,"comment_status":"open","ping_status":"closed","template":"","meta":[],"product_brand":[423],"product_cat":[677,406,526],"product_tag":[],"class_list":{"0":"post-40902","1":"product","2":"type-product","3":"status-publish","4":"has-post-thumbnail","6":"product_brand-lego","7":"product_cat-lego-konstruktoriai","8":"product_cat-lego","9":"product_cat-lego-the-botanical-collection","11":"first","12":"instock","13":"taxable","14":"shipping-taxable","15":"purchasable","16":"product-type-simple"},"yoast_head":"<!-- This site is optimized with the Yoast SEO plugin v27.4 - https:\/\/yoast.com\/product\/yoast-seo-wordpress\/ -->\n<title>LEGO\u00ae 40747 Daffodils - Collectin.eu<\/title>\n<meta name=\"description\" content=\"\u012eteikite am\u017einai \u017eyd\u0117sian\u010di\u0173 g\u0117li\u0173 su \u0161ventine LEGO\u00ae narciz\u0173 (40747) dovana. 4 pastelini\u0173 spalv\u0173 \u017eied\u0173 rinkinys skirtas vaikams.\" \/>\n<meta name=\"robots\" content=\"index, follow, max-snippet:-1, max-image-preview:large, max-video-preview:-1\" \/>\n<link rel=\"canonical\" href=\"https:\/\/collectin.eu\/en\/product\/lego-40747-daffodils\/\" \/>\n<meta property=\"og:locale\" content=\"en_US\" \/>\n<meta property=\"og:type\" content=\"article\" \/>\n<meta property=\"og:title\" content=\"LEGO\u00ae 40747 Daffodils - Collectin.eu\" \/>\n<meta property=\"og:description\" content=\"\u012eteikite am\u017einai \u017eyd\u0117sian\u010di\u0173 g\u0117li\u0173 su \u0161ventine LEGO\u00ae narciz\u0173 (40747) dovana. 4 pastelini\u0173 spalv\u0173 \u017eied\u0173 rinkinys skirtas vaikams.\" \/>\n<meta property=\"og:url\" content=\"https:\/\/collectin.eu\/en\/product\/lego-40747-daffodils\/\" \/>\n<meta property=\"og:site_name\" content=\"Collectin.eu\" \/>\n<meta property=\"og:image\" content=\"http:\/\/collectin.eu\/wp-content\/uploads\/2026\/04\/Untitled-design-2026-04-22T183310.750.png\" \/>\n\t<meta property=\"og:image:width\" content=\"1080\" \/>\n\t<meta property=\"og:image:height\" content=\"1080\" \/>\n\t<meta property=\"og:image:type\" content=\"image\/png\" \/>\n<meta name=\"twitter:card\" content=\"summary_large_image\" \/>\n<meta name=\"twitter:label1\" content=\"Est. reading time\" \/>\n\t<meta name=\"twitter:data1\" content=\"1 minute\" \/>\n<script type=\"application\/ld+json\" class=\"yoast-schema-graph\">{\"@context\":\"https:\\\/\\\/schema.org\",\"@graph\":[{\"@type\":\"WebPage\",\"@id\":\"https:\\\/\\\/collectin.eu\\\/produktas\\\/lego-40747-daffodils\\\/\",\"url\":\"https:\\\/\\\/collectin.eu\\\/produktas\\\/lego-40747-daffodils\\\/\",\"name\":\"LEGO\u00ae 40747 Daffodils - Collectin.eu\",\"isPartOf\":{\"@id\":\"https:\\\/\\\/collectin.eu\\\/#website\"},\"primaryImageOfPage\":{\"@id\":\"https:\\\/\\\/collectin.eu\\\/produktas\\\/lego-40747-daffodils\\\/#primaryimage\"},\"image\":{\"@id\":\"https:\\\/\\\/collectin.eu\\\/produktas\\\/lego-40747-daffodils\\\/#primaryimage\"},\"thumbnailUrl\":\"https:\\\/\\\/collectin.eu\\\/wp-content\\\/uploads\\\/2026\\\/04\\\/Untitled-design-2026-04-22T183310.750.png\",\"datePublished\":\"2026-04-22T15:34:47+00:00\",\"description\":\"\u012eteikite am\u017einai \u017eyd\u0117sian\u010di\u0173 g\u0117li\u0173 su \u0161ventine LEGO\u00ae narciz\u0173 (40747) dovana. 4 pastelini\u0173 spalv\u0173 \u017eied\u0173 rinkinys skirtas vaikams.\",\"breadcrumb\":{\"@id\":\"https:\\\/\\\/collectin.eu\\\/produktas\\\/lego-40747-daffodils\\\/#breadcrumb\"},\"inLanguage\":\"en-US\",\"potentialAction\":[{\"@type\":\"ReadAction\",\"target\":[\"https:\\\/\\\/collectin.eu\\\/produktas\\\/lego-40747-daffodils\\\/\"]}]},{\"@type\":\"ImageObject\",\"inLanguage\":\"en-US\",\"@id\":\"https:\\\/\\\/collectin.eu\\\/produktas\\\/lego-40747-daffodils\\\/#primaryimage\",\"url\":\"https:\\\/\\\/collectin.eu\\\/wp-content\\\/uploads\\\/2026\\\/04\\\/Untitled-design-2026-04-22T183310.750.png\",\"contentUrl\":\"https:\\\/\\\/collectin.eu\\\/wp-content\\\/uploads\\\/2026\\\/04\\\/Untitled-design-2026-04-22T183310.750.png\",\"width\":1080,\"height\":1080},{\"@type\":\"BreadcrumbList\",\"@id\":\"https:\\\/\\\/collectin.eu\\\/produktas\\\/lego-40747-daffodils\\\/#breadcrumb\",\"itemListElement\":[{\"@type\":\"ListItem\",\"position\":1,\"name\":\"Home\",\"item\":\"https:\\\/\\\/collectin.eu\\\/\"},{\"@type\":\"ListItem\",\"position\":2,\"name\":\"Parduotuv\u0117\",\"item\":\"https:\\\/\\\/collectin.eu\\\/parduotuve\\\/\"},{\"@type\":\"ListItem\",\"position\":3,\"name\":\"LEGO\u00ae 40747 Daffodils\"}]},{\"@type\":\"WebSite\",\"@id\":\"https:\\\/\\\/collectin.eu\\\/#website\",\"url\":\"https:\\\/\\\/collectin.eu\\\/\",\"name\":\"Collectin.eu\",\"description\":\"\",\"potentialAction\":[{\"@type\":\"SearchAction\",\"target\":{\"@type\":\"EntryPoint\",\"urlTemplate\":\"https:\\\/\\\/collectin.eu\\\/?s={search_term_string}\"},\"query-input\":{\"@type\":\"PropertyValueSpecification\",\"valueRequired\":true,\"valueName\":\"search_term_string\"}}],\"inLanguage\":\"en-US\"}]}<\/script>\n<!-- \/ Yoast SEO plugin. -->","yoast_head_json":{"title":"LEGO\u00ae 40747 Daffodils - Collectin.eu","description":"\u012eteikite am\u017einai \u017eyd\u0117sian\u010di\u0173 g\u0117li\u0173 su \u0161ventine LEGO\u00ae narciz\u0173 (40747) dovana. 4 pastelini\u0173 spalv\u0173 \u017eied\u0173 rinkinys skirtas vaikams.","robots":{"index":"index","follow":"follow","max-snippet":"max-snippet:-1","max-image-preview":"max-image-preview:large","max-video-preview":"max-video-preview:-1"},"canonical":"https:\/\/collectin.eu\/en\/product\/lego-40747-daffodils\/","og_locale":"en_US","og_type":"article","og_title":"LEGO\u00ae 40747 Daffodils - Collectin.eu","og_description":"\u012eteikite am\u017einai \u017eyd\u0117sian\u010di\u0173 g\u0117li\u0173 su \u0161ventine LEGO\u00ae narciz\u0173 (40747) dovana. 4 pastelini\u0173 spalv\u0173 \u017eied\u0173 rinkinys skirtas vaikams.","og_url":"https:\/\/collectin.eu\/en\/product\/lego-40747-daffodils\/","og_site_name":"Collectin.eu","og_image":[{"width":1080,"height":1080,"url":"http:\/\/collectin.eu\/wp-content\/uploads\/2026\/04\/Untitled-design-2026-04-22T183310.750.png","type":"image\/png"}],"twitter_card":"summary_large_image","twitter_misc":{"Est. reading time":"1 minute"},"schema":{"@context":"https:\/\/schema.org","@graph":[{"@type":"WebPage","@id":"https:\/\/collectin.eu\/produktas\/lego-40747-daffodils\/","url":"https:\/\/collectin.eu\/produktas\/lego-40747-daffodils\/","name":"LEGO\u00ae 40747 Daffodils - Collectin.eu","isPartOf":{"@id":"https:\/\/collectin.eu\/#website"},"primaryImageOfPage":{"@id":"https:\/\/collectin.eu\/produktas\/lego-40747-daffodils\/#primaryimage"},"image":{"@id":"https:\/\/collectin.eu\/produktas\/lego-40747-daffodils\/#primaryimage"},"thumbnailUrl":"https:\/\/collectin.eu\/wp-content\/uploads\/2026\/04\/Untitled-design-2026-04-22T183310.750.png","datePublished":"2026-04-22T15:34:47+00:00","description":"\u012eteikite am\u017einai \u017eyd\u0117sian\u010di\u0173 g\u0117li\u0173 su \u0161ventine LEGO\u00ae narciz\u0173 (40747) dovana. 4 pastelini\u0173 spalv\u0173 \u017eied\u0173 rinkinys skirtas vaikams.","breadcrumb":{"@id":"https:\/\/collectin.eu\/produktas\/lego-40747-daffodils\/#breadcrumb"},"inLanguage":"en-US","potentialAction":[{"@type":"ReadAction","target":["https:\/\/collectin.eu\/produktas\/lego-40747-daffodils\/"]}]},{"@type":"ImageObject","inLanguage":"en-US","@id":"https:\/\/collectin.eu\/produktas\/lego-40747-daffodils\/#primaryimage","url":"https:\/\/collectin.eu\/wp-content\/uploads\/2026\/04\/Untitled-design-2026-04-22T183310.750.png","contentUrl":"https:\/\/collectin.eu\/wp-content\/uploads\/2026\/04\/Untitled-design-2026-04-22T183310.750.png","width":1080,"height":1080},{"@type":"BreadcrumbList","@id":"https:\/\/collectin.eu\/produktas\/lego-40747-daffodils\/#breadcrumb","itemListElement":[{"@type":"ListItem","position":1,"name":"Home","item":"https:\/\/collectin.eu\/"},{"@type":"ListItem","position":2,"name":"Parduotuv\u0117","item":"https:\/\/collectin.eu\/parduotuve\/"},{"@type":"ListItem","position":3,"name":"LEGO\u00ae 40747 Daffodils"}]},{"@type":"WebSite","@id":"https:\/\/collectin.eu\/#website","url":"https:\/\/collectin.eu\/","name":"Collectin.eu","description":"","potentialAction":[{"@type":"SearchAction","target":{"@type":"EntryPoint","urlTemplate":"https:\/\/collectin.eu\/?s={search_term_string}"},"query-input":{"@type":"PropertyValueSpecification","valueRequired":true,"valueName":"search_term_string"}}],"inLanguage":"en-US"}]}},"jetpack_sharing_enabled":true,"_links":{"self":[{"href":"https:\/\/collectin.eu\/en\/wp-json\/wp\/v2\/product\/40902","targetHints":{"allow":["GET"]}}],"collection":[{"href":"https:\/\/collectin.eu\/en\/wp-json\/wp\/v2\/product"}],"about":[{"href":"https:\/\/collectin.eu\/en\/wp-json\/wp\/v2\/types\/product"}],"replies":[{"embeddable":true,"href":"https:\/\/collectin.eu\/en\/wp-json\/wp\/v2\/comments?post=40902"}],"version-history":[{"count":2,"href":"https:\/\/collectin.eu\/en\/wp-json\/wp\/v2\/product\/40902\/revisions"}],"predecessor-version":[{"id":40908,"href":"https:\/\/collectin.eu\/en\/wp-json\/wp\/v2\/product\/40902\/revisions\/40908"}],"wp:featuredmedia":[{"embeddable":true,"href":"https:\/\/collectin.eu\/en\/wp-json\/wp\/v2\/media\/40904"}],"wp:attachment":[{"href":"https:\/\/collectin.eu\/en\/wp-json\/wp\/v2\/media?parent=40902"}],"wp:term":[{"taxonomy":"product_brand","embeddable":true,"href":"https:\/\/collectin.eu\/en\/wp-json\/wp\/v2\/product_brand?post=40902"},{"taxonomy":"product_cat","embeddable":true,"href":"https:\/\/collectin.eu\/en\/wp-json\/wp\/v2\/product_cat?post=40902"},{"taxonomy":"product_tag","embeddable":true,"href":"https:\/\/collectin.eu\/en\/wp-json\/wp\/v2\/product_tag?post=40902"}],"curies":[{"name":"wp","href":"https:\/\/api.w.org\/{rel}","templated":true}]}}