{"id":40909,"date":"2026-04-22T17:51:48","date_gmt":"2026-04-22T17:51:48","guid":{"rendered":"https:\/\/collectin.eu\/?post_type=product&#038;p=40909"},"modified":"2026-04-23T06:15:23","modified_gmt":"2026-04-23T06:15:23","slug":"lego-30652-doctor-stranges-interdimensional-portal-polybag","status":"publish","type":"product","link":"https:\/\/collectin.eu\/en\/product\/lego-30652-doctor-stranges-interdimensional-portal-polybag\/","title":{"rendered":"LEGO\u00ae 30652 Doctor Strange&#8217;s Interdimensional Portal polybag"},"content":{"rendered":"<p>LEGO\u00ae Marvel: Doctor Strange&#8217;s Interdimensional Portal (30652) \u2013 tai kompakti\u0161kas, ta\u010diau itin magi\u0161kas \u201epolybag\u201c tipo rinkinys, kuris akimirksniu nukelia \u012f paslapting\u0105j\u012f \u201eMarvel\u201c kino visatos multivisatos pasaul\u012f. \u0160io rinkinio a\u0161is yra unikali daktaro Streind\u017eo minifig\u016br\u0117l\u0117 su ry\u0161kiu plastikiniu apsiaustu, stovinti \u0161alia meistri\u0161kai sukonstruoto, permatom\u0173 oran\u017eini\u0173 detali\u0173 portalo, pro kur\u012f matomas Niujorko dangorai\u017ei\u0173 peiza\u017eas. Nors modelis yra nedidelio formato, jame i\u0161laikyta stebinanti detali\u0173 gausa \u2013 nuo portalo tekst\u016bros iki Streind\u017eo naudojam\u0173 magi\u0161k\u0173 artefakt\u0173. Tai puikus priedas bet kuriai \u201eMarvel\u201c kolekcijai, leid\u017eiantis gerb\u0117jams atkurti kultines teleportacijos scenas arba suteikti dinami\u0161kumo jau turimoms LEGO konstrukcijoms. \u0160is rinkinys puikiai tinka tiek kaip nedidel\u0117 dovana, tiek kaip stilingas kolekcinis akcentas, \u012frodantis, kad net ir ma\u017eiausiame krep\u0161elyje gali tilpti berib\u0117 magija ir nuotykiai.<\/p>","protected":false},"excerpt":{"rendered":"<p>LEGO\u00ae Marvel: Doctor Strange&#8217;s Interdimensional Portal (30652) \u2013 tai kompakti\u0161kas, ta\u010diau itin magi\u0161kas \u201epolybag\u201c tipo rinkinys, kuris akimirksniu nukelia \u012f<\/p>","protected":false},"featured_media":40910,"comment_status":"open","ping_status":"closed","template":"","meta":[],"product_brand":[423],"product_cat":[677,406,491],"product_tag":[],"class_list":{"0":"post-40909","1":"product","2":"type-product","3":"status-publish","4":"has-post-thumbnail","6":"product_brand-lego","7":"product_cat-lego-konstruktoriai","8":"product_cat-lego","9":"product_cat-lego-marvel","11":"first","12":"instock","13":"taxable","14":"shipping-taxable","15":"purchasable","16":"product-type-simple"},"yoast_head":"<!-- This site is optimized with the Yoast SEO plugin v27.4 - https:\/\/yoast.com\/product\/yoast-seo-wordpress\/ -->\n<title>LEGO\u00ae 30652 Doctor Strange&#039;s Interdimensional Portal polybag - Collectin.eu<\/title>\n<meta name=\"description\" content=\"LEGO\u00ae Marvel: Doctor Strange&#039;s Interdimensional Portal (30652) \u2013 tai kompakti\u0161kas, ta\u010diau itin magi\u0161kas \u201epolybag\u201c tipo rinkinys.\" \/>\n<meta name=\"robots\" content=\"index, follow, max-snippet:-1, max-image-preview:large, max-video-preview:-1\" \/>\n<link rel=\"canonical\" href=\"https:\/\/collectin.eu\/en\/product\/lego-30652-doctor-stranges-interdimensional-portal-polybag\/\" \/>\n<meta property=\"og:locale\" content=\"en_US\" \/>\n<meta property=\"og:type\" content=\"article\" \/>\n<meta property=\"og:title\" content=\"LEGO\u00ae 30652 Doctor Strange&#039;s Interdimensional Portal polybag - Collectin.eu\" \/>\n<meta property=\"og:description\" content=\"LEGO\u00ae Marvel: Doctor Strange&#039;s Interdimensional Portal (30652) \u2013 tai kompakti\u0161kas, ta\u010diau itin magi\u0161kas \u201epolybag\u201c tipo rinkinys.\" \/>\n<meta property=\"og:url\" content=\"https:\/\/collectin.eu\/en\/product\/lego-30652-doctor-stranges-interdimensional-portal-polybag\/\" \/>\n<meta property=\"og:site_name\" content=\"Collectin.eu\" \/>\n<meta property=\"article:modified_time\" content=\"2026-04-23T06:15:23+00:00\" \/>\n<meta property=\"og:image\" content=\"http:\/\/collectin.eu\/wp-content\/uploads\/2026\/04\/Untitled-design-2026-04-22T204850.781.png\" \/>\n\t<meta property=\"og:image:width\" content=\"1080\" \/>\n\t<meta property=\"og:image:height\" content=\"1080\" \/>\n\t<meta property=\"og:image:type\" content=\"image\/png\" \/>\n<meta name=\"twitter:card\" content=\"summary_large_image\" \/>\n<meta name=\"twitter:label1\" content=\"Est. reading time\" \/>\n\t<meta name=\"twitter:data1\" content=\"1 minute\" \/>\n<script type=\"application\/ld+json\" class=\"yoast-schema-graph\">{\"@context\":\"https:\\\/\\\/schema.org\",\"@graph\":[{\"@type\":\"WebPage\",\"@id\":\"https:\\\/\\\/collectin.eu\\\/produktas\\\/lego-30652-doctor-stranges-interdimensional-portal-polybag\\\/\",\"url\":\"https:\\\/\\\/collectin.eu\\\/produktas\\\/lego-30652-doctor-stranges-interdimensional-portal-polybag\\\/\",\"name\":\"LEGO\u00ae 30652 Doctor Strange's Interdimensional Portal polybag - Collectin.eu\",\"isPartOf\":{\"@id\":\"https:\\\/\\\/collectin.eu\\\/#website\"},\"primaryImageOfPage\":{\"@id\":\"https:\\\/\\\/collectin.eu\\\/produktas\\\/lego-30652-doctor-stranges-interdimensional-portal-polybag\\\/#primaryimage\"},\"image\":{\"@id\":\"https:\\\/\\\/collectin.eu\\\/produktas\\\/lego-30652-doctor-stranges-interdimensional-portal-polybag\\\/#primaryimage\"},\"thumbnailUrl\":\"https:\\\/\\\/collectin.eu\\\/wp-content\\\/uploads\\\/2026\\\/04\\\/Untitled-design-2026-04-22T204850.781.png\",\"datePublished\":\"2026-04-22T17:51:48+00:00\",\"dateModified\":\"2026-04-23T06:15:23+00:00\",\"description\":\"LEGO\u00ae Marvel: Doctor Strange's Interdimensional Portal (30652) \u2013 tai kompakti\u0161kas, ta\u010diau itin magi\u0161kas \u201epolybag\u201c tipo rinkinys.\",\"breadcrumb\":{\"@id\":\"https:\\\/\\\/collectin.eu\\\/produktas\\\/lego-30652-doctor-stranges-interdimensional-portal-polybag\\\/#breadcrumb\"},\"inLanguage\":\"en-US\",\"potentialAction\":[{\"@type\":\"ReadAction\",\"target\":[\"https:\\\/\\\/collectin.eu\\\/produktas\\\/lego-30652-doctor-stranges-interdimensional-portal-polybag\\\/\"]}]},{\"@type\":\"ImageObject\",\"inLanguage\":\"en-US\",\"@id\":\"https:\\\/\\\/collectin.eu\\\/produktas\\\/lego-30652-doctor-stranges-interdimensional-portal-polybag\\\/#primaryimage\",\"url\":\"https:\\\/\\\/collectin.eu\\\/wp-content\\\/uploads\\\/2026\\\/04\\\/Untitled-design-2026-04-22T204850.781.png\",\"contentUrl\":\"https:\\\/\\\/collectin.eu\\\/wp-content\\\/uploads\\\/2026\\\/04\\\/Untitled-design-2026-04-22T204850.781.png\",\"width\":1080,\"height\":1080},{\"@type\":\"BreadcrumbList\",\"@id\":\"https:\\\/\\\/collectin.eu\\\/produktas\\\/lego-30652-doctor-stranges-interdimensional-portal-polybag\\\/#breadcrumb\",\"itemListElement\":[{\"@type\":\"ListItem\",\"position\":1,\"name\":\"Home\",\"item\":\"https:\\\/\\\/collectin.eu\\\/\"},{\"@type\":\"ListItem\",\"position\":2,\"name\":\"Parduotuv\u0117\",\"item\":\"https:\\\/\\\/collectin.eu\\\/parduotuve\\\/\"},{\"@type\":\"ListItem\",\"position\":3,\"name\":\"LEGO\u00ae 30652 Doctor Strange&#8217;s Interdimensional Portal polybag\"}]},{\"@type\":\"WebSite\",\"@id\":\"https:\\\/\\\/collectin.eu\\\/#website\",\"url\":\"https:\\\/\\\/collectin.eu\\\/\",\"name\":\"Collectin.eu\",\"description\":\"\",\"potentialAction\":[{\"@type\":\"SearchAction\",\"target\":{\"@type\":\"EntryPoint\",\"urlTemplate\":\"https:\\\/\\\/collectin.eu\\\/?s={search_term_string}\"},\"query-input\":{\"@type\":\"PropertyValueSpecification\",\"valueRequired\":true,\"valueName\":\"search_term_string\"}}],\"inLanguage\":\"en-US\"}]}<\/script>\n<!-- \/ Yoast SEO plugin. -->","yoast_head_json":{"title":"LEGO\u00ae 30652 Doctor Strange's Interdimensional Portal polybag - Collectin.eu","description":"LEGO\u00ae Marvel: Doctor Strange's Interdimensional Portal (30652) \u2013 tai kompakti\u0161kas, ta\u010diau itin magi\u0161kas \u201epolybag\u201c tipo rinkinys.","robots":{"index":"index","follow":"follow","max-snippet":"max-snippet:-1","max-image-preview":"max-image-preview:large","max-video-preview":"max-video-preview:-1"},"canonical":"https:\/\/collectin.eu\/en\/product\/lego-30652-doctor-stranges-interdimensional-portal-polybag\/","og_locale":"en_US","og_type":"article","og_title":"LEGO\u00ae 30652 Doctor Strange's Interdimensional Portal polybag - Collectin.eu","og_description":"LEGO\u00ae Marvel: Doctor Strange's Interdimensional Portal (30652) \u2013 tai kompakti\u0161kas, ta\u010diau itin magi\u0161kas \u201epolybag\u201c tipo rinkinys.","og_url":"https:\/\/collectin.eu\/en\/product\/lego-30652-doctor-stranges-interdimensional-portal-polybag\/","og_site_name":"Collectin.eu","article_modified_time":"2026-04-23T06:15:23+00:00","og_image":[{"width":1080,"height":1080,"url":"http:\/\/collectin.eu\/wp-content\/uploads\/2026\/04\/Untitled-design-2026-04-22T204850.781.png","type":"image\/png"}],"twitter_card":"summary_large_image","twitter_misc":{"Est. reading time":"1 minute"},"schema":{"@context":"https:\/\/schema.org","@graph":[{"@type":"WebPage","@id":"https:\/\/collectin.eu\/produktas\/lego-30652-doctor-stranges-interdimensional-portal-polybag\/","url":"https:\/\/collectin.eu\/produktas\/lego-30652-doctor-stranges-interdimensional-portal-polybag\/","name":"LEGO\u00ae 30652 Doctor Strange's Interdimensional Portal polybag - Collectin.eu","isPartOf":{"@id":"https:\/\/collectin.eu\/#website"},"primaryImageOfPage":{"@id":"https:\/\/collectin.eu\/produktas\/lego-30652-doctor-stranges-interdimensional-portal-polybag\/#primaryimage"},"image":{"@id":"https:\/\/collectin.eu\/produktas\/lego-30652-doctor-stranges-interdimensional-portal-polybag\/#primaryimage"},"thumbnailUrl":"https:\/\/collectin.eu\/wp-content\/uploads\/2026\/04\/Untitled-design-2026-04-22T204850.781.png","datePublished":"2026-04-22T17:51:48+00:00","dateModified":"2026-04-23T06:15:23+00:00","description":"LEGO\u00ae Marvel: Doctor Strange's Interdimensional Portal (30652) \u2013 tai kompakti\u0161kas, ta\u010diau itin magi\u0161kas \u201epolybag\u201c tipo rinkinys.","breadcrumb":{"@id":"https:\/\/collectin.eu\/produktas\/lego-30652-doctor-stranges-interdimensional-portal-polybag\/#breadcrumb"},"inLanguage":"en-US","potentialAction":[{"@type":"ReadAction","target":["https:\/\/collectin.eu\/produktas\/lego-30652-doctor-stranges-interdimensional-portal-polybag\/"]}]},{"@type":"ImageObject","inLanguage":"en-US","@id":"https:\/\/collectin.eu\/produktas\/lego-30652-doctor-stranges-interdimensional-portal-polybag\/#primaryimage","url":"https:\/\/collectin.eu\/wp-content\/uploads\/2026\/04\/Untitled-design-2026-04-22T204850.781.png","contentUrl":"https:\/\/collectin.eu\/wp-content\/uploads\/2026\/04\/Untitled-design-2026-04-22T204850.781.png","width":1080,"height":1080},{"@type":"BreadcrumbList","@id":"https:\/\/collectin.eu\/produktas\/lego-30652-doctor-stranges-interdimensional-portal-polybag\/#breadcrumb","itemListElement":[{"@type":"ListItem","position":1,"name":"Home","item":"https:\/\/collectin.eu\/"},{"@type":"ListItem","position":2,"name":"Parduotuv\u0117","item":"https:\/\/collectin.eu\/parduotuve\/"},{"@type":"ListItem","position":3,"name":"LEGO\u00ae 30652 Doctor Strange&#8217;s Interdimensional Portal polybag"}]},{"@type":"WebSite","@id":"https:\/\/collectin.eu\/#website","url":"https:\/\/collectin.eu\/","name":"Collectin.eu","description":"","potentialAction":[{"@type":"SearchAction","target":{"@type":"EntryPoint","urlTemplate":"https:\/\/collectin.eu\/?s={search_term_string}"},"query-input":{"@type":"PropertyValueSpecification","valueRequired":true,"valueName":"search_term_string"}}],"inLanguage":"en-US"}]}},"jetpack_sharing_enabled":true,"_links":{"self":[{"href":"https:\/\/collectin.eu\/en\/wp-json\/wp\/v2\/product\/40909","targetHints":{"allow":["GET"]}}],"collection":[{"href":"https:\/\/collectin.eu\/en\/wp-json\/wp\/v2\/product"}],"about":[{"href":"https:\/\/collectin.eu\/en\/wp-json\/wp\/v2\/types\/product"}],"replies":[{"embeddable":true,"href":"https:\/\/collectin.eu\/en\/wp-json\/wp\/v2\/comments?post=40909"}],"version-history":[{"count":2,"href":"https:\/\/collectin.eu\/en\/wp-json\/wp\/v2\/product\/40909\/revisions"}],"predecessor-version":[{"id":40912,"href":"https:\/\/collectin.eu\/en\/wp-json\/wp\/v2\/product\/40909\/revisions\/40912"}],"wp:featuredmedia":[{"embeddable":true,"href":"https:\/\/collectin.eu\/en\/wp-json\/wp\/v2\/media\/40910"}],"wp:attachment":[{"href":"https:\/\/collectin.eu\/en\/wp-json\/wp\/v2\/media?parent=40909"}],"wp:term":[{"taxonomy":"product_brand","embeddable":true,"href":"https:\/\/collectin.eu\/en\/wp-json\/wp\/v2\/product_brand?post=40909"},{"taxonomy":"product_cat","embeddable":true,"href":"https:\/\/collectin.eu\/en\/wp-json\/wp\/v2\/product_cat?post=40909"},{"taxonomy":"product_tag","embeddable":true,"href":"https:\/\/collectin.eu\/en\/wp-json\/wp\/v2\/product_tag?post=40909"}],"curies":[{"name":"wp","href":"https:\/\/api.w.org\/{rel}","templated":true}]}}