{"id":40913,"date":"2026-04-22T17:56:50","date_gmt":"2026-04-22T17:56:50","guid":{"rendered":"https:\/\/collectin.eu\/?post_type=product&#038;p=40913"},"modified":"2026-04-22T17:56:50","modified_gmt":"2026-04-22T17:56:50","slug":"lego-30679-venom-street-bike-polybag","status":"publish","type":"product","link":"https:\/\/collectin.eu\/en\/product\/lego-30679-venom-street-bike-polybag\/","title":{"rendered":"LEGO\u00ae 30679 Venom Street Bike polybag"},"content":{"rendered":"<p>LEGO\u00ae Marvel: Venom Street Bike (30679) \u2013 tai tamsios energijos ir grei\u010dio kupinas \u201epolybag\u201c tipo rinkinys, skirtas visiems \u201e\u017dmogaus-voro\u201c visatos bei antiheroj\u0173 gerb\u0117jams. \u0160io rinkinio centre \u2013 i\u0161skirtin\u0117 Venomo minifig\u016br\u0117l\u0117, pasi\u017eyminti \u0161iurpiai detaliu simbioto dizainu, kuri\u0105 papildo stilingas ir agresyvios i\u0161vaizdos juodas motociklas. Transporto priemon\u0117 dekoruota piktavali\u0161kais elementais bei ginkluota spyruoklin\u0117mis \u0161audykl\u0117mis, kurios suteikia modeliui interaktyvumo ir veiksmo galimybi\u0173. Nors rinkinys yra kompakti\u0161kas, jis puikiai perteikia Venomo persona\u017eo charakter\u012f ir dinami\u0161kum\u0105, tod\u0117l tampa puikiu priedu prie didesni\u0173 \u201eMarvel\u201c kolekcij\u0173 ar \u012ftempt\u0173 gaudyni\u0173 scenarij\u0173. Tai idealus pasirinkimas ie\u0161kantiems nedidelio, bet \u012fsp\u016bdingo akcento, kuris sujungia kolekcin\u0119 vert\u0119 ir neribot\u0105 vaizduot\u0117s laisv\u0119.<\/p>","protected":false},"excerpt":{"rendered":"<p>LEGO\u00ae Marvel: Venom Street Bike (30679) \u2013 tai tamsios energijos ir grei\u010dio kupinas \u201epolybag\u201c tipo rinkinys, skirtas visiems \u201e\u017dmogaus-voro\u201c visatos<\/p>","protected":false},"featured_media":40914,"comment_status":"open","ping_status":"closed","template":"","meta":[],"product_brand":[423],"product_cat":[677,406,491],"product_tag":[],"class_list":{"0":"post-40913","1":"product","2":"type-product","3":"status-publish","4":"has-post-thumbnail","6":"product_brand-lego","7":"product_cat-lego-konstruktoriai","8":"product_cat-lego","9":"product_cat-lego-marvel","11":"first","12":"instock","13":"taxable","14":"shipping-taxable","15":"purchasable","16":"product-type-simple"},"yoast_head":"<!-- This site is optimized with the Yoast SEO plugin v27.4 - https:\/\/yoast.com\/product\/yoast-seo-wordpress\/ -->\n<title>LEGO\u00ae 30679 Venom Street Bike polybag - Collectin.eu<\/title>\n<meta name=\"description\" content=\"LEGO\u00ae Marvel: Venom Street Bike (30679) \u2013 tai tamsios energijos ir grei\u010dio kupinas \u201epolybag\u201c tipo rinkinys, skirtas visiems \u201e\u017dmogaus-voro\u201c visatos bei antiheroj\u0173 gerb\u0117jams.\" \/>\n<meta name=\"robots\" content=\"index, follow, max-snippet:-1, max-image-preview:large, max-video-preview:-1\" \/>\n<link rel=\"canonical\" href=\"https:\/\/collectin.eu\/en\/product\/lego-30679-venom-street-bike-polybag\/\" \/>\n<meta property=\"og:locale\" content=\"en_US\" \/>\n<meta property=\"og:type\" content=\"article\" \/>\n<meta property=\"og:title\" content=\"LEGO\u00ae 30679 Venom Street Bike polybag - Collectin.eu\" \/>\n<meta property=\"og:description\" content=\"LEGO\u00ae Marvel: Venom Street Bike (30679) \u2013 tai tamsios energijos ir grei\u010dio kupinas \u201epolybag\u201c tipo rinkinys, skirtas visiems \u201e\u017dmogaus-voro\u201c visatos bei antiheroj\u0173 gerb\u0117jams.\" \/>\n<meta property=\"og:url\" content=\"https:\/\/collectin.eu\/en\/product\/lego-30679-venom-street-bike-polybag\/\" \/>\n<meta property=\"og:site_name\" content=\"Collectin.eu\" \/>\n<meta property=\"og:image\" content=\"http:\/\/collectin.eu\/wp-content\/uploads\/2026\/04\/Untitled-design-2026-04-22T205335.580.png\" \/>\n\t<meta property=\"og:image:width\" content=\"1080\" \/>\n\t<meta property=\"og:image:height\" content=\"1080\" \/>\n\t<meta property=\"og:image:type\" content=\"image\/png\" \/>\n<meta name=\"twitter:card\" content=\"summary_large_image\" \/>\n<meta name=\"twitter:label1\" content=\"Est. reading time\" \/>\n\t<meta name=\"twitter:data1\" content=\"1 minute\" \/>\n<script type=\"application\/ld+json\" class=\"yoast-schema-graph\">{\"@context\":\"https:\\\/\\\/schema.org\",\"@graph\":[{\"@type\":\"WebPage\",\"@id\":\"https:\\\/\\\/collectin.eu\\\/produktas\\\/lego-30679-venom-street-bike-polybag\\\/\",\"url\":\"https:\\\/\\\/collectin.eu\\\/produktas\\\/lego-30679-venom-street-bike-polybag\\\/\",\"name\":\"LEGO\u00ae 30679 Venom Street Bike polybag - Collectin.eu\",\"isPartOf\":{\"@id\":\"https:\\\/\\\/collectin.eu\\\/#website\"},\"primaryImageOfPage\":{\"@id\":\"https:\\\/\\\/collectin.eu\\\/produktas\\\/lego-30679-venom-street-bike-polybag\\\/#primaryimage\"},\"image\":{\"@id\":\"https:\\\/\\\/collectin.eu\\\/produktas\\\/lego-30679-venom-street-bike-polybag\\\/#primaryimage\"},\"thumbnailUrl\":\"https:\\\/\\\/collectin.eu\\\/wp-content\\\/uploads\\\/2026\\\/04\\\/Untitled-design-2026-04-22T205335.580.png\",\"datePublished\":\"2026-04-22T17:56:50+00:00\",\"description\":\"LEGO\u00ae Marvel: Venom Street Bike (30679) \u2013 tai tamsios energijos ir grei\u010dio kupinas \u201epolybag\u201c tipo rinkinys, skirtas visiems \u201e\u017dmogaus-voro\u201c visatos bei antiheroj\u0173 gerb\u0117jams.\",\"breadcrumb\":{\"@id\":\"https:\\\/\\\/collectin.eu\\\/produktas\\\/lego-30679-venom-street-bike-polybag\\\/#breadcrumb\"},\"inLanguage\":\"en-US\",\"potentialAction\":[{\"@type\":\"ReadAction\",\"target\":[\"https:\\\/\\\/collectin.eu\\\/produktas\\\/lego-30679-venom-street-bike-polybag\\\/\"]}]},{\"@type\":\"ImageObject\",\"inLanguage\":\"en-US\",\"@id\":\"https:\\\/\\\/collectin.eu\\\/produktas\\\/lego-30679-venom-street-bike-polybag\\\/#primaryimage\",\"url\":\"https:\\\/\\\/collectin.eu\\\/wp-content\\\/uploads\\\/2026\\\/04\\\/Untitled-design-2026-04-22T205335.580.png\",\"contentUrl\":\"https:\\\/\\\/collectin.eu\\\/wp-content\\\/uploads\\\/2026\\\/04\\\/Untitled-design-2026-04-22T205335.580.png\",\"width\":1080,\"height\":1080},{\"@type\":\"BreadcrumbList\",\"@id\":\"https:\\\/\\\/collectin.eu\\\/produktas\\\/lego-30679-venom-street-bike-polybag\\\/#breadcrumb\",\"itemListElement\":[{\"@type\":\"ListItem\",\"position\":1,\"name\":\"Home\",\"item\":\"https:\\\/\\\/collectin.eu\\\/\"},{\"@type\":\"ListItem\",\"position\":2,\"name\":\"Parduotuv\u0117\",\"item\":\"https:\\\/\\\/collectin.eu\\\/parduotuve\\\/\"},{\"@type\":\"ListItem\",\"position\":3,\"name\":\"LEGO\u00ae 30679 Venom Street Bike polybag\"}]},{\"@type\":\"WebSite\",\"@id\":\"https:\\\/\\\/collectin.eu\\\/#website\",\"url\":\"https:\\\/\\\/collectin.eu\\\/\",\"name\":\"Collectin.eu\",\"description\":\"\",\"potentialAction\":[{\"@type\":\"SearchAction\",\"target\":{\"@type\":\"EntryPoint\",\"urlTemplate\":\"https:\\\/\\\/collectin.eu\\\/?s={search_term_string}\"},\"query-input\":{\"@type\":\"PropertyValueSpecification\",\"valueRequired\":true,\"valueName\":\"search_term_string\"}}],\"inLanguage\":\"en-US\"}]}<\/script>\n<!-- \/ Yoast SEO plugin. -->","yoast_head_json":{"title":"LEGO\u00ae 30679 Venom Street Bike polybag - Collectin.eu","description":"LEGO\u00ae Marvel: Venom Street Bike (30679) \u2013 tai tamsios energijos ir grei\u010dio kupinas \u201epolybag\u201c tipo rinkinys, skirtas visiems \u201e\u017dmogaus-voro\u201c visatos bei antiheroj\u0173 gerb\u0117jams.","robots":{"index":"index","follow":"follow","max-snippet":"max-snippet:-1","max-image-preview":"max-image-preview:large","max-video-preview":"max-video-preview:-1"},"canonical":"https:\/\/collectin.eu\/en\/product\/lego-30679-venom-street-bike-polybag\/","og_locale":"en_US","og_type":"article","og_title":"LEGO\u00ae 30679 Venom Street Bike polybag - Collectin.eu","og_description":"LEGO\u00ae Marvel: Venom Street Bike (30679) \u2013 tai tamsios energijos ir grei\u010dio kupinas \u201epolybag\u201c tipo rinkinys, skirtas visiems \u201e\u017dmogaus-voro\u201c visatos bei antiheroj\u0173 gerb\u0117jams.","og_url":"https:\/\/collectin.eu\/en\/product\/lego-30679-venom-street-bike-polybag\/","og_site_name":"Collectin.eu","og_image":[{"width":1080,"height":1080,"url":"http:\/\/collectin.eu\/wp-content\/uploads\/2026\/04\/Untitled-design-2026-04-22T205335.580.png","type":"image\/png"}],"twitter_card":"summary_large_image","twitter_misc":{"Est. reading time":"1 minute"},"schema":{"@context":"https:\/\/schema.org","@graph":[{"@type":"WebPage","@id":"https:\/\/collectin.eu\/produktas\/lego-30679-venom-street-bike-polybag\/","url":"https:\/\/collectin.eu\/produktas\/lego-30679-venom-street-bike-polybag\/","name":"LEGO\u00ae 30679 Venom Street Bike polybag - Collectin.eu","isPartOf":{"@id":"https:\/\/collectin.eu\/#website"},"primaryImageOfPage":{"@id":"https:\/\/collectin.eu\/produktas\/lego-30679-venom-street-bike-polybag\/#primaryimage"},"image":{"@id":"https:\/\/collectin.eu\/produktas\/lego-30679-venom-street-bike-polybag\/#primaryimage"},"thumbnailUrl":"https:\/\/collectin.eu\/wp-content\/uploads\/2026\/04\/Untitled-design-2026-04-22T205335.580.png","datePublished":"2026-04-22T17:56:50+00:00","description":"LEGO\u00ae Marvel: Venom Street Bike (30679) \u2013 tai tamsios energijos ir grei\u010dio kupinas \u201epolybag\u201c tipo rinkinys, skirtas visiems \u201e\u017dmogaus-voro\u201c visatos bei antiheroj\u0173 gerb\u0117jams.","breadcrumb":{"@id":"https:\/\/collectin.eu\/produktas\/lego-30679-venom-street-bike-polybag\/#breadcrumb"},"inLanguage":"en-US","potentialAction":[{"@type":"ReadAction","target":["https:\/\/collectin.eu\/produktas\/lego-30679-venom-street-bike-polybag\/"]}]},{"@type":"ImageObject","inLanguage":"en-US","@id":"https:\/\/collectin.eu\/produktas\/lego-30679-venom-street-bike-polybag\/#primaryimage","url":"https:\/\/collectin.eu\/wp-content\/uploads\/2026\/04\/Untitled-design-2026-04-22T205335.580.png","contentUrl":"https:\/\/collectin.eu\/wp-content\/uploads\/2026\/04\/Untitled-design-2026-04-22T205335.580.png","width":1080,"height":1080},{"@type":"BreadcrumbList","@id":"https:\/\/collectin.eu\/produktas\/lego-30679-venom-street-bike-polybag\/#breadcrumb","itemListElement":[{"@type":"ListItem","position":1,"name":"Home","item":"https:\/\/collectin.eu\/"},{"@type":"ListItem","position":2,"name":"Parduotuv\u0117","item":"https:\/\/collectin.eu\/parduotuve\/"},{"@type":"ListItem","position":3,"name":"LEGO\u00ae 30679 Venom Street Bike polybag"}]},{"@type":"WebSite","@id":"https:\/\/collectin.eu\/#website","url":"https:\/\/collectin.eu\/","name":"Collectin.eu","description":"","potentialAction":[{"@type":"SearchAction","target":{"@type":"EntryPoint","urlTemplate":"https:\/\/collectin.eu\/?s={search_term_string}"},"query-input":{"@type":"PropertyValueSpecification","valueRequired":true,"valueName":"search_term_string"}}],"inLanguage":"en-US"}]}},"jetpack_sharing_enabled":true,"_links":{"self":[{"href":"https:\/\/collectin.eu\/en\/wp-json\/wp\/v2\/product\/40913","targetHints":{"allow":["GET"]}}],"collection":[{"href":"https:\/\/collectin.eu\/en\/wp-json\/wp\/v2\/product"}],"about":[{"href":"https:\/\/collectin.eu\/en\/wp-json\/wp\/v2\/types\/product"}],"replies":[{"embeddable":true,"href":"https:\/\/collectin.eu\/en\/wp-json\/wp\/v2\/comments?post=40913"}],"version-history":[{"count":2,"href":"https:\/\/collectin.eu\/en\/wp-json\/wp\/v2\/product\/40913\/revisions"}],"predecessor-version":[{"id":40916,"href":"https:\/\/collectin.eu\/en\/wp-json\/wp\/v2\/product\/40913\/revisions\/40916"}],"wp:featuredmedia":[{"embeddable":true,"href":"https:\/\/collectin.eu\/en\/wp-json\/wp\/v2\/media\/40914"}],"wp:attachment":[{"href":"https:\/\/collectin.eu\/en\/wp-json\/wp\/v2\/media?parent=40913"}],"wp:term":[{"taxonomy":"product_brand","embeddable":true,"href":"https:\/\/collectin.eu\/en\/wp-json\/wp\/v2\/product_brand?post=40913"},{"taxonomy":"product_cat","embeddable":true,"href":"https:\/\/collectin.eu\/en\/wp-json\/wp\/v2\/product_cat?post=40913"},{"taxonomy":"product_tag","embeddable":true,"href":"https:\/\/collectin.eu\/en\/wp-json\/wp\/v2\/product_tag?post=40913"}],"curies":[{"name":"wp","href":"https:\/\/api.w.org\/{rel}","templated":true}]}}