{"id":40917,"date":"2026-04-22T18:01:07","date_gmt":"2026-04-22T18:01:07","guid":{"rendered":"https:\/\/collectin.eu\/?post_type=product&#038;p=40917"},"modified":"2026-04-22T18:01:08","modified_gmt":"2026-04-22T18:01:08","slug":"lego-30657-mclaren-solus-gt-polybag","status":"publish","type":"product","link":"https:\/\/collectin.eu\/en\/product\/lego-30657-mclaren-solus-gt-polybag\/","title":{"rendered":"LEGO\u00ae 30657 McLaren Solus GT polybag"},"content":{"rendered":"<p>LEGO\u00ae Speed Champions: McLaren Solus GT (30657) \u2013 tai precizi\u0161kai sukonstruotas, delne telpantis in\u017einerijos stebuklas, skirtas visiems superautomobili\u0173 ir grei\u010dio entuziastams. \u0160is \u201epolybag\u201c tipo rinkinys leid\u017eia savo rankomis surinkti vien\u0105 i\u0161skirtiniausi\u0173 ir futuristi\u0161kiausi\u0173 \u201eMcLaren\u201c k\u016brini\u0173, pasi\u017eymint\u012f unikaliomis aerodinamin\u0117mis formomis ir sportine estetika. Nors modelis yra kompakti\u0161ko mastelio, LEGO dizaineriams pavyko meistri\u0161kai perteikti Solus GT b\u016bding\u0105 siaur\u0105 kokpit\u0105, masyv\u0173 galin\u012f sparn\u0105 ir agresyv\u0173 siluet\u0105, naudojant sumanias konstravimo technikas. Klasikin\u0117 balta, juoda ir ry\u0161ki oran\u017ein\u0117 spalv\u0173 gama suteikia modeliui autenti\u0161kumo, tod\u0117l jis atrodo lyg k\u0105 tik nuva\u017eiav\u0119s nuo lenktyni\u0173 trasos. Tai puikus kolekcinis akcentas \u201eSpeed Champions\u201c serijos gerb\u0117jams, \u012frodantis, kad net ir nedidelis detali\u0173 kiekis gali sukurti \u012fsp\u016bding\u0105 grei\u010dio bei inovacij\u0173 poj\u016bt\u012f j\u016bs\u0173 lentynoje.<\/p>","protected":false},"excerpt":{"rendered":"<p>LEGO\u00ae Speed Champions: McLaren Solus GT (30657) \u2013 tai precizi\u0161kai sukonstruotas, delne telpantis in\u017einerijos stebuklas, skirtas visiems superautomobili\u0173 ir grei\u010dio<\/p>","protected":false},"featured_media":40918,"comment_status":"open","ping_status":"closed","template":"","meta":[],"product_brand":[423],"product_cat":[677,406,492],"product_tag":[],"class_list":{"0":"post-40917","1":"product","2":"type-product","3":"status-publish","4":"has-post-thumbnail","6":"product_brand-lego","7":"product_cat-lego-konstruktoriai","8":"product_cat-lego","9":"product_cat-lego-speed-champions","11":"first","12":"instock","13":"taxable","14":"shipping-taxable","15":"purchasable","16":"product-type-simple"},"yoast_head":"<!-- This site is optimized with the Yoast SEO plugin v27.4 - https:\/\/yoast.com\/product\/yoast-seo-wordpress\/ -->\n<title>LEGO\u00ae 30657 McLaren Solus GT polybag - Collectin.eu<\/title>\n<meta name=\"description\" content=\"LEGO\u00ae Speed Champions: McLaren Solus GT (30657) \u2013 tai precizi\u0161kai sukonstruotas, delne telpantis in\u017einerijos stebuklas, skirtas visiems superautomobili\u0173 ir grei\u010dio entuziastams.\" \/>\n<meta name=\"robots\" content=\"index, follow, max-snippet:-1, max-image-preview:large, max-video-preview:-1\" \/>\n<link rel=\"canonical\" href=\"https:\/\/collectin.eu\/en\/product\/lego-30657-mclaren-solus-gt-polybag\/\" \/>\n<meta property=\"og:locale\" content=\"en_US\" \/>\n<meta property=\"og:type\" content=\"article\" \/>\n<meta property=\"og:title\" content=\"LEGO\u00ae 30657 McLaren Solus GT polybag - Collectin.eu\" \/>\n<meta property=\"og:description\" content=\"LEGO\u00ae Speed Champions: McLaren Solus GT (30657) \u2013 tai precizi\u0161kai sukonstruotas, delne telpantis in\u017einerijos stebuklas, skirtas visiems superautomobili\u0173 ir grei\u010dio entuziastams.\" \/>\n<meta property=\"og:url\" content=\"https:\/\/collectin.eu\/en\/product\/lego-30657-mclaren-solus-gt-polybag\/\" \/>\n<meta property=\"og:site_name\" content=\"Collectin.eu\" \/>\n<meta property=\"article:modified_time\" content=\"2026-04-22T18:01:08+00:00\" \/>\n<meta property=\"og:image\" content=\"http:\/\/collectin.eu\/wp-content\/uploads\/2026\/04\/Untitled-design-2026-04-22T205836.589.png\" \/>\n\t<meta property=\"og:image:width\" content=\"1080\" \/>\n\t<meta property=\"og:image:height\" content=\"1080\" \/>\n\t<meta property=\"og:image:type\" content=\"image\/png\" \/>\n<meta name=\"twitter:card\" content=\"summary_large_image\" \/>\n<meta name=\"twitter:label1\" content=\"Est. reading time\" \/>\n\t<meta name=\"twitter:data1\" content=\"1 minute\" \/>\n<script type=\"application\/ld+json\" class=\"yoast-schema-graph\">{\"@context\":\"https:\\\/\\\/schema.org\",\"@graph\":[{\"@type\":\"WebPage\",\"@id\":\"https:\\\/\\\/collectin.eu\\\/produktas\\\/lego-30657-mclaren-solus-gt-polybag\\\/\",\"url\":\"https:\\\/\\\/collectin.eu\\\/produktas\\\/lego-30657-mclaren-solus-gt-polybag\\\/\",\"name\":\"LEGO\u00ae 30657 McLaren Solus GT polybag - Collectin.eu\",\"isPartOf\":{\"@id\":\"https:\\\/\\\/collectin.eu\\\/#website\"},\"primaryImageOfPage\":{\"@id\":\"https:\\\/\\\/collectin.eu\\\/produktas\\\/lego-30657-mclaren-solus-gt-polybag\\\/#primaryimage\"},\"image\":{\"@id\":\"https:\\\/\\\/collectin.eu\\\/produktas\\\/lego-30657-mclaren-solus-gt-polybag\\\/#primaryimage\"},\"thumbnailUrl\":\"https:\\\/\\\/collectin.eu\\\/wp-content\\\/uploads\\\/2026\\\/04\\\/Untitled-design-2026-04-22T205836.589.png\",\"datePublished\":\"2026-04-22T18:01:07+00:00\",\"dateModified\":\"2026-04-22T18:01:08+00:00\",\"description\":\"LEGO\u00ae Speed Champions: McLaren Solus GT (30657) \u2013 tai precizi\u0161kai sukonstruotas, delne telpantis in\u017einerijos stebuklas, skirtas visiems superautomobili\u0173 ir grei\u010dio entuziastams.\",\"breadcrumb\":{\"@id\":\"https:\\\/\\\/collectin.eu\\\/produktas\\\/lego-30657-mclaren-solus-gt-polybag\\\/#breadcrumb\"},\"inLanguage\":\"en-US\",\"potentialAction\":[{\"@type\":\"ReadAction\",\"target\":[\"https:\\\/\\\/collectin.eu\\\/produktas\\\/lego-30657-mclaren-solus-gt-polybag\\\/\"]}]},{\"@type\":\"ImageObject\",\"inLanguage\":\"en-US\",\"@id\":\"https:\\\/\\\/collectin.eu\\\/produktas\\\/lego-30657-mclaren-solus-gt-polybag\\\/#primaryimage\",\"url\":\"https:\\\/\\\/collectin.eu\\\/wp-content\\\/uploads\\\/2026\\\/04\\\/Untitled-design-2026-04-22T205836.589.png\",\"contentUrl\":\"https:\\\/\\\/collectin.eu\\\/wp-content\\\/uploads\\\/2026\\\/04\\\/Untitled-design-2026-04-22T205836.589.png\",\"width\":1080,\"height\":1080},{\"@type\":\"BreadcrumbList\",\"@id\":\"https:\\\/\\\/collectin.eu\\\/produktas\\\/lego-30657-mclaren-solus-gt-polybag\\\/#breadcrumb\",\"itemListElement\":[{\"@type\":\"ListItem\",\"position\":1,\"name\":\"Home\",\"item\":\"https:\\\/\\\/collectin.eu\\\/\"},{\"@type\":\"ListItem\",\"position\":2,\"name\":\"Parduotuv\u0117\",\"item\":\"https:\\\/\\\/collectin.eu\\\/parduotuve\\\/\"},{\"@type\":\"ListItem\",\"position\":3,\"name\":\"LEGO\u00ae 30657 McLaren Solus GT polybag\"}]},{\"@type\":\"WebSite\",\"@id\":\"https:\\\/\\\/collectin.eu\\\/#website\",\"url\":\"https:\\\/\\\/collectin.eu\\\/\",\"name\":\"Collectin.eu\",\"description\":\"\",\"potentialAction\":[{\"@type\":\"SearchAction\",\"target\":{\"@type\":\"EntryPoint\",\"urlTemplate\":\"https:\\\/\\\/collectin.eu\\\/?s={search_term_string}\"},\"query-input\":{\"@type\":\"PropertyValueSpecification\",\"valueRequired\":true,\"valueName\":\"search_term_string\"}}],\"inLanguage\":\"en-US\"}]}<\/script>\n<!-- \/ Yoast SEO plugin. -->","yoast_head_json":{"title":"LEGO\u00ae 30657 McLaren Solus GT polybag - Collectin.eu","description":"LEGO\u00ae Speed Champions: McLaren Solus GT (30657) \u2013 tai precizi\u0161kai sukonstruotas, delne telpantis in\u017einerijos stebuklas, skirtas visiems superautomobili\u0173 ir grei\u010dio entuziastams.","robots":{"index":"index","follow":"follow","max-snippet":"max-snippet:-1","max-image-preview":"max-image-preview:large","max-video-preview":"max-video-preview:-1"},"canonical":"https:\/\/collectin.eu\/en\/product\/lego-30657-mclaren-solus-gt-polybag\/","og_locale":"en_US","og_type":"article","og_title":"LEGO\u00ae 30657 McLaren Solus GT polybag - Collectin.eu","og_description":"LEGO\u00ae Speed Champions: McLaren Solus GT (30657) \u2013 tai precizi\u0161kai sukonstruotas, delne telpantis in\u017einerijos stebuklas, skirtas visiems superautomobili\u0173 ir grei\u010dio entuziastams.","og_url":"https:\/\/collectin.eu\/en\/product\/lego-30657-mclaren-solus-gt-polybag\/","og_site_name":"Collectin.eu","article_modified_time":"2026-04-22T18:01:08+00:00","og_image":[{"width":1080,"height":1080,"url":"http:\/\/collectin.eu\/wp-content\/uploads\/2026\/04\/Untitled-design-2026-04-22T205836.589.png","type":"image\/png"}],"twitter_card":"summary_large_image","twitter_misc":{"Est. reading time":"1 minute"},"schema":{"@context":"https:\/\/schema.org","@graph":[{"@type":"WebPage","@id":"https:\/\/collectin.eu\/produktas\/lego-30657-mclaren-solus-gt-polybag\/","url":"https:\/\/collectin.eu\/produktas\/lego-30657-mclaren-solus-gt-polybag\/","name":"LEGO\u00ae 30657 McLaren Solus GT polybag - Collectin.eu","isPartOf":{"@id":"https:\/\/collectin.eu\/#website"},"primaryImageOfPage":{"@id":"https:\/\/collectin.eu\/produktas\/lego-30657-mclaren-solus-gt-polybag\/#primaryimage"},"image":{"@id":"https:\/\/collectin.eu\/produktas\/lego-30657-mclaren-solus-gt-polybag\/#primaryimage"},"thumbnailUrl":"https:\/\/collectin.eu\/wp-content\/uploads\/2026\/04\/Untitled-design-2026-04-22T205836.589.png","datePublished":"2026-04-22T18:01:07+00:00","dateModified":"2026-04-22T18:01:08+00:00","description":"LEGO\u00ae Speed Champions: McLaren Solus GT (30657) \u2013 tai precizi\u0161kai sukonstruotas, delne telpantis in\u017einerijos stebuklas, skirtas visiems superautomobili\u0173 ir grei\u010dio entuziastams.","breadcrumb":{"@id":"https:\/\/collectin.eu\/produktas\/lego-30657-mclaren-solus-gt-polybag\/#breadcrumb"},"inLanguage":"en-US","potentialAction":[{"@type":"ReadAction","target":["https:\/\/collectin.eu\/produktas\/lego-30657-mclaren-solus-gt-polybag\/"]}]},{"@type":"ImageObject","inLanguage":"en-US","@id":"https:\/\/collectin.eu\/produktas\/lego-30657-mclaren-solus-gt-polybag\/#primaryimage","url":"https:\/\/collectin.eu\/wp-content\/uploads\/2026\/04\/Untitled-design-2026-04-22T205836.589.png","contentUrl":"https:\/\/collectin.eu\/wp-content\/uploads\/2026\/04\/Untitled-design-2026-04-22T205836.589.png","width":1080,"height":1080},{"@type":"BreadcrumbList","@id":"https:\/\/collectin.eu\/produktas\/lego-30657-mclaren-solus-gt-polybag\/#breadcrumb","itemListElement":[{"@type":"ListItem","position":1,"name":"Home","item":"https:\/\/collectin.eu\/"},{"@type":"ListItem","position":2,"name":"Parduotuv\u0117","item":"https:\/\/collectin.eu\/parduotuve\/"},{"@type":"ListItem","position":3,"name":"LEGO\u00ae 30657 McLaren Solus GT polybag"}]},{"@type":"WebSite","@id":"https:\/\/collectin.eu\/#website","url":"https:\/\/collectin.eu\/","name":"Collectin.eu","description":"","potentialAction":[{"@type":"SearchAction","target":{"@type":"EntryPoint","urlTemplate":"https:\/\/collectin.eu\/?s={search_term_string}"},"query-input":{"@type":"PropertyValueSpecification","valueRequired":true,"valueName":"search_term_string"}}],"inLanguage":"en-US"}]}},"jetpack_sharing_enabled":true,"_links":{"self":[{"href":"https:\/\/collectin.eu\/en\/wp-json\/wp\/v2\/product\/40917","targetHints":{"allow":["GET"]}}],"collection":[{"href":"https:\/\/collectin.eu\/en\/wp-json\/wp\/v2\/product"}],"about":[{"href":"https:\/\/collectin.eu\/en\/wp-json\/wp\/v2\/types\/product"}],"replies":[{"embeddable":true,"href":"https:\/\/collectin.eu\/en\/wp-json\/wp\/v2\/comments?post=40917"}],"version-history":[{"count":2,"href":"https:\/\/collectin.eu\/en\/wp-json\/wp\/v2\/product\/40917\/revisions"}],"predecessor-version":[{"id":40920,"href":"https:\/\/collectin.eu\/en\/wp-json\/wp\/v2\/product\/40917\/revisions\/40920"}],"wp:featuredmedia":[{"embeddable":true,"href":"https:\/\/collectin.eu\/en\/wp-json\/wp\/v2\/media\/40918"}],"wp:attachment":[{"href":"https:\/\/collectin.eu\/en\/wp-json\/wp\/v2\/media?parent=40917"}],"wp:term":[{"taxonomy":"product_brand","embeddable":true,"href":"https:\/\/collectin.eu\/en\/wp-json\/wp\/v2\/product_brand?post=40917"},{"taxonomy":"product_cat","embeddable":true,"href":"https:\/\/collectin.eu\/en\/wp-json\/wp\/v2\/product_cat?post=40917"},{"taxonomy":"product_tag","embeddable":true,"href":"https:\/\/collectin.eu\/en\/wp-json\/wp\/v2\/product_tag?post=40917"}],"curies":[{"name":"wp","href":"https:\/\/api.w.org\/{rel}","templated":true}]}}