{"id":40921,"date":"2026-04-22T18:06:05","date_gmt":"2026-04-22T18:06:05","guid":{"rendered":"https:\/\/collectin.eu\/?post_type=product&#038;p=40921"},"modified":"2026-04-22T18:06:06","modified_gmt":"2026-04-22T18:06:06","slug":"lego-30435-build-your-own-hogwarts-castle-polybag","status":"publish","type":"product","link":"https:\/\/collectin.eu\/en\/product\/lego-30435-build-your-own-hogwarts-castle-polybag\/","title":{"rendered":"LEGO\u00ae 30435 Build Your Own Hogwarts Castle polybag"},"content":{"rendered":"<p>LEGO\u00ae Harry Potter\u2122: Build Your Own Hogwarts Castle (30435) \u2013 tai kerintis \u201epolybag\u201c tipo rinkinys, kuris kiekvienam burtinink\u0173 pasaulio gerb\u0117jui suteikia laisv\u0119 tapti savo paties Hogvartso architektu. \u0160is unikalus rinkinys i\u0161siskiria savo \u201e2-in-1\u201c (arba net \u201emulti-build\u201c) koncepcija: i\u0161 t\u0173 pa\u010di\u0173 detali\u0173 galima sukonstruoti ne tik klasikin\u012f Hogvartso pilies siluet\u0105 su \u017eymiaisiais bok\u0161tais, bet ir \u012fvairias kitas magi\u0161kas strukt\u016bras, pavaizduotas instrukcijose. Rinkinyje esanti i\u0161skirtin\u0117 Albo Dumbldoro minifig\u016br\u0117l\u0117 su burt\u0173 lazdele suteikia modeliui gyvyb\u0117s, o pridedama atsitiktin\u0117 kolekcin\u0117 burtininko kortel\u0117 (viena i\u0161 16 galim\u0173) paver\u010dia i\u0161pakavim\u0105 dar paslaptingesniu. Tai idealus pasirinkimas norintiems tur\u0117ti dalel\u0119 magijos ant savo darbo stalo ar lentynoje \u2013 kompakti\u0161kas, k\u016brybi\u0161kas ir esteti\u0161kas modelis, primenantis, kad Hogvartsas visada bus tie namai, kuriuos galite susikurti patys.<\/p>","protected":false},"excerpt":{"rendered":"<p>LEGO\u00ae Harry Potter\u2122: Build Your Own Hogwarts Castle (30435) \u2013 tai kerintis \u201epolybag\u201c tipo rinkinys, kuris kiekvienam burtinink\u0173 pasaulio gerb\u0117jui<\/p>","protected":false},"featured_media":40922,"comment_status":"open","ping_status":"closed","template":"","meta":[],"product_brand":[423],"product_cat":[677,406,438],"product_tag":[],"class_list":{"0":"post-40921","1":"product","2":"type-product","3":"status-publish","4":"has-post-thumbnail","6":"product_brand-lego","7":"product_cat-lego-konstruktoriai","8":"product_cat-lego","9":"product_cat-lego-harry-potter","11":"first","12":"instock","13":"taxable","14":"shipping-taxable","15":"purchasable","16":"product-type-simple"},"yoast_head":"<!-- This site is optimized with the Yoast SEO plugin v27.4 - https:\/\/yoast.com\/product\/yoast-seo-wordpress\/ -->\n<title>LEGO\u00ae 30435 Build Your Own Hogwarts Castle polybag - Collectin.eu<\/title>\n<meta name=\"description\" content=\"LEGO\u00ae Harry Potter\u2122: Build Your Own Hogwarts Castle (30435) \u2013 tai kerintis \u201epolybag\u201c tipo rinkinys, kuris kiekvienam burtinink\u0173 pasaulio gerb\u0117jui suteikia laisv\u0119 tapti savo paties Hogvartso architektu.\" \/>\n<meta name=\"robots\" content=\"index, follow, max-snippet:-1, max-image-preview:large, max-video-preview:-1\" \/>\n<link rel=\"canonical\" href=\"https:\/\/collectin.eu\/en\/product\/lego-30435-build-your-own-hogwarts-castle-polybag\/\" \/>\n<meta property=\"og:locale\" content=\"en_US\" \/>\n<meta property=\"og:type\" content=\"article\" \/>\n<meta property=\"og:title\" content=\"LEGO\u00ae 30435 Build Your Own Hogwarts Castle polybag - Collectin.eu\" \/>\n<meta property=\"og:description\" content=\"LEGO\u00ae Harry Potter\u2122: Build Your Own Hogwarts Castle (30435) \u2013 tai kerintis \u201epolybag\u201c tipo rinkinys, kuris kiekvienam burtinink\u0173 pasaulio gerb\u0117jui suteikia laisv\u0119 tapti savo paties Hogvartso architektu.\" \/>\n<meta property=\"og:url\" content=\"https:\/\/collectin.eu\/en\/product\/lego-30435-build-your-own-hogwarts-castle-polybag\/\" \/>\n<meta property=\"og:site_name\" content=\"Collectin.eu\" \/>\n<meta property=\"article:modified_time\" content=\"2026-04-22T18:06:06+00:00\" \/>\n<meta property=\"og:image\" content=\"http:\/\/collectin.eu\/wp-content\/uploads\/2026\/04\/Untitled-design-2026-04-22T210402.679.png\" \/>\n\t<meta property=\"og:image:width\" content=\"1080\" \/>\n\t<meta property=\"og:image:height\" content=\"1080\" \/>\n\t<meta property=\"og:image:type\" content=\"image\/png\" \/>\n<meta name=\"twitter:card\" content=\"summary_large_image\" \/>\n<meta name=\"twitter:label1\" content=\"Est. reading time\" \/>\n\t<meta name=\"twitter:data1\" content=\"1 minute\" \/>\n<script type=\"application\/ld+json\" class=\"yoast-schema-graph\">{\"@context\":\"https:\\\/\\\/schema.org\",\"@graph\":[{\"@type\":\"WebPage\",\"@id\":\"https:\\\/\\\/collectin.eu\\\/produktas\\\/lego-30435-build-your-own-hogwarts-castle-polybag\\\/\",\"url\":\"https:\\\/\\\/collectin.eu\\\/produktas\\\/lego-30435-build-your-own-hogwarts-castle-polybag\\\/\",\"name\":\"LEGO\u00ae 30435 Build Your Own Hogwarts Castle polybag - Collectin.eu\",\"isPartOf\":{\"@id\":\"https:\\\/\\\/collectin.eu\\\/#website\"},\"primaryImageOfPage\":{\"@id\":\"https:\\\/\\\/collectin.eu\\\/produktas\\\/lego-30435-build-your-own-hogwarts-castle-polybag\\\/#primaryimage\"},\"image\":{\"@id\":\"https:\\\/\\\/collectin.eu\\\/produktas\\\/lego-30435-build-your-own-hogwarts-castle-polybag\\\/#primaryimage\"},\"thumbnailUrl\":\"https:\\\/\\\/collectin.eu\\\/wp-content\\\/uploads\\\/2026\\\/04\\\/Untitled-design-2026-04-22T210402.679.png\",\"datePublished\":\"2026-04-22T18:06:05+00:00\",\"dateModified\":\"2026-04-22T18:06:06+00:00\",\"description\":\"LEGO\u00ae Harry Potter\u2122: Build Your Own Hogwarts Castle (30435) \u2013 tai kerintis \u201epolybag\u201c tipo rinkinys, kuris kiekvienam burtinink\u0173 pasaulio gerb\u0117jui suteikia laisv\u0119 tapti savo paties Hogvartso architektu.\",\"breadcrumb\":{\"@id\":\"https:\\\/\\\/collectin.eu\\\/produktas\\\/lego-30435-build-your-own-hogwarts-castle-polybag\\\/#breadcrumb\"},\"inLanguage\":\"en-US\",\"potentialAction\":[{\"@type\":\"ReadAction\",\"target\":[\"https:\\\/\\\/collectin.eu\\\/produktas\\\/lego-30435-build-your-own-hogwarts-castle-polybag\\\/\"]}]},{\"@type\":\"ImageObject\",\"inLanguage\":\"en-US\",\"@id\":\"https:\\\/\\\/collectin.eu\\\/produktas\\\/lego-30435-build-your-own-hogwarts-castle-polybag\\\/#primaryimage\",\"url\":\"https:\\\/\\\/collectin.eu\\\/wp-content\\\/uploads\\\/2026\\\/04\\\/Untitled-design-2026-04-22T210402.679.png\",\"contentUrl\":\"https:\\\/\\\/collectin.eu\\\/wp-content\\\/uploads\\\/2026\\\/04\\\/Untitled-design-2026-04-22T210402.679.png\",\"width\":1080,\"height\":1080},{\"@type\":\"BreadcrumbList\",\"@id\":\"https:\\\/\\\/collectin.eu\\\/produktas\\\/lego-30435-build-your-own-hogwarts-castle-polybag\\\/#breadcrumb\",\"itemListElement\":[{\"@type\":\"ListItem\",\"position\":1,\"name\":\"Home\",\"item\":\"https:\\\/\\\/collectin.eu\\\/\"},{\"@type\":\"ListItem\",\"position\":2,\"name\":\"Parduotuv\u0117\",\"item\":\"https:\\\/\\\/collectin.eu\\\/parduotuve\\\/\"},{\"@type\":\"ListItem\",\"position\":3,\"name\":\"LEGO\u00ae 30435 Build Your Own Hogwarts Castle polybag\"}]},{\"@type\":\"WebSite\",\"@id\":\"https:\\\/\\\/collectin.eu\\\/#website\",\"url\":\"https:\\\/\\\/collectin.eu\\\/\",\"name\":\"Collectin.eu\",\"description\":\"\",\"potentialAction\":[{\"@type\":\"SearchAction\",\"target\":{\"@type\":\"EntryPoint\",\"urlTemplate\":\"https:\\\/\\\/collectin.eu\\\/?s={search_term_string}\"},\"query-input\":{\"@type\":\"PropertyValueSpecification\",\"valueRequired\":true,\"valueName\":\"search_term_string\"}}],\"inLanguage\":\"en-US\"}]}<\/script>\n<!-- \/ Yoast SEO plugin. -->","yoast_head_json":{"title":"LEGO\u00ae 30435 Build Your Own Hogwarts Castle polybag - Collectin.eu","description":"LEGO\u00ae Harry Potter\u2122: Build Your Own Hogwarts Castle (30435) \u2013 tai kerintis \u201epolybag\u201c tipo rinkinys, kuris kiekvienam burtinink\u0173 pasaulio gerb\u0117jui suteikia laisv\u0119 tapti savo paties Hogvartso architektu.","robots":{"index":"index","follow":"follow","max-snippet":"max-snippet:-1","max-image-preview":"max-image-preview:large","max-video-preview":"max-video-preview:-1"},"canonical":"https:\/\/collectin.eu\/en\/product\/lego-30435-build-your-own-hogwarts-castle-polybag\/","og_locale":"en_US","og_type":"article","og_title":"LEGO\u00ae 30435 Build Your Own Hogwarts Castle polybag - Collectin.eu","og_description":"LEGO\u00ae Harry Potter\u2122: Build Your Own Hogwarts Castle (30435) \u2013 tai kerintis \u201epolybag\u201c tipo rinkinys, kuris kiekvienam burtinink\u0173 pasaulio gerb\u0117jui suteikia laisv\u0119 tapti savo paties Hogvartso architektu.","og_url":"https:\/\/collectin.eu\/en\/product\/lego-30435-build-your-own-hogwarts-castle-polybag\/","og_site_name":"Collectin.eu","article_modified_time":"2026-04-22T18:06:06+00:00","og_image":[{"width":1080,"height":1080,"url":"http:\/\/collectin.eu\/wp-content\/uploads\/2026\/04\/Untitled-design-2026-04-22T210402.679.png","type":"image\/png"}],"twitter_card":"summary_large_image","twitter_misc":{"Est. reading time":"1 minute"},"schema":{"@context":"https:\/\/schema.org","@graph":[{"@type":"WebPage","@id":"https:\/\/collectin.eu\/produktas\/lego-30435-build-your-own-hogwarts-castle-polybag\/","url":"https:\/\/collectin.eu\/produktas\/lego-30435-build-your-own-hogwarts-castle-polybag\/","name":"LEGO\u00ae 30435 Build Your Own Hogwarts Castle polybag - Collectin.eu","isPartOf":{"@id":"https:\/\/collectin.eu\/#website"},"primaryImageOfPage":{"@id":"https:\/\/collectin.eu\/produktas\/lego-30435-build-your-own-hogwarts-castle-polybag\/#primaryimage"},"image":{"@id":"https:\/\/collectin.eu\/produktas\/lego-30435-build-your-own-hogwarts-castle-polybag\/#primaryimage"},"thumbnailUrl":"https:\/\/collectin.eu\/wp-content\/uploads\/2026\/04\/Untitled-design-2026-04-22T210402.679.png","datePublished":"2026-04-22T18:06:05+00:00","dateModified":"2026-04-22T18:06:06+00:00","description":"LEGO\u00ae Harry Potter\u2122: Build Your Own Hogwarts Castle (30435) \u2013 tai kerintis \u201epolybag\u201c tipo rinkinys, kuris kiekvienam burtinink\u0173 pasaulio gerb\u0117jui suteikia laisv\u0119 tapti savo paties Hogvartso architektu.","breadcrumb":{"@id":"https:\/\/collectin.eu\/produktas\/lego-30435-build-your-own-hogwarts-castle-polybag\/#breadcrumb"},"inLanguage":"en-US","potentialAction":[{"@type":"ReadAction","target":["https:\/\/collectin.eu\/produktas\/lego-30435-build-your-own-hogwarts-castle-polybag\/"]}]},{"@type":"ImageObject","inLanguage":"en-US","@id":"https:\/\/collectin.eu\/produktas\/lego-30435-build-your-own-hogwarts-castle-polybag\/#primaryimage","url":"https:\/\/collectin.eu\/wp-content\/uploads\/2026\/04\/Untitled-design-2026-04-22T210402.679.png","contentUrl":"https:\/\/collectin.eu\/wp-content\/uploads\/2026\/04\/Untitled-design-2026-04-22T210402.679.png","width":1080,"height":1080},{"@type":"BreadcrumbList","@id":"https:\/\/collectin.eu\/produktas\/lego-30435-build-your-own-hogwarts-castle-polybag\/#breadcrumb","itemListElement":[{"@type":"ListItem","position":1,"name":"Home","item":"https:\/\/collectin.eu\/"},{"@type":"ListItem","position":2,"name":"Parduotuv\u0117","item":"https:\/\/collectin.eu\/parduotuve\/"},{"@type":"ListItem","position":3,"name":"LEGO\u00ae 30435 Build Your Own Hogwarts Castle polybag"}]},{"@type":"WebSite","@id":"https:\/\/collectin.eu\/#website","url":"https:\/\/collectin.eu\/","name":"Collectin.eu","description":"","potentialAction":[{"@type":"SearchAction","target":{"@type":"EntryPoint","urlTemplate":"https:\/\/collectin.eu\/?s={search_term_string}"},"query-input":{"@type":"PropertyValueSpecification","valueRequired":true,"valueName":"search_term_string"}}],"inLanguage":"en-US"}]}},"jetpack_sharing_enabled":true,"_links":{"self":[{"href":"https:\/\/collectin.eu\/en\/wp-json\/wp\/v2\/product\/40921","targetHints":{"allow":["GET"]}}],"collection":[{"href":"https:\/\/collectin.eu\/en\/wp-json\/wp\/v2\/product"}],"about":[{"href":"https:\/\/collectin.eu\/en\/wp-json\/wp\/v2\/types\/product"}],"replies":[{"embeddable":true,"href":"https:\/\/collectin.eu\/en\/wp-json\/wp\/v2\/comments?post=40921"}],"version-history":[{"count":2,"href":"https:\/\/collectin.eu\/en\/wp-json\/wp\/v2\/product\/40921\/revisions"}],"predecessor-version":[{"id":40924,"href":"https:\/\/collectin.eu\/en\/wp-json\/wp\/v2\/product\/40921\/revisions\/40924"}],"wp:featuredmedia":[{"embeddable":true,"href":"https:\/\/collectin.eu\/en\/wp-json\/wp\/v2\/media\/40922"}],"wp:attachment":[{"href":"https:\/\/collectin.eu\/en\/wp-json\/wp\/v2\/media?parent=40921"}],"wp:term":[{"taxonomy":"product_brand","embeddable":true,"href":"https:\/\/collectin.eu\/en\/wp-json\/wp\/v2\/product_brand?post=40921"},{"taxonomy":"product_cat","embeddable":true,"href":"https:\/\/collectin.eu\/en\/wp-json\/wp\/v2\/product_cat?post=40921"},{"taxonomy":"product_tag","embeddable":true,"href":"https:\/\/collectin.eu\/en\/wp-json\/wp\/v2\/product_tag?post=40921"}],"curies":[{"name":"wp","href":"https:\/\/api.w.org\/{rel}","templated":true}]}}