{"id":40925,"date":"2026-04-22T18:13:16","date_gmt":"2026-04-22T18:13:16","guid":{"rendered":"https:\/\/collectin.eu\/?post_type=product&#038;p=40925"},"modified":"2026-04-22T18:13:17","modified_gmt":"2026-04-22T18:13:17","slug":"lego-30651-quidditch-practice-polybag","status":"publish","type":"product","link":"https:\/\/collectin.eu\/en\/product\/lego-30651-quidditch-practice-polybag\/","title":{"rendered":"LEGO\u00ae 30651 Quidditch Practice polybag"},"content":{"rendered":"<p>LEGO\u00ae Harry Potter\u2122: Quidditch Practice (30651) \u2013 tai dinami\u0161kas ir magi\u0161kas \u201epolybag\u201c tipo rinkinys, kuris nukelia tiesiai \u012f Hogvartso treniruo\u010di\u0173 aik\u0161tel\u0119 ruo\u0161tis svarbiausioms met\u0173 rungtyn\u0117ms. \u0160io rinkinio a\u0161is yra Cho Chang minifig\u016br\u0117l\u0117 su skraidan\u010dia \u0161luota, kuri\u0105 papildo i\u0161radingai sukonstruotas miniati\u016brinis kvidi\u010do aik\u0161t\u0117s fragmentas su auksiniais lankais. Ypatingo \u017eavesio modeliui suteikia speciali besisukanti platforma, leid\u017eianti imituoti skryd\u012f aplink vartus, bei smulkios, bet svarbios detal\u0117s: \u201eAuksinis \u0161mikius\u201c ir skraidanti mu\u0161tuko kulka. Nors rinkinys yra nedidelio formato, jis puikiai perteikia sportin\u0119 burtinink\u0173 pasaulio dvasi\u0105 ir tampa puikiu priedu prie didesni\u0173 Hogvartso pili\u0173 ar savaranki\u0161ku eksponatu bet kurio gerb\u0117jo kolekcijoje. Tai kompakti\u0161kas k\u016brybi\u0161kumo ir veiksmo derinys, primenantis, kad net ir papras\u010diausia treniruot\u0117 gali tapti didingo nuotykio prad\u017eia.<\/p>","protected":false},"excerpt":{"rendered":"<p>LEGO\u00ae Harry Potter\u2122: Quidditch Practice (30651) \u2013 tai dinami\u0161kas ir magi\u0161kas \u201epolybag\u201c tipo rinkinys, kuris nukelia tiesiai \u012f Hogvartso treniruo\u010di\u0173<\/p>","protected":false},"featured_media":40926,"comment_status":"open","ping_status":"closed","template":"","meta":[],"product_brand":[423],"product_cat":[677,406],"product_tag":[],"class_list":{"0":"post-40925","1":"product","2":"type-product","3":"status-publish","4":"has-post-thumbnail","6":"product_brand-lego","7":"product_cat-lego-konstruktoriai","8":"product_cat-lego","10":"first","11":"instock","12":"taxable","13":"shipping-taxable","14":"purchasable","15":"product-type-simple"},"yoast_head":"<!-- This site is optimized with the Yoast SEO plugin v27.4 - https:\/\/yoast.com\/product\/yoast-seo-wordpress\/ -->\n<title>LEGO\u00ae 30651 Quidditch Practice polybag - Collectin.eu<\/title>\n<meta name=\"description\" content=\"LEGO\u00ae Harry Potter\u2122: Quidditch Practice (30651) \u2013 tai dinami\u0161kas ir magi\u0161kas \u201epolybag\u201c tipo rinkinys, kuris nukelia tiesiai \u012f Hogvartso treniruo\u010di\u0173 aik\u0161tel\u0119 ruo\u0161tis svarbiausioms met\u0173 rungtyn\u0117ms.\" \/>\n<meta name=\"robots\" content=\"index, follow, max-snippet:-1, max-image-preview:large, max-video-preview:-1\" \/>\n<link rel=\"canonical\" href=\"https:\/\/collectin.eu\/en\/product\/lego-30651-quidditch-practice-polybag\/\" \/>\n<meta property=\"og:locale\" content=\"en_US\" \/>\n<meta property=\"og:type\" content=\"article\" \/>\n<meta property=\"og:title\" content=\"LEGO\u00ae 30651 Quidditch Practice polybag - Collectin.eu\" \/>\n<meta property=\"og:description\" content=\"LEGO\u00ae Harry Potter\u2122: Quidditch Practice (30651) \u2013 tai dinami\u0161kas ir magi\u0161kas \u201epolybag\u201c tipo rinkinys, kuris nukelia tiesiai \u012f Hogvartso treniruo\u010di\u0173 aik\u0161tel\u0119 ruo\u0161tis svarbiausioms met\u0173 rungtyn\u0117ms.\" \/>\n<meta property=\"og:url\" content=\"https:\/\/collectin.eu\/en\/product\/lego-30651-quidditch-practice-polybag\/\" \/>\n<meta property=\"og:site_name\" content=\"Collectin.eu\" \/>\n<meta property=\"article:modified_time\" content=\"2026-04-22T18:13:17+00:00\" \/>\n<meta property=\"og:image\" content=\"http:\/\/collectin.eu\/wp-content\/uploads\/2026\/04\/Untitled-design-2026-04-22T211022.635.png\" \/>\n\t<meta property=\"og:image:width\" content=\"1080\" \/>\n\t<meta property=\"og:image:height\" content=\"1080\" \/>\n\t<meta property=\"og:image:type\" content=\"image\/png\" \/>\n<meta name=\"twitter:card\" content=\"summary_large_image\" \/>\n<meta name=\"twitter:label1\" content=\"Est. reading time\" \/>\n\t<meta name=\"twitter:data1\" content=\"1 minute\" \/>\n<script type=\"application\/ld+json\" class=\"yoast-schema-graph\">{\"@context\":\"https:\\\/\\\/schema.org\",\"@graph\":[{\"@type\":\"WebPage\",\"@id\":\"https:\\\/\\\/collectin.eu\\\/produktas\\\/lego-30651-quidditch-practice-polybag\\\/\",\"url\":\"https:\\\/\\\/collectin.eu\\\/produktas\\\/lego-30651-quidditch-practice-polybag\\\/\",\"name\":\"LEGO\u00ae 30651 Quidditch Practice polybag - Collectin.eu\",\"isPartOf\":{\"@id\":\"https:\\\/\\\/collectin.eu\\\/#website\"},\"primaryImageOfPage\":{\"@id\":\"https:\\\/\\\/collectin.eu\\\/produktas\\\/lego-30651-quidditch-practice-polybag\\\/#primaryimage\"},\"image\":{\"@id\":\"https:\\\/\\\/collectin.eu\\\/produktas\\\/lego-30651-quidditch-practice-polybag\\\/#primaryimage\"},\"thumbnailUrl\":\"https:\\\/\\\/collectin.eu\\\/wp-content\\\/uploads\\\/2026\\\/04\\\/Untitled-design-2026-04-22T211022.635.png\",\"datePublished\":\"2026-04-22T18:13:16+00:00\",\"dateModified\":\"2026-04-22T18:13:17+00:00\",\"description\":\"LEGO\u00ae Harry Potter\u2122: Quidditch Practice (30651) \u2013 tai dinami\u0161kas ir magi\u0161kas \u201epolybag\u201c tipo rinkinys, kuris nukelia tiesiai \u012f Hogvartso treniruo\u010di\u0173 aik\u0161tel\u0119 ruo\u0161tis svarbiausioms met\u0173 rungtyn\u0117ms.\",\"breadcrumb\":{\"@id\":\"https:\\\/\\\/collectin.eu\\\/produktas\\\/lego-30651-quidditch-practice-polybag\\\/#breadcrumb\"},\"inLanguage\":\"en-US\",\"potentialAction\":[{\"@type\":\"ReadAction\",\"target\":[\"https:\\\/\\\/collectin.eu\\\/produktas\\\/lego-30651-quidditch-practice-polybag\\\/\"]}]},{\"@type\":\"ImageObject\",\"inLanguage\":\"en-US\",\"@id\":\"https:\\\/\\\/collectin.eu\\\/produktas\\\/lego-30651-quidditch-practice-polybag\\\/#primaryimage\",\"url\":\"https:\\\/\\\/collectin.eu\\\/wp-content\\\/uploads\\\/2026\\\/04\\\/Untitled-design-2026-04-22T211022.635.png\",\"contentUrl\":\"https:\\\/\\\/collectin.eu\\\/wp-content\\\/uploads\\\/2026\\\/04\\\/Untitled-design-2026-04-22T211022.635.png\",\"width\":1080,\"height\":1080},{\"@type\":\"BreadcrumbList\",\"@id\":\"https:\\\/\\\/collectin.eu\\\/produktas\\\/lego-30651-quidditch-practice-polybag\\\/#breadcrumb\",\"itemListElement\":[{\"@type\":\"ListItem\",\"position\":1,\"name\":\"Home\",\"item\":\"https:\\\/\\\/collectin.eu\\\/\"},{\"@type\":\"ListItem\",\"position\":2,\"name\":\"Parduotuv\u0117\",\"item\":\"https:\\\/\\\/collectin.eu\\\/parduotuve\\\/\"},{\"@type\":\"ListItem\",\"position\":3,\"name\":\"LEGO\u00ae 30651 Quidditch Practice polybag\"}]},{\"@type\":\"WebSite\",\"@id\":\"https:\\\/\\\/collectin.eu\\\/#website\",\"url\":\"https:\\\/\\\/collectin.eu\\\/\",\"name\":\"Collectin.eu\",\"description\":\"\",\"potentialAction\":[{\"@type\":\"SearchAction\",\"target\":{\"@type\":\"EntryPoint\",\"urlTemplate\":\"https:\\\/\\\/collectin.eu\\\/?s={search_term_string}\"},\"query-input\":{\"@type\":\"PropertyValueSpecification\",\"valueRequired\":true,\"valueName\":\"search_term_string\"}}],\"inLanguage\":\"en-US\"}]}<\/script>\n<!-- \/ Yoast SEO plugin. -->","yoast_head_json":{"title":"LEGO\u00ae 30651 Quidditch Practice polybag - Collectin.eu","description":"LEGO\u00ae Harry Potter\u2122: Quidditch Practice (30651) \u2013 tai dinami\u0161kas ir magi\u0161kas \u201epolybag\u201c tipo rinkinys, kuris nukelia tiesiai \u012f Hogvartso treniruo\u010di\u0173 aik\u0161tel\u0119 ruo\u0161tis svarbiausioms met\u0173 rungtyn\u0117ms.","robots":{"index":"index","follow":"follow","max-snippet":"max-snippet:-1","max-image-preview":"max-image-preview:large","max-video-preview":"max-video-preview:-1"},"canonical":"https:\/\/collectin.eu\/en\/product\/lego-30651-quidditch-practice-polybag\/","og_locale":"en_US","og_type":"article","og_title":"LEGO\u00ae 30651 Quidditch Practice polybag - Collectin.eu","og_description":"LEGO\u00ae Harry Potter\u2122: Quidditch Practice (30651) \u2013 tai dinami\u0161kas ir magi\u0161kas \u201epolybag\u201c tipo rinkinys, kuris nukelia tiesiai \u012f Hogvartso treniruo\u010di\u0173 aik\u0161tel\u0119 ruo\u0161tis svarbiausioms met\u0173 rungtyn\u0117ms.","og_url":"https:\/\/collectin.eu\/en\/product\/lego-30651-quidditch-practice-polybag\/","og_site_name":"Collectin.eu","article_modified_time":"2026-04-22T18:13:17+00:00","og_image":[{"width":1080,"height":1080,"url":"http:\/\/collectin.eu\/wp-content\/uploads\/2026\/04\/Untitled-design-2026-04-22T211022.635.png","type":"image\/png"}],"twitter_card":"summary_large_image","twitter_misc":{"Est. reading time":"1 minute"},"schema":{"@context":"https:\/\/schema.org","@graph":[{"@type":"WebPage","@id":"https:\/\/collectin.eu\/produktas\/lego-30651-quidditch-practice-polybag\/","url":"https:\/\/collectin.eu\/produktas\/lego-30651-quidditch-practice-polybag\/","name":"LEGO\u00ae 30651 Quidditch Practice polybag - Collectin.eu","isPartOf":{"@id":"https:\/\/collectin.eu\/#website"},"primaryImageOfPage":{"@id":"https:\/\/collectin.eu\/produktas\/lego-30651-quidditch-practice-polybag\/#primaryimage"},"image":{"@id":"https:\/\/collectin.eu\/produktas\/lego-30651-quidditch-practice-polybag\/#primaryimage"},"thumbnailUrl":"https:\/\/collectin.eu\/wp-content\/uploads\/2026\/04\/Untitled-design-2026-04-22T211022.635.png","datePublished":"2026-04-22T18:13:16+00:00","dateModified":"2026-04-22T18:13:17+00:00","description":"LEGO\u00ae Harry Potter\u2122: Quidditch Practice (30651) \u2013 tai dinami\u0161kas ir magi\u0161kas \u201epolybag\u201c tipo rinkinys, kuris nukelia tiesiai \u012f Hogvartso treniruo\u010di\u0173 aik\u0161tel\u0119 ruo\u0161tis svarbiausioms met\u0173 rungtyn\u0117ms.","breadcrumb":{"@id":"https:\/\/collectin.eu\/produktas\/lego-30651-quidditch-practice-polybag\/#breadcrumb"},"inLanguage":"en-US","potentialAction":[{"@type":"ReadAction","target":["https:\/\/collectin.eu\/produktas\/lego-30651-quidditch-practice-polybag\/"]}]},{"@type":"ImageObject","inLanguage":"en-US","@id":"https:\/\/collectin.eu\/produktas\/lego-30651-quidditch-practice-polybag\/#primaryimage","url":"https:\/\/collectin.eu\/wp-content\/uploads\/2026\/04\/Untitled-design-2026-04-22T211022.635.png","contentUrl":"https:\/\/collectin.eu\/wp-content\/uploads\/2026\/04\/Untitled-design-2026-04-22T211022.635.png","width":1080,"height":1080},{"@type":"BreadcrumbList","@id":"https:\/\/collectin.eu\/produktas\/lego-30651-quidditch-practice-polybag\/#breadcrumb","itemListElement":[{"@type":"ListItem","position":1,"name":"Home","item":"https:\/\/collectin.eu\/"},{"@type":"ListItem","position":2,"name":"Parduotuv\u0117","item":"https:\/\/collectin.eu\/parduotuve\/"},{"@type":"ListItem","position":3,"name":"LEGO\u00ae 30651 Quidditch Practice polybag"}]},{"@type":"WebSite","@id":"https:\/\/collectin.eu\/#website","url":"https:\/\/collectin.eu\/","name":"Collectin.eu","description":"","potentialAction":[{"@type":"SearchAction","target":{"@type":"EntryPoint","urlTemplate":"https:\/\/collectin.eu\/?s={search_term_string}"},"query-input":{"@type":"PropertyValueSpecification","valueRequired":true,"valueName":"search_term_string"}}],"inLanguage":"en-US"}]}},"jetpack_sharing_enabled":true,"_links":{"self":[{"href":"https:\/\/collectin.eu\/en\/wp-json\/wp\/v2\/product\/40925","targetHints":{"allow":["GET"]}}],"collection":[{"href":"https:\/\/collectin.eu\/en\/wp-json\/wp\/v2\/product"}],"about":[{"href":"https:\/\/collectin.eu\/en\/wp-json\/wp\/v2\/types\/product"}],"replies":[{"embeddable":true,"href":"https:\/\/collectin.eu\/en\/wp-json\/wp\/v2\/comments?post=40925"}],"version-history":[{"count":1,"href":"https:\/\/collectin.eu\/en\/wp-json\/wp\/v2\/product\/40925\/revisions"}],"predecessor-version":[{"id":40927,"href":"https:\/\/collectin.eu\/en\/wp-json\/wp\/v2\/product\/40925\/revisions\/40927"}],"wp:featuredmedia":[{"embeddable":true,"href":"https:\/\/collectin.eu\/en\/wp-json\/wp\/v2\/media\/40926"}],"wp:attachment":[{"href":"https:\/\/collectin.eu\/en\/wp-json\/wp\/v2\/media?parent=40925"}],"wp:term":[{"taxonomy":"product_brand","embeddable":true,"href":"https:\/\/collectin.eu\/en\/wp-json\/wp\/v2\/product_brand?post=40925"},{"taxonomy":"product_cat","embeddable":true,"href":"https:\/\/collectin.eu\/en\/wp-json\/wp\/v2\/product_cat?post=40925"},{"taxonomy":"product_tag","embeddable":true,"href":"https:\/\/collectin.eu\/en\/wp-json\/wp\/v2\/product_tag?post=40925"}],"curies":[{"name":"wp","href":"https:\/\/api.w.org\/{rel}","templated":true}]}}