{"id":40929,"date":"2026-04-22T18:18:37","date_gmt":"2026-04-22T18:18:37","guid":{"rendered":"https:\/\/collectin.eu\/?post_type=product&#038;p=40929"},"modified":"2026-04-22T18:18:37","modified_gmt":"2026-04-22T18:18:37","slug":"lego-30433-volvo-wheel-loader-polybag","status":"publish","type":"product","link":"https:\/\/collectin.eu\/en\/product\/lego-30433-volvo-wheel-loader-polybag\/","title":{"rendered":"LEGO\u00ae 30433 Volvo Wheel Loader polybag"},"content":{"rendered":"<p>LEGO\u00ae Technic: Volvo Wheel Loader (30433) \u2013 tai kompakti\u0161kas, ta\u010diau ne\u012ftik\u0117tinai funkcionalus \u201epolybag\u201c tipo rinkinys, skirtas visiems sunkiosios technikos ir in\u017einerijos gerb\u0117jams. \u0160is modelis yra sukonstruotas bendradarbiaujant su \u201eVolvo\u201c, tod\u0117l pasi\u017eymi autenti\u0161ku dizainu ir klasikine geltonos bei juodos spalv\u0173 gama, b\u016bdinga tikroms statyb\u0173 aik\u0161tel\u0117s ma\u0161inoms. Nors rinkinys yra nedidelio mastelio, jame integruotos tikros \u201eTechnic\u201c funkcijos: rankiniu b\u016bdu valdomas kau\u0161as, kur\u012f galima pakelti, nuleisti ir pakreipti, leid\u017eia imituoti realius krovos darbus. Tai puikus \u012fvadas \u012f sud\u0117tingesn\u012f konstravimo pasaul\u012f, padedantis suprasti mechanikos principus bei suteikiantis d\u017eiaugsmo tiek \u017eaid\u017eiant, tiek eksponuojant model\u012f kolekcijoje. \u0160is ratinis krautuvas yra idealus pasirinkimas ie\u0161kantiems tvirto, detalaus ir interaktyvaus modelio, kuris \u012frodo, kad didel\u0117 galia gali tilpti ir ma\u017eame krep\u0161elyje.<\/p>","protected":false},"excerpt":{"rendered":"<p>LEGO\u00ae Technic: Volvo Wheel Loader (30433) \u2013 tai kompakti\u0161kas, ta\u010diau ne\u012ftik\u0117tinai funkcionalus \u201epolybag\u201c tipo rinkinys, skirtas visiems sunkiosios technikos ir<\/p>","protected":false},"featured_media":40930,"comment_status":"open","ping_status":"closed","template":"","meta":[],"product_brand":[423],"product_cat":[677,406,520],"product_tag":[],"class_list":{"0":"post-40929","1":"product","2":"type-product","3":"status-publish","4":"has-post-thumbnail","6":"product_brand-lego","7":"product_cat-lego-konstruktoriai","8":"product_cat-lego","9":"product_cat-lego-technic","11":"first","12":"instock","13":"taxable","14":"shipping-taxable","15":"purchasable","16":"product-type-simple"},"yoast_head":"<!-- This site is optimized with the Yoast SEO plugin v27.4 - https:\/\/yoast.com\/product\/yoast-seo-wordpress\/ -->\n<title>LEGO\u00ae 30433 Volvo Wheel Loader polybag - Collectin.eu<\/title>\n<meta name=\"description\" content=\"LEGO\u00ae Technic: Volvo Wheel Loader (30433) \u2013 tai kompakti\u0161kas, ta\u010diau ne\u012ftik\u0117tinai funkcionalus \u201epolybag\u201c tipo rinkinys.\" \/>\n<meta name=\"robots\" content=\"index, follow, max-snippet:-1, max-image-preview:large, max-video-preview:-1\" \/>\n<link rel=\"canonical\" href=\"https:\/\/collectin.eu\/en\/product\/lego-30433-volvo-wheel-loader-polybag\/\" \/>\n<meta property=\"og:locale\" content=\"en_US\" \/>\n<meta property=\"og:type\" content=\"article\" \/>\n<meta property=\"og:title\" content=\"LEGO\u00ae 30433 Volvo Wheel Loader polybag - Collectin.eu\" \/>\n<meta property=\"og:description\" content=\"LEGO\u00ae Technic: Volvo Wheel Loader (30433) \u2013 tai kompakti\u0161kas, ta\u010diau ne\u012ftik\u0117tinai funkcionalus \u201epolybag\u201c tipo rinkinys.\" \/>\n<meta property=\"og:url\" content=\"https:\/\/collectin.eu\/en\/product\/lego-30433-volvo-wheel-loader-polybag\/\" \/>\n<meta property=\"og:site_name\" content=\"Collectin.eu\" \/>\n<meta property=\"og:image\" content=\"http:\/\/collectin.eu\/wp-content\/uploads\/2026\/04\/Untitled-design-2026-04-22T211516.723.png\" \/>\n\t<meta property=\"og:image:width\" content=\"1080\" \/>\n\t<meta property=\"og:image:height\" content=\"1080\" \/>\n\t<meta property=\"og:image:type\" content=\"image\/png\" \/>\n<meta name=\"twitter:card\" content=\"summary_large_image\" \/>\n<meta name=\"twitter:label1\" content=\"Est. reading time\" \/>\n\t<meta name=\"twitter:data1\" content=\"1 minute\" \/>\n<script type=\"application\/ld+json\" class=\"yoast-schema-graph\">{\"@context\":\"https:\\\/\\\/schema.org\",\"@graph\":[{\"@type\":\"WebPage\",\"@id\":\"https:\\\/\\\/collectin.eu\\\/produktas\\\/lego-30433-volvo-wheel-loader-polybag\\\/\",\"url\":\"https:\\\/\\\/collectin.eu\\\/produktas\\\/lego-30433-volvo-wheel-loader-polybag\\\/\",\"name\":\"LEGO\u00ae 30433 Volvo Wheel Loader polybag - Collectin.eu\",\"isPartOf\":{\"@id\":\"https:\\\/\\\/collectin.eu\\\/#website\"},\"primaryImageOfPage\":{\"@id\":\"https:\\\/\\\/collectin.eu\\\/produktas\\\/lego-30433-volvo-wheel-loader-polybag\\\/#primaryimage\"},\"image\":{\"@id\":\"https:\\\/\\\/collectin.eu\\\/produktas\\\/lego-30433-volvo-wheel-loader-polybag\\\/#primaryimage\"},\"thumbnailUrl\":\"https:\\\/\\\/collectin.eu\\\/wp-content\\\/uploads\\\/2026\\\/04\\\/Untitled-design-2026-04-22T211516.723.png\",\"datePublished\":\"2026-04-22T18:18:37+00:00\",\"description\":\"LEGO\u00ae Technic: Volvo Wheel Loader (30433) \u2013 tai kompakti\u0161kas, ta\u010diau ne\u012ftik\u0117tinai funkcionalus \u201epolybag\u201c tipo rinkinys.\",\"breadcrumb\":{\"@id\":\"https:\\\/\\\/collectin.eu\\\/produktas\\\/lego-30433-volvo-wheel-loader-polybag\\\/#breadcrumb\"},\"inLanguage\":\"en-US\",\"potentialAction\":[{\"@type\":\"ReadAction\",\"target\":[\"https:\\\/\\\/collectin.eu\\\/produktas\\\/lego-30433-volvo-wheel-loader-polybag\\\/\"]}]},{\"@type\":\"ImageObject\",\"inLanguage\":\"en-US\",\"@id\":\"https:\\\/\\\/collectin.eu\\\/produktas\\\/lego-30433-volvo-wheel-loader-polybag\\\/#primaryimage\",\"url\":\"https:\\\/\\\/collectin.eu\\\/wp-content\\\/uploads\\\/2026\\\/04\\\/Untitled-design-2026-04-22T211516.723.png\",\"contentUrl\":\"https:\\\/\\\/collectin.eu\\\/wp-content\\\/uploads\\\/2026\\\/04\\\/Untitled-design-2026-04-22T211516.723.png\",\"width\":1080,\"height\":1080},{\"@type\":\"BreadcrumbList\",\"@id\":\"https:\\\/\\\/collectin.eu\\\/produktas\\\/lego-30433-volvo-wheel-loader-polybag\\\/#breadcrumb\",\"itemListElement\":[{\"@type\":\"ListItem\",\"position\":1,\"name\":\"Home\",\"item\":\"https:\\\/\\\/collectin.eu\\\/\"},{\"@type\":\"ListItem\",\"position\":2,\"name\":\"Parduotuv\u0117\",\"item\":\"https:\\\/\\\/collectin.eu\\\/parduotuve\\\/\"},{\"@type\":\"ListItem\",\"position\":3,\"name\":\"LEGO\u00ae 30433 Volvo Wheel Loader polybag\"}]},{\"@type\":\"WebSite\",\"@id\":\"https:\\\/\\\/collectin.eu\\\/#website\",\"url\":\"https:\\\/\\\/collectin.eu\\\/\",\"name\":\"Collectin.eu\",\"description\":\"\",\"potentialAction\":[{\"@type\":\"SearchAction\",\"target\":{\"@type\":\"EntryPoint\",\"urlTemplate\":\"https:\\\/\\\/collectin.eu\\\/?s={search_term_string}\"},\"query-input\":{\"@type\":\"PropertyValueSpecification\",\"valueRequired\":true,\"valueName\":\"search_term_string\"}}],\"inLanguage\":\"en-US\"}]}<\/script>\n<!-- \/ Yoast SEO plugin. -->","yoast_head_json":{"title":"LEGO\u00ae 30433 Volvo Wheel Loader polybag - Collectin.eu","description":"LEGO\u00ae Technic: Volvo Wheel Loader (30433) \u2013 tai kompakti\u0161kas, ta\u010diau ne\u012ftik\u0117tinai funkcionalus \u201epolybag\u201c tipo rinkinys.","robots":{"index":"index","follow":"follow","max-snippet":"max-snippet:-1","max-image-preview":"max-image-preview:large","max-video-preview":"max-video-preview:-1"},"canonical":"https:\/\/collectin.eu\/en\/product\/lego-30433-volvo-wheel-loader-polybag\/","og_locale":"en_US","og_type":"article","og_title":"LEGO\u00ae 30433 Volvo Wheel Loader polybag - Collectin.eu","og_description":"LEGO\u00ae Technic: Volvo Wheel Loader (30433) \u2013 tai kompakti\u0161kas, ta\u010diau ne\u012ftik\u0117tinai funkcionalus \u201epolybag\u201c tipo rinkinys.","og_url":"https:\/\/collectin.eu\/en\/product\/lego-30433-volvo-wheel-loader-polybag\/","og_site_name":"Collectin.eu","og_image":[{"width":1080,"height":1080,"url":"http:\/\/collectin.eu\/wp-content\/uploads\/2026\/04\/Untitled-design-2026-04-22T211516.723.png","type":"image\/png"}],"twitter_card":"summary_large_image","twitter_misc":{"Est. reading time":"1 minute"},"schema":{"@context":"https:\/\/schema.org","@graph":[{"@type":"WebPage","@id":"https:\/\/collectin.eu\/produktas\/lego-30433-volvo-wheel-loader-polybag\/","url":"https:\/\/collectin.eu\/produktas\/lego-30433-volvo-wheel-loader-polybag\/","name":"LEGO\u00ae 30433 Volvo Wheel Loader polybag - Collectin.eu","isPartOf":{"@id":"https:\/\/collectin.eu\/#website"},"primaryImageOfPage":{"@id":"https:\/\/collectin.eu\/produktas\/lego-30433-volvo-wheel-loader-polybag\/#primaryimage"},"image":{"@id":"https:\/\/collectin.eu\/produktas\/lego-30433-volvo-wheel-loader-polybag\/#primaryimage"},"thumbnailUrl":"https:\/\/collectin.eu\/wp-content\/uploads\/2026\/04\/Untitled-design-2026-04-22T211516.723.png","datePublished":"2026-04-22T18:18:37+00:00","description":"LEGO\u00ae Technic: Volvo Wheel Loader (30433) \u2013 tai kompakti\u0161kas, ta\u010diau ne\u012ftik\u0117tinai funkcionalus \u201epolybag\u201c tipo rinkinys.","breadcrumb":{"@id":"https:\/\/collectin.eu\/produktas\/lego-30433-volvo-wheel-loader-polybag\/#breadcrumb"},"inLanguage":"en-US","potentialAction":[{"@type":"ReadAction","target":["https:\/\/collectin.eu\/produktas\/lego-30433-volvo-wheel-loader-polybag\/"]}]},{"@type":"ImageObject","inLanguage":"en-US","@id":"https:\/\/collectin.eu\/produktas\/lego-30433-volvo-wheel-loader-polybag\/#primaryimage","url":"https:\/\/collectin.eu\/wp-content\/uploads\/2026\/04\/Untitled-design-2026-04-22T211516.723.png","contentUrl":"https:\/\/collectin.eu\/wp-content\/uploads\/2026\/04\/Untitled-design-2026-04-22T211516.723.png","width":1080,"height":1080},{"@type":"BreadcrumbList","@id":"https:\/\/collectin.eu\/produktas\/lego-30433-volvo-wheel-loader-polybag\/#breadcrumb","itemListElement":[{"@type":"ListItem","position":1,"name":"Home","item":"https:\/\/collectin.eu\/"},{"@type":"ListItem","position":2,"name":"Parduotuv\u0117","item":"https:\/\/collectin.eu\/parduotuve\/"},{"@type":"ListItem","position":3,"name":"LEGO\u00ae 30433 Volvo Wheel Loader polybag"}]},{"@type":"WebSite","@id":"https:\/\/collectin.eu\/#website","url":"https:\/\/collectin.eu\/","name":"Collectin.eu","description":"","potentialAction":[{"@type":"SearchAction","target":{"@type":"EntryPoint","urlTemplate":"https:\/\/collectin.eu\/?s={search_term_string}"},"query-input":{"@type":"PropertyValueSpecification","valueRequired":true,"valueName":"search_term_string"}}],"inLanguage":"en-US"}]}},"jetpack_sharing_enabled":true,"_links":{"self":[{"href":"https:\/\/collectin.eu\/en\/wp-json\/wp\/v2\/product\/40929","targetHints":{"allow":["GET"]}}],"collection":[{"href":"https:\/\/collectin.eu\/en\/wp-json\/wp\/v2\/product"}],"about":[{"href":"https:\/\/collectin.eu\/en\/wp-json\/wp\/v2\/types\/product"}],"replies":[{"embeddable":true,"href":"https:\/\/collectin.eu\/en\/wp-json\/wp\/v2\/comments?post=40929"}],"version-history":[{"count":2,"href":"https:\/\/collectin.eu\/en\/wp-json\/wp\/v2\/product\/40929\/revisions"}],"predecessor-version":[{"id":40932,"href":"https:\/\/collectin.eu\/en\/wp-json\/wp\/v2\/product\/40929\/revisions\/40932"}],"wp:featuredmedia":[{"embeddable":true,"href":"https:\/\/collectin.eu\/en\/wp-json\/wp\/v2\/media\/40930"}],"wp:attachment":[{"href":"https:\/\/collectin.eu\/en\/wp-json\/wp\/v2\/media?parent=40929"}],"wp:term":[{"taxonomy":"product_brand","embeddable":true,"href":"https:\/\/collectin.eu\/en\/wp-json\/wp\/v2\/product_brand?post=40929"},{"taxonomy":"product_cat","embeddable":true,"href":"https:\/\/collectin.eu\/en\/wp-json\/wp\/v2\/product_cat?post=40929"},{"taxonomy":"product_tag","embeddable":true,"href":"https:\/\/collectin.eu\/en\/wp-json\/wp\/v2\/product_tag?post=40929"}],"curies":[{"name":"wp","href":"https:\/\/api.w.org\/{rel}","templated":true}]}}