{"id":40933,"date":"2026-04-22T18:23:42","date_gmt":"2026-04-22T18:23:42","guid":{"rendered":"https:\/\/collectin.eu\/?post_type=product&#038;p=40933"},"modified":"2026-04-22T22:14:28","modified_gmt":"2026-04-22T22:14:28","slug":"lego-30420-harry-potter-and-hedwig-owl-delivery-polybag","status":"publish","type":"product","link":"https:\/\/collectin.eu\/en\/product\/lego-30420-harry-potter-and-hedwig-owl-delivery-polybag\/","title":{"rendered":"LEGO\u00ae 30420 Harry Potter and Hedwig: Owl Delivery polybag"},"content":{"rendered":"<p>LEGO\u00ae Harry Potter\u2122: Harry Potter and Hedwig: Owl Delivery (30420) \u2013 tai jaukus ir \u0161ird\u017eiai mielas \u201epolybag\u201c tipo rinkinys, atkuriantis vien\u0105 ikoni\u0161kiausi\u0173 Hogvartso akimirk\u0173 \u2013 magi\u0161kojo pa\u0161to pristatym\u0105 Did\u017eiojoje sal\u0117je. \u0160iame rinkinyje rasite Hario Poterio minifig\u016br\u0117l\u0119 su burt\u0173 lazdele, ta\u010diau tikroji \u017evaig\u017ed\u0117 \u010dia yra i\u0161tikimoji pel\u0117da Hedviga, pavaizduota skryd\u017eio pozoje su i\u0161skleistais sparnais ir snape laikan\u010dia lai\u0161k\u0105. Kompozicij\u0105 papildo stilingas, i\u0161 detali\u0173 sukonstruotas stalas su maisto elementais bei autenti\u0161kas aksesuaras \u2013 pauk\u0161\u010di\u0173 stovas pel\u0117dai nut\u016bpti. Nors modelis yra nedidelio formato, jis spinduliuoja J. K. Rowling sukurto pasaulio magija ir puikiai tinka tiek papildyti didesnes Hogvartso scenas, tiek tapti simboliniu kolekcijos akcentu ant j\u016bs\u0173 stalo. Tai ma\u017eas, bet detalus k\u016brinys, primenantis apie draugyst\u0119 ir tas ypatingas laukimo akimirkas, kai pro lang\u0105 \u012fskrenda lai\u0161kas i\u0161 Hogvartso.<\/p>","protected":false},"excerpt":{"rendered":"<p>LEGO\u00ae Harry Potter\u2122: Harry Potter and Hedwig: Owl Delivery (30420) \u2013 tai jaukus ir \u0161ird\u017eiai mielas \u201epolybag\u201c tipo rinkinys, atkuriantis<\/p>","protected":false},"featured_media":40934,"comment_status":"open","ping_status":"closed","template":"","meta":[],"product_brand":[423],"product_cat":[677,406,438],"product_tag":[],"class_list":{"0":"post-40933","1":"product","2":"type-product","3":"status-publish","4":"has-post-thumbnail","6":"product_brand-lego","7":"product_cat-lego-konstruktoriai","8":"product_cat-lego","9":"product_cat-lego-harry-potter","11":"first","12":"instock","13":"taxable","14":"shipping-taxable","15":"purchasable","16":"product-type-simple"},"yoast_head":"<!-- This site is optimized with the Yoast SEO plugin v27.4 - https:\/\/yoast.com\/product\/yoast-seo-wordpress\/ -->\n<title>LEGO\u00ae 30420 Harry Potter and Hedwig: Owl Delivery polybag - Collectin.eu<\/title>\n<meta name=\"description\" content=\"LEGO\u00ae Harry Potter\u2122: Harry Potter and Hedwig: Owl Delivery (30420) \u2013 tai jaukus ir \u0161ird\u017eiai mielas \u201epolybag\u201c tipo rinkinys.\" \/>\n<meta name=\"robots\" content=\"index, follow, max-snippet:-1, max-image-preview:large, max-video-preview:-1\" \/>\n<link rel=\"canonical\" href=\"https:\/\/collectin.eu\/en\/product\/lego-30420-harry-potter-and-hedwig-owl-delivery-polybag\/\" \/>\n<meta property=\"og:locale\" content=\"en_US\" \/>\n<meta property=\"og:type\" content=\"article\" \/>\n<meta property=\"og:title\" content=\"LEGO\u00ae 30420 Harry Potter and Hedwig: Owl Delivery polybag - Collectin.eu\" \/>\n<meta property=\"og:description\" content=\"LEGO\u00ae Harry Potter\u2122: Harry Potter and Hedwig: Owl Delivery (30420) \u2013 tai jaukus ir \u0161ird\u017eiai mielas \u201epolybag\u201c tipo rinkinys.\" \/>\n<meta property=\"og:url\" content=\"https:\/\/collectin.eu\/en\/product\/lego-30420-harry-potter-and-hedwig-owl-delivery-polybag\/\" \/>\n<meta property=\"og:site_name\" content=\"Collectin.eu\" \/>\n<meta property=\"article:modified_time\" content=\"2026-04-22T22:14:28+00:00\" \/>\n<meta property=\"og:image\" content=\"http:\/\/collectin.eu\/wp-content\/uploads\/2026\/04\/Untitled-design-2026-04-22T212050.598.png\" \/>\n\t<meta property=\"og:image:width\" content=\"1080\" \/>\n\t<meta property=\"og:image:height\" content=\"1080\" \/>\n\t<meta property=\"og:image:type\" content=\"image\/png\" \/>\n<meta name=\"twitter:card\" content=\"summary_large_image\" \/>\n<meta name=\"twitter:label1\" content=\"Est. reading time\" \/>\n\t<meta name=\"twitter:data1\" content=\"1 minute\" \/>\n<script type=\"application\/ld+json\" class=\"yoast-schema-graph\">{\"@context\":\"https:\\\/\\\/schema.org\",\"@graph\":[{\"@type\":\"WebPage\",\"@id\":\"https:\\\/\\\/collectin.eu\\\/produktas\\\/lego-30420-harry-potter-and-hedwig-owl-delivery-polybag\\\/\",\"url\":\"https:\\\/\\\/collectin.eu\\\/produktas\\\/lego-30420-harry-potter-and-hedwig-owl-delivery-polybag\\\/\",\"name\":\"LEGO\u00ae 30420 Harry Potter and Hedwig: Owl Delivery polybag - Collectin.eu\",\"isPartOf\":{\"@id\":\"https:\\\/\\\/collectin.eu\\\/#website\"},\"primaryImageOfPage\":{\"@id\":\"https:\\\/\\\/collectin.eu\\\/produktas\\\/lego-30420-harry-potter-and-hedwig-owl-delivery-polybag\\\/#primaryimage\"},\"image\":{\"@id\":\"https:\\\/\\\/collectin.eu\\\/produktas\\\/lego-30420-harry-potter-and-hedwig-owl-delivery-polybag\\\/#primaryimage\"},\"thumbnailUrl\":\"https:\\\/\\\/collectin.eu\\\/wp-content\\\/uploads\\\/2026\\\/04\\\/Untitled-design-2026-04-22T212050.598.png\",\"datePublished\":\"2026-04-22T18:23:42+00:00\",\"dateModified\":\"2026-04-22T22:14:28+00:00\",\"description\":\"LEGO\u00ae Harry Potter\u2122: Harry Potter and Hedwig: Owl Delivery (30420) \u2013 tai jaukus ir \u0161ird\u017eiai mielas \u201epolybag\u201c tipo rinkinys.\",\"breadcrumb\":{\"@id\":\"https:\\\/\\\/collectin.eu\\\/produktas\\\/lego-30420-harry-potter-and-hedwig-owl-delivery-polybag\\\/#breadcrumb\"},\"inLanguage\":\"en-US\",\"potentialAction\":[{\"@type\":\"ReadAction\",\"target\":[\"https:\\\/\\\/collectin.eu\\\/produktas\\\/lego-30420-harry-potter-and-hedwig-owl-delivery-polybag\\\/\"]}]},{\"@type\":\"ImageObject\",\"inLanguage\":\"en-US\",\"@id\":\"https:\\\/\\\/collectin.eu\\\/produktas\\\/lego-30420-harry-potter-and-hedwig-owl-delivery-polybag\\\/#primaryimage\",\"url\":\"https:\\\/\\\/collectin.eu\\\/wp-content\\\/uploads\\\/2026\\\/04\\\/Untitled-design-2026-04-22T212050.598.png\",\"contentUrl\":\"https:\\\/\\\/collectin.eu\\\/wp-content\\\/uploads\\\/2026\\\/04\\\/Untitled-design-2026-04-22T212050.598.png\",\"width\":1080,\"height\":1080},{\"@type\":\"BreadcrumbList\",\"@id\":\"https:\\\/\\\/collectin.eu\\\/produktas\\\/lego-30420-harry-potter-and-hedwig-owl-delivery-polybag\\\/#breadcrumb\",\"itemListElement\":[{\"@type\":\"ListItem\",\"position\":1,\"name\":\"Home\",\"item\":\"https:\\\/\\\/collectin.eu\\\/\"},{\"@type\":\"ListItem\",\"position\":2,\"name\":\"Parduotuv\u0117\",\"item\":\"https:\\\/\\\/collectin.eu\\\/parduotuve\\\/\"},{\"@type\":\"ListItem\",\"position\":3,\"name\":\"LEGO\u00ae 30420 Harry Potter and Hedwig: Owl Delivery polybag\"}]},{\"@type\":\"WebSite\",\"@id\":\"https:\\\/\\\/collectin.eu\\\/#website\",\"url\":\"https:\\\/\\\/collectin.eu\\\/\",\"name\":\"Collectin.eu\",\"description\":\"\",\"potentialAction\":[{\"@type\":\"SearchAction\",\"target\":{\"@type\":\"EntryPoint\",\"urlTemplate\":\"https:\\\/\\\/collectin.eu\\\/?s={search_term_string}\"},\"query-input\":{\"@type\":\"PropertyValueSpecification\",\"valueRequired\":true,\"valueName\":\"search_term_string\"}}],\"inLanguage\":\"en-US\"}]}<\/script>\n<!-- \/ Yoast SEO plugin. -->","yoast_head_json":{"title":"LEGO\u00ae 30420 Harry Potter and Hedwig: Owl Delivery polybag - Collectin.eu","description":"LEGO\u00ae Harry Potter\u2122: Harry Potter and Hedwig: Owl Delivery (30420) \u2013 tai jaukus ir \u0161ird\u017eiai mielas \u201epolybag\u201c tipo rinkinys.","robots":{"index":"index","follow":"follow","max-snippet":"max-snippet:-1","max-image-preview":"max-image-preview:large","max-video-preview":"max-video-preview:-1"},"canonical":"https:\/\/collectin.eu\/en\/product\/lego-30420-harry-potter-and-hedwig-owl-delivery-polybag\/","og_locale":"en_US","og_type":"article","og_title":"LEGO\u00ae 30420 Harry Potter and Hedwig: Owl Delivery polybag - Collectin.eu","og_description":"LEGO\u00ae Harry Potter\u2122: Harry Potter and Hedwig: Owl Delivery (30420) \u2013 tai jaukus ir \u0161ird\u017eiai mielas \u201epolybag\u201c tipo rinkinys.","og_url":"https:\/\/collectin.eu\/en\/product\/lego-30420-harry-potter-and-hedwig-owl-delivery-polybag\/","og_site_name":"Collectin.eu","article_modified_time":"2026-04-22T22:14:28+00:00","og_image":[{"width":1080,"height":1080,"url":"http:\/\/collectin.eu\/wp-content\/uploads\/2026\/04\/Untitled-design-2026-04-22T212050.598.png","type":"image\/png"}],"twitter_card":"summary_large_image","twitter_misc":{"Est. reading time":"1 minute"},"schema":{"@context":"https:\/\/schema.org","@graph":[{"@type":"WebPage","@id":"https:\/\/collectin.eu\/produktas\/lego-30420-harry-potter-and-hedwig-owl-delivery-polybag\/","url":"https:\/\/collectin.eu\/produktas\/lego-30420-harry-potter-and-hedwig-owl-delivery-polybag\/","name":"LEGO\u00ae 30420 Harry Potter and Hedwig: Owl Delivery polybag - Collectin.eu","isPartOf":{"@id":"https:\/\/collectin.eu\/#website"},"primaryImageOfPage":{"@id":"https:\/\/collectin.eu\/produktas\/lego-30420-harry-potter-and-hedwig-owl-delivery-polybag\/#primaryimage"},"image":{"@id":"https:\/\/collectin.eu\/produktas\/lego-30420-harry-potter-and-hedwig-owl-delivery-polybag\/#primaryimage"},"thumbnailUrl":"https:\/\/collectin.eu\/wp-content\/uploads\/2026\/04\/Untitled-design-2026-04-22T212050.598.png","datePublished":"2026-04-22T18:23:42+00:00","dateModified":"2026-04-22T22:14:28+00:00","description":"LEGO\u00ae Harry Potter\u2122: Harry Potter and Hedwig: Owl Delivery (30420) \u2013 tai jaukus ir \u0161ird\u017eiai mielas \u201epolybag\u201c tipo rinkinys.","breadcrumb":{"@id":"https:\/\/collectin.eu\/produktas\/lego-30420-harry-potter-and-hedwig-owl-delivery-polybag\/#breadcrumb"},"inLanguage":"en-US","potentialAction":[{"@type":"ReadAction","target":["https:\/\/collectin.eu\/produktas\/lego-30420-harry-potter-and-hedwig-owl-delivery-polybag\/"]}]},{"@type":"ImageObject","inLanguage":"en-US","@id":"https:\/\/collectin.eu\/produktas\/lego-30420-harry-potter-and-hedwig-owl-delivery-polybag\/#primaryimage","url":"https:\/\/collectin.eu\/wp-content\/uploads\/2026\/04\/Untitled-design-2026-04-22T212050.598.png","contentUrl":"https:\/\/collectin.eu\/wp-content\/uploads\/2026\/04\/Untitled-design-2026-04-22T212050.598.png","width":1080,"height":1080},{"@type":"BreadcrumbList","@id":"https:\/\/collectin.eu\/produktas\/lego-30420-harry-potter-and-hedwig-owl-delivery-polybag\/#breadcrumb","itemListElement":[{"@type":"ListItem","position":1,"name":"Home","item":"https:\/\/collectin.eu\/"},{"@type":"ListItem","position":2,"name":"Parduotuv\u0117","item":"https:\/\/collectin.eu\/parduotuve\/"},{"@type":"ListItem","position":3,"name":"LEGO\u00ae 30420 Harry Potter and Hedwig: Owl Delivery polybag"}]},{"@type":"WebSite","@id":"https:\/\/collectin.eu\/#website","url":"https:\/\/collectin.eu\/","name":"Collectin.eu","description":"","potentialAction":[{"@type":"SearchAction","target":{"@type":"EntryPoint","urlTemplate":"https:\/\/collectin.eu\/?s={search_term_string}"},"query-input":{"@type":"PropertyValueSpecification","valueRequired":true,"valueName":"search_term_string"}}],"inLanguage":"en-US"}]}},"jetpack_sharing_enabled":true,"_links":{"self":[{"href":"https:\/\/collectin.eu\/en\/wp-json\/wp\/v2\/product\/40933","targetHints":{"allow":["GET"]}}],"collection":[{"href":"https:\/\/collectin.eu\/en\/wp-json\/wp\/v2\/product"}],"about":[{"href":"https:\/\/collectin.eu\/en\/wp-json\/wp\/v2\/types\/product"}],"replies":[{"embeddable":true,"href":"https:\/\/collectin.eu\/en\/wp-json\/wp\/v2\/comments?post=40933"}],"version-history":[{"count":1,"href":"https:\/\/collectin.eu\/en\/wp-json\/wp\/v2\/product\/40933\/revisions"}],"predecessor-version":[{"id":40935,"href":"https:\/\/collectin.eu\/en\/wp-json\/wp\/v2\/product\/40933\/revisions\/40935"}],"wp:featuredmedia":[{"embeddable":true,"href":"https:\/\/collectin.eu\/en\/wp-json\/wp\/v2\/media\/40934"}],"wp:attachment":[{"href":"https:\/\/collectin.eu\/en\/wp-json\/wp\/v2\/media?parent=40933"}],"wp:term":[{"taxonomy":"product_brand","embeddable":true,"href":"https:\/\/collectin.eu\/en\/wp-json\/wp\/v2\/product_brand?post=40933"},{"taxonomy":"product_cat","embeddable":true,"href":"https:\/\/collectin.eu\/en\/wp-json\/wp\/v2\/product_cat?post=40933"},{"taxonomy":"product_tag","embeddable":true,"href":"https:\/\/collectin.eu\/en\/wp-json\/wp\/v2\/product_tag?post=40933"}],"curies":[{"name":"wp","href":"https:\/\/api.w.org\/{rel}","templated":true}]}}