{"id":40936,"date":"2026-04-22T22:08:16","date_gmt":"2026-04-22T22:08:16","guid":{"rendered":"https:\/\/collectin.eu\/?post_type=product&#038;p=40936"},"modified":"2026-04-22T22:14:03","modified_gmt":"2026-04-22T22:14:03","slug":"lego-30392-hermiones-study-desk-polybag","status":"publish","type":"product","link":"https:\/\/collectin.eu\/en\/product\/lego-30392-hermiones-study-desk-polybag\/","title":{"rendered":"LEGO\u00ae 30392 Hermione&#8217;s Study Desk polybag"},"content":{"rendered":"<p>LEGO\u00ae Harry Potter\u2122: Hermione&#8217;s Study Desk (30392) \u2013 tai kruop\u0161\u010diai detalizuotas \u201epolybag\u201c tipo rinkinys, kuris puikiai \u012fprasmina heroj\u0117s Hermionos \u012ekyr\u0117l\u0117s meil\u0119 mokslui ir magi\u0161koms \u017einioms. \u0160ioje nedidel\u0117je scenoje rasite i\u0161skirtin\u0119 Hermionos minifig\u016br\u0117l\u0119, s\u0117din\u010di\u0105 prie savo moksl\u0173 stalo, ant kurio puikuojasi ra\u0161alin\u0117 su plunksna bei atversta burt\u0173 knyga. Rinkin\u012f papildo i\u0161tikima augintin\u0117 \u2013 pel\u0117da, turinti savo atskir\u0105 stov\u0105, bei papildomi magi\u0161ki akcentai: lagaminas daiktams susid\u0117ti ir paslaptinga kolekcin\u0117 burtininko kortel\u0117. Nors rinkinys yra kompakti\u0161kas, jis idealiai atspindi Hogvartso bibliotekos ar bendrojo kambario atmosfer\u0105, tod\u0117l tampa puikiu priedu ple\u010diant pilies interjer\u0105 arba esteti\u0161ku akcentu ant kiekvieno burtinink\u0173 pasaulio gerb\u0117jo stalo. Tai ma\u017eas, ta\u010diau \u012fkvepiantis rinkinys, primenantis, kad \u017einios yra viena galingiausi\u0173 magijos form\u0173.<\/p>","protected":false},"excerpt":{"rendered":"<p>LEGO\u00ae Harry Potter\u2122: Hermione&#8217;s Study Desk (30392) \u2013 tai kruop\u0161\u010diai detalizuotas \u201epolybag\u201c tipo rinkinys, kuris puikiai \u012fprasmina heroj\u0117s Hermionos \u012ekyr\u0117l\u0117s<\/p>","protected":false},"featured_media":40937,"comment_status":"open","ping_status":"closed","template":"","meta":[],"product_brand":[423],"product_cat":[677,406,438],"product_tag":[],"class_list":{"0":"post-40936","1":"product","2":"type-product","3":"status-publish","4":"has-post-thumbnail","6":"product_brand-lego","7":"product_cat-lego-konstruktoriai","8":"product_cat-lego","9":"product_cat-lego-harry-potter","11":"first","12":"instock","13":"taxable","14":"shipping-taxable","15":"purchasable","16":"product-type-simple"},"yoast_head":"<!-- This site is optimized with the Yoast SEO plugin v27.4 - https:\/\/yoast.com\/product\/yoast-seo-wordpress\/ -->\n<title>LEGO\u00ae 30392 Hermione&#039;s Study Desk polybag - Collectin.eu<\/title>\n<meta name=\"description\" content=\"LEGO\u00ae Harry Potter\u2122: Hermione&#039;s Study Desk (30392) \u2013 tai kruop\u0161\u010diai detalizuotas \u201epolybag\u201c tipo rinkinys.\" \/>\n<meta name=\"robots\" content=\"index, follow, max-snippet:-1, max-image-preview:large, max-video-preview:-1\" \/>\n<link rel=\"canonical\" href=\"https:\/\/collectin.eu\/en\/product\/lego-30392-hermiones-study-desk-polybag\/\" \/>\n<meta property=\"og:locale\" content=\"en_US\" \/>\n<meta property=\"og:type\" content=\"article\" \/>\n<meta property=\"og:title\" content=\"LEGO\u00ae 30392 Hermione&#039;s Study Desk polybag - Collectin.eu\" \/>\n<meta property=\"og:description\" content=\"LEGO\u00ae Harry Potter\u2122: Hermione&#039;s Study Desk (30392) \u2013 tai kruop\u0161\u010diai detalizuotas \u201epolybag\u201c tipo rinkinys.\" \/>\n<meta property=\"og:url\" content=\"https:\/\/collectin.eu\/en\/product\/lego-30392-hermiones-study-desk-polybag\/\" \/>\n<meta property=\"og:site_name\" content=\"Collectin.eu\" \/>\n<meta property=\"article:modified_time\" content=\"2026-04-22T22:14:03+00:00\" \/>\n<meta property=\"og:image\" content=\"http:\/\/collectin.eu\/wp-content\/uploads\/2026\/04\/Untitled-design-2026-04-22T214203.732.png\" \/>\n\t<meta property=\"og:image:width\" content=\"1080\" \/>\n\t<meta property=\"og:image:height\" content=\"1080\" \/>\n\t<meta property=\"og:image:type\" content=\"image\/png\" \/>\n<meta name=\"twitter:card\" content=\"summary_large_image\" \/>\n<meta name=\"twitter:label1\" content=\"Est. reading time\" \/>\n\t<meta name=\"twitter:data1\" content=\"1 minute\" \/>\n<script type=\"application\/ld+json\" class=\"yoast-schema-graph\">{\"@context\":\"https:\\\/\\\/schema.org\",\"@graph\":[{\"@type\":\"WebPage\",\"@id\":\"https:\\\/\\\/collectin.eu\\\/produktas\\\/lego-30392-hermiones-study-desk-polybag\\\/\",\"url\":\"https:\\\/\\\/collectin.eu\\\/produktas\\\/lego-30392-hermiones-study-desk-polybag\\\/\",\"name\":\"LEGO\u00ae 30392 Hermione's Study Desk polybag - Collectin.eu\",\"isPartOf\":{\"@id\":\"https:\\\/\\\/collectin.eu\\\/#website\"},\"primaryImageOfPage\":{\"@id\":\"https:\\\/\\\/collectin.eu\\\/produktas\\\/lego-30392-hermiones-study-desk-polybag\\\/#primaryimage\"},\"image\":{\"@id\":\"https:\\\/\\\/collectin.eu\\\/produktas\\\/lego-30392-hermiones-study-desk-polybag\\\/#primaryimage\"},\"thumbnailUrl\":\"https:\\\/\\\/collectin.eu\\\/wp-content\\\/uploads\\\/2026\\\/04\\\/Untitled-design-2026-04-22T214203.732.png\",\"datePublished\":\"2026-04-22T22:08:16+00:00\",\"dateModified\":\"2026-04-22T22:14:03+00:00\",\"description\":\"LEGO\u00ae Harry Potter\u2122: Hermione's Study Desk (30392) \u2013 tai kruop\u0161\u010diai detalizuotas \u201epolybag\u201c tipo rinkinys.\",\"breadcrumb\":{\"@id\":\"https:\\\/\\\/collectin.eu\\\/produktas\\\/lego-30392-hermiones-study-desk-polybag\\\/#breadcrumb\"},\"inLanguage\":\"en-US\",\"potentialAction\":[{\"@type\":\"ReadAction\",\"target\":[\"https:\\\/\\\/collectin.eu\\\/produktas\\\/lego-30392-hermiones-study-desk-polybag\\\/\"]}]},{\"@type\":\"ImageObject\",\"inLanguage\":\"en-US\",\"@id\":\"https:\\\/\\\/collectin.eu\\\/produktas\\\/lego-30392-hermiones-study-desk-polybag\\\/#primaryimage\",\"url\":\"https:\\\/\\\/collectin.eu\\\/wp-content\\\/uploads\\\/2026\\\/04\\\/Untitled-design-2026-04-22T214203.732.png\",\"contentUrl\":\"https:\\\/\\\/collectin.eu\\\/wp-content\\\/uploads\\\/2026\\\/04\\\/Untitled-design-2026-04-22T214203.732.png\",\"width\":1080,\"height\":1080},{\"@type\":\"BreadcrumbList\",\"@id\":\"https:\\\/\\\/collectin.eu\\\/produktas\\\/lego-30392-hermiones-study-desk-polybag\\\/#breadcrumb\",\"itemListElement\":[{\"@type\":\"ListItem\",\"position\":1,\"name\":\"Home\",\"item\":\"https:\\\/\\\/collectin.eu\\\/\"},{\"@type\":\"ListItem\",\"position\":2,\"name\":\"Parduotuv\u0117\",\"item\":\"https:\\\/\\\/collectin.eu\\\/parduotuve\\\/\"},{\"@type\":\"ListItem\",\"position\":3,\"name\":\"LEGO\u00ae 30392 Hermione&#8217;s Study Desk polybag\"}]},{\"@type\":\"WebSite\",\"@id\":\"https:\\\/\\\/collectin.eu\\\/#website\",\"url\":\"https:\\\/\\\/collectin.eu\\\/\",\"name\":\"Collectin.eu\",\"description\":\"\",\"potentialAction\":[{\"@type\":\"SearchAction\",\"target\":{\"@type\":\"EntryPoint\",\"urlTemplate\":\"https:\\\/\\\/collectin.eu\\\/?s={search_term_string}\"},\"query-input\":{\"@type\":\"PropertyValueSpecification\",\"valueRequired\":true,\"valueName\":\"search_term_string\"}}],\"inLanguage\":\"en-US\"}]}<\/script>\n<!-- \/ Yoast SEO plugin. -->","yoast_head_json":{"title":"LEGO\u00ae 30392 Hermione's Study Desk polybag - Collectin.eu","description":"LEGO\u00ae Harry Potter\u2122: Hermione's Study Desk (30392) \u2013 tai kruop\u0161\u010diai detalizuotas \u201epolybag\u201c tipo rinkinys.","robots":{"index":"index","follow":"follow","max-snippet":"max-snippet:-1","max-image-preview":"max-image-preview:large","max-video-preview":"max-video-preview:-1"},"canonical":"https:\/\/collectin.eu\/en\/product\/lego-30392-hermiones-study-desk-polybag\/","og_locale":"en_US","og_type":"article","og_title":"LEGO\u00ae 30392 Hermione's Study Desk polybag - Collectin.eu","og_description":"LEGO\u00ae Harry Potter\u2122: Hermione's Study Desk (30392) \u2013 tai kruop\u0161\u010diai detalizuotas \u201epolybag\u201c tipo rinkinys.","og_url":"https:\/\/collectin.eu\/en\/product\/lego-30392-hermiones-study-desk-polybag\/","og_site_name":"Collectin.eu","article_modified_time":"2026-04-22T22:14:03+00:00","og_image":[{"width":1080,"height":1080,"url":"http:\/\/collectin.eu\/wp-content\/uploads\/2026\/04\/Untitled-design-2026-04-22T214203.732.png","type":"image\/png"}],"twitter_card":"summary_large_image","twitter_misc":{"Est. reading time":"1 minute"},"schema":{"@context":"https:\/\/schema.org","@graph":[{"@type":"WebPage","@id":"https:\/\/collectin.eu\/produktas\/lego-30392-hermiones-study-desk-polybag\/","url":"https:\/\/collectin.eu\/produktas\/lego-30392-hermiones-study-desk-polybag\/","name":"LEGO\u00ae 30392 Hermione's Study Desk polybag - Collectin.eu","isPartOf":{"@id":"https:\/\/collectin.eu\/#website"},"primaryImageOfPage":{"@id":"https:\/\/collectin.eu\/produktas\/lego-30392-hermiones-study-desk-polybag\/#primaryimage"},"image":{"@id":"https:\/\/collectin.eu\/produktas\/lego-30392-hermiones-study-desk-polybag\/#primaryimage"},"thumbnailUrl":"https:\/\/collectin.eu\/wp-content\/uploads\/2026\/04\/Untitled-design-2026-04-22T214203.732.png","datePublished":"2026-04-22T22:08:16+00:00","dateModified":"2026-04-22T22:14:03+00:00","description":"LEGO\u00ae Harry Potter\u2122: Hermione's Study Desk (30392) \u2013 tai kruop\u0161\u010diai detalizuotas \u201epolybag\u201c tipo rinkinys.","breadcrumb":{"@id":"https:\/\/collectin.eu\/produktas\/lego-30392-hermiones-study-desk-polybag\/#breadcrumb"},"inLanguage":"en-US","potentialAction":[{"@type":"ReadAction","target":["https:\/\/collectin.eu\/produktas\/lego-30392-hermiones-study-desk-polybag\/"]}]},{"@type":"ImageObject","inLanguage":"en-US","@id":"https:\/\/collectin.eu\/produktas\/lego-30392-hermiones-study-desk-polybag\/#primaryimage","url":"https:\/\/collectin.eu\/wp-content\/uploads\/2026\/04\/Untitled-design-2026-04-22T214203.732.png","contentUrl":"https:\/\/collectin.eu\/wp-content\/uploads\/2026\/04\/Untitled-design-2026-04-22T214203.732.png","width":1080,"height":1080},{"@type":"BreadcrumbList","@id":"https:\/\/collectin.eu\/produktas\/lego-30392-hermiones-study-desk-polybag\/#breadcrumb","itemListElement":[{"@type":"ListItem","position":1,"name":"Home","item":"https:\/\/collectin.eu\/"},{"@type":"ListItem","position":2,"name":"Parduotuv\u0117","item":"https:\/\/collectin.eu\/parduotuve\/"},{"@type":"ListItem","position":3,"name":"LEGO\u00ae 30392 Hermione&#8217;s Study Desk polybag"}]},{"@type":"WebSite","@id":"https:\/\/collectin.eu\/#website","url":"https:\/\/collectin.eu\/","name":"Collectin.eu","description":"","potentialAction":[{"@type":"SearchAction","target":{"@type":"EntryPoint","urlTemplate":"https:\/\/collectin.eu\/?s={search_term_string}"},"query-input":{"@type":"PropertyValueSpecification","valueRequired":true,"valueName":"search_term_string"}}],"inLanguage":"en-US"}]}},"jetpack_sharing_enabled":true,"_links":{"self":[{"href":"https:\/\/collectin.eu\/en\/wp-json\/wp\/v2\/product\/40936","targetHints":{"allow":["GET"]}}],"collection":[{"href":"https:\/\/collectin.eu\/en\/wp-json\/wp\/v2\/product"}],"about":[{"href":"https:\/\/collectin.eu\/en\/wp-json\/wp\/v2\/types\/product"}],"replies":[{"embeddable":true,"href":"https:\/\/collectin.eu\/en\/wp-json\/wp\/v2\/comments?post=40936"}],"version-history":[{"count":2,"href":"https:\/\/collectin.eu\/en\/wp-json\/wp\/v2\/product\/40936\/revisions"}],"predecessor-version":[{"id":40939,"href":"https:\/\/collectin.eu\/en\/wp-json\/wp\/v2\/product\/40936\/revisions\/40939"}],"wp:featuredmedia":[{"embeddable":true,"href":"https:\/\/collectin.eu\/en\/wp-json\/wp\/v2\/media\/40937"}],"wp:attachment":[{"href":"https:\/\/collectin.eu\/en\/wp-json\/wp\/v2\/media?parent=40936"}],"wp:term":[{"taxonomy":"product_brand","embeddable":true,"href":"https:\/\/collectin.eu\/en\/wp-json\/wp\/v2\/product_brand?post=40936"},{"taxonomy":"product_cat","embeddable":true,"href":"https:\/\/collectin.eu\/en\/wp-json\/wp\/v2\/product_cat?post=40936"},{"taxonomy":"product_tag","embeddable":true,"href":"https:\/\/collectin.eu\/en\/wp-json\/wp\/v2\/product_tag?post=40936"}],"curies":[{"name":"wp","href":"https:\/\/api.w.org\/{rel}","templated":true}]}}