{"id":40940,"date":"2026-04-22T22:13:13","date_gmt":"2026-04-22T22:13:13","guid":{"rendered":"https:\/\/collectin.eu\/?post_type=product&#038;p=40940"},"modified":"2026-04-22T22:13:13","modified_gmt":"2026-04-22T22:13:13","slug":"lego-30589-go-kart-racer-polybag","status":"publish","type":"product","link":"https:\/\/collectin.eu\/en\/product\/lego-30589-go-kart-racer-polybag\/","title":{"rendered":"LEGO\u00ae 30589 Go-Kart Racer polybag"},"content":{"rendered":"<p>LEGO\u00ae City: Go-Kart Racer (30589) \u2013 tai ry\u0161kus ir dinami\u0161kas \u201epolybag\u201c tipo rinkinys, \u012fk\u016bnijantis did\u012fj\u012f lenktyni\u0173 azart\u0105 ma\u017eame formate. \u0160io rinkinio pagrindinis akcentas \u2013 aptakus, sportinio stiliaus kartingas, i\u0161siskiriantis ry\u0161kia oran\u017eine ir juoda spalv\u0173 gama bei stilingais liepsn\u0173 lipdukais, pabr\u0117\u017eian\u010diais transporto priemon\u0117s greit\u012f. Rinkinyje esanti lenktynininko minifig\u016br\u0117l\u0117 su profesionaliu \u0161almu yra pasiruo\u0161usi u\u017eimti viet\u0105 prie vairo ir \u012fveikti bet koki\u0105 tras\u0105. Papildomi elementai, tokie kaip oran\u017einiai signaliniai k\u016bgiai, leid\u017eia susikurti individuali\u0105 va\u017eiavimo trajektorij\u0105 ir lavinti vairavimo \u012fg\u016bd\u017eius. Nors modelis yra kompakti\u0161kas, jis puikiai papildo bet kur\u012f LEGO miesto maket\u0105, suteikdamas jam daugiau veiksmo ir sportin\u0117s dvasios. Tai idealus pasirinkimas jauniesiems automobili\u0173 gerb\u0117jams, vertinantiems kokybi\u0161k\u0105 dizain\u0105 ir \u012ftraukiant\u012f \u017eaidim\u0105, kur\u012f galima prad\u0117ti vos atidarius pakuot\u0119.<\/p>","protected":false},"excerpt":{"rendered":"<p>LEGO\u00ae City: Go-Kart Racer (30589) \u2013 tai ry\u0161kus ir dinami\u0161kas \u201epolybag\u201c tipo rinkinys, \u012fk\u016bnijantis did\u012fj\u012f lenktyni\u0173 azart\u0105 ma\u017eame formate. \u0160io<\/p>","protected":false},"featured_media":40941,"comment_status":"open","ping_status":"closed","template":"","meta":[],"product_brand":[423],"product_cat":[677,406,658],"product_tag":[],"class_list":{"0":"post-40940","1":"product","2":"type-product","3":"status-publish","4":"has-post-thumbnail","6":"product_brand-lego","7":"product_cat-lego-konstruktoriai","8":"product_cat-lego","9":"product_cat-lego-city","11":"first","12":"instock","13":"taxable","14":"shipping-taxable","15":"purchasable","16":"product-type-simple"},"yoast_head":"<!-- This site is optimized with the Yoast SEO plugin v27.4 - https:\/\/yoast.com\/product\/yoast-seo-wordpress\/ -->\n<title>LEGO\u00ae 30589 Go-Kart Racer polybag - Collectin.eu<\/title>\n<meta name=\"description\" content=\"LEGO\u00ae City: Go-Kart Racer (30589) \u2013 tai ry\u0161kus ir dinami\u0161kas \u201epolybag\u201c tipo rinkinys, \u012fk\u016bnijantis did\u012fj\u012f lenktyni\u0173 azart\u0105 ma\u017eame formate.\" \/>\n<meta name=\"robots\" content=\"index, follow, max-snippet:-1, max-image-preview:large, max-video-preview:-1\" \/>\n<link rel=\"canonical\" href=\"https:\/\/collectin.eu\/en\/product\/lego-30589-go-kart-racer-polybag\/\" \/>\n<meta property=\"og:locale\" content=\"en_US\" \/>\n<meta property=\"og:type\" content=\"article\" \/>\n<meta property=\"og:title\" content=\"LEGO\u00ae 30589 Go-Kart Racer polybag - Collectin.eu\" \/>\n<meta property=\"og:description\" content=\"LEGO\u00ae City: Go-Kart Racer (30589) \u2013 tai ry\u0161kus ir dinami\u0161kas \u201epolybag\u201c tipo rinkinys, \u012fk\u016bnijantis did\u012fj\u012f lenktyni\u0173 azart\u0105 ma\u017eame formate.\" \/>\n<meta property=\"og:url\" content=\"https:\/\/collectin.eu\/en\/product\/lego-30589-go-kart-racer-polybag\/\" \/>\n<meta property=\"og:site_name\" content=\"Collectin.eu\" \/>\n<meta property=\"og:image\" content=\"http:\/\/collectin.eu\/wp-content\/uploads\/2026\/04\/Untitled-design-2026-04-23T010945.543.png\" \/>\n\t<meta property=\"og:image:width\" content=\"1080\" \/>\n\t<meta property=\"og:image:height\" content=\"1080\" \/>\n\t<meta property=\"og:image:type\" content=\"image\/png\" \/>\n<meta name=\"twitter:card\" content=\"summary_large_image\" \/>\n<meta name=\"twitter:label1\" content=\"Est. reading time\" \/>\n\t<meta name=\"twitter:data1\" content=\"1 minute\" \/>\n<script type=\"application\/ld+json\" class=\"yoast-schema-graph\">{\"@context\":\"https:\\\/\\\/schema.org\",\"@graph\":[{\"@type\":\"WebPage\",\"@id\":\"https:\\\/\\\/collectin.eu\\\/produktas\\\/lego-30589-go-kart-racer-polybag\\\/\",\"url\":\"https:\\\/\\\/collectin.eu\\\/produktas\\\/lego-30589-go-kart-racer-polybag\\\/\",\"name\":\"LEGO\u00ae 30589 Go-Kart Racer polybag - Collectin.eu\",\"isPartOf\":{\"@id\":\"https:\\\/\\\/collectin.eu\\\/#website\"},\"primaryImageOfPage\":{\"@id\":\"https:\\\/\\\/collectin.eu\\\/produktas\\\/lego-30589-go-kart-racer-polybag\\\/#primaryimage\"},\"image\":{\"@id\":\"https:\\\/\\\/collectin.eu\\\/produktas\\\/lego-30589-go-kart-racer-polybag\\\/#primaryimage\"},\"thumbnailUrl\":\"https:\\\/\\\/collectin.eu\\\/wp-content\\\/uploads\\\/2026\\\/04\\\/Untitled-design-2026-04-23T010945.543.png\",\"datePublished\":\"2026-04-22T22:13:13+00:00\",\"description\":\"LEGO\u00ae City: Go-Kart Racer (30589) \u2013 tai ry\u0161kus ir dinami\u0161kas \u201epolybag\u201c tipo rinkinys, \u012fk\u016bnijantis did\u012fj\u012f lenktyni\u0173 azart\u0105 ma\u017eame formate.\",\"breadcrumb\":{\"@id\":\"https:\\\/\\\/collectin.eu\\\/produktas\\\/lego-30589-go-kart-racer-polybag\\\/#breadcrumb\"},\"inLanguage\":\"en-US\",\"potentialAction\":[{\"@type\":\"ReadAction\",\"target\":[\"https:\\\/\\\/collectin.eu\\\/produktas\\\/lego-30589-go-kart-racer-polybag\\\/\"]}]},{\"@type\":\"ImageObject\",\"inLanguage\":\"en-US\",\"@id\":\"https:\\\/\\\/collectin.eu\\\/produktas\\\/lego-30589-go-kart-racer-polybag\\\/#primaryimage\",\"url\":\"https:\\\/\\\/collectin.eu\\\/wp-content\\\/uploads\\\/2026\\\/04\\\/Untitled-design-2026-04-23T010945.543.png\",\"contentUrl\":\"https:\\\/\\\/collectin.eu\\\/wp-content\\\/uploads\\\/2026\\\/04\\\/Untitled-design-2026-04-23T010945.543.png\",\"width\":1080,\"height\":1080},{\"@type\":\"BreadcrumbList\",\"@id\":\"https:\\\/\\\/collectin.eu\\\/produktas\\\/lego-30589-go-kart-racer-polybag\\\/#breadcrumb\",\"itemListElement\":[{\"@type\":\"ListItem\",\"position\":1,\"name\":\"Home\",\"item\":\"https:\\\/\\\/collectin.eu\\\/\"},{\"@type\":\"ListItem\",\"position\":2,\"name\":\"Parduotuv\u0117\",\"item\":\"https:\\\/\\\/collectin.eu\\\/parduotuve\\\/\"},{\"@type\":\"ListItem\",\"position\":3,\"name\":\"LEGO\u00ae 30589 Go-Kart Racer polybag\"}]},{\"@type\":\"WebSite\",\"@id\":\"https:\\\/\\\/collectin.eu\\\/#website\",\"url\":\"https:\\\/\\\/collectin.eu\\\/\",\"name\":\"Collectin.eu\",\"description\":\"\",\"potentialAction\":[{\"@type\":\"SearchAction\",\"target\":{\"@type\":\"EntryPoint\",\"urlTemplate\":\"https:\\\/\\\/collectin.eu\\\/?s={search_term_string}\"},\"query-input\":{\"@type\":\"PropertyValueSpecification\",\"valueRequired\":true,\"valueName\":\"search_term_string\"}}],\"inLanguage\":\"en-US\"}]}<\/script>\n<!-- \/ Yoast SEO plugin. -->","yoast_head_json":{"title":"LEGO\u00ae 30589 Go-Kart Racer polybag - Collectin.eu","description":"LEGO\u00ae City: Go-Kart Racer (30589) \u2013 tai ry\u0161kus ir dinami\u0161kas \u201epolybag\u201c tipo rinkinys, \u012fk\u016bnijantis did\u012fj\u012f lenktyni\u0173 azart\u0105 ma\u017eame formate.","robots":{"index":"index","follow":"follow","max-snippet":"max-snippet:-1","max-image-preview":"max-image-preview:large","max-video-preview":"max-video-preview:-1"},"canonical":"https:\/\/collectin.eu\/en\/product\/lego-30589-go-kart-racer-polybag\/","og_locale":"en_US","og_type":"article","og_title":"LEGO\u00ae 30589 Go-Kart Racer polybag - Collectin.eu","og_description":"LEGO\u00ae City: Go-Kart Racer (30589) \u2013 tai ry\u0161kus ir dinami\u0161kas \u201epolybag\u201c tipo rinkinys, \u012fk\u016bnijantis did\u012fj\u012f lenktyni\u0173 azart\u0105 ma\u017eame formate.","og_url":"https:\/\/collectin.eu\/en\/product\/lego-30589-go-kart-racer-polybag\/","og_site_name":"Collectin.eu","og_image":[{"width":1080,"height":1080,"url":"http:\/\/collectin.eu\/wp-content\/uploads\/2026\/04\/Untitled-design-2026-04-23T010945.543.png","type":"image\/png"}],"twitter_card":"summary_large_image","twitter_misc":{"Est. reading time":"1 minute"},"schema":{"@context":"https:\/\/schema.org","@graph":[{"@type":"WebPage","@id":"https:\/\/collectin.eu\/produktas\/lego-30589-go-kart-racer-polybag\/","url":"https:\/\/collectin.eu\/produktas\/lego-30589-go-kart-racer-polybag\/","name":"LEGO\u00ae 30589 Go-Kart Racer polybag - Collectin.eu","isPartOf":{"@id":"https:\/\/collectin.eu\/#website"},"primaryImageOfPage":{"@id":"https:\/\/collectin.eu\/produktas\/lego-30589-go-kart-racer-polybag\/#primaryimage"},"image":{"@id":"https:\/\/collectin.eu\/produktas\/lego-30589-go-kart-racer-polybag\/#primaryimage"},"thumbnailUrl":"https:\/\/collectin.eu\/wp-content\/uploads\/2026\/04\/Untitled-design-2026-04-23T010945.543.png","datePublished":"2026-04-22T22:13:13+00:00","description":"LEGO\u00ae City: Go-Kart Racer (30589) \u2013 tai ry\u0161kus ir dinami\u0161kas \u201epolybag\u201c tipo rinkinys, \u012fk\u016bnijantis did\u012fj\u012f lenktyni\u0173 azart\u0105 ma\u017eame formate.","breadcrumb":{"@id":"https:\/\/collectin.eu\/produktas\/lego-30589-go-kart-racer-polybag\/#breadcrumb"},"inLanguage":"en-US","potentialAction":[{"@type":"ReadAction","target":["https:\/\/collectin.eu\/produktas\/lego-30589-go-kart-racer-polybag\/"]}]},{"@type":"ImageObject","inLanguage":"en-US","@id":"https:\/\/collectin.eu\/produktas\/lego-30589-go-kart-racer-polybag\/#primaryimage","url":"https:\/\/collectin.eu\/wp-content\/uploads\/2026\/04\/Untitled-design-2026-04-23T010945.543.png","contentUrl":"https:\/\/collectin.eu\/wp-content\/uploads\/2026\/04\/Untitled-design-2026-04-23T010945.543.png","width":1080,"height":1080},{"@type":"BreadcrumbList","@id":"https:\/\/collectin.eu\/produktas\/lego-30589-go-kart-racer-polybag\/#breadcrumb","itemListElement":[{"@type":"ListItem","position":1,"name":"Home","item":"https:\/\/collectin.eu\/"},{"@type":"ListItem","position":2,"name":"Parduotuv\u0117","item":"https:\/\/collectin.eu\/parduotuve\/"},{"@type":"ListItem","position":3,"name":"LEGO\u00ae 30589 Go-Kart Racer polybag"}]},{"@type":"WebSite","@id":"https:\/\/collectin.eu\/#website","url":"https:\/\/collectin.eu\/","name":"Collectin.eu","description":"","potentialAction":[{"@type":"SearchAction","target":{"@type":"EntryPoint","urlTemplate":"https:\/\/collectin.eu\/?s={search_term_string}"},"query-input":{"@type":"PropertyValueSpecification","valueRequired":true,"valueName":"search_term_string"}}],"inLanguage":"en-US"}]}},"jetpack_sharing_enabled":true,"_links":{"self":[{"href":"https:\/\/collectin.eu\/en\/wp-json\/wp\/v2\/product\/40940","targetHints":{"allow":["GET"]}}],"collection":[{"href":"https:\/\/collectin.eu\/en\/wp-json\/wp\/v2\/product"}],"about":[{"href":"https:\/\/collectin.eu\/en\/wp-json\/wp\/v2\/types\/product"}],"replies":[{"embeddable":true,"href":"https:\/\/collectin.eu\/en\/wp-json\/wp\/v2\/comments?post=40940"}],"version-history":[{"count":2,"href":"https:\/\/collectin.eu\/en\/wp-json\/wp\/v2\/product\/40940\/revisions"}],"predecessor-version":[{"id":40943,"href":"https:\/\/collectin.eu\/en\/wp-json\/wp\/v2\/product\/40940\/revisions\/40943"}],"wp:featuredmedia":[{"embeddable":true,"href":"https:\/\/collectin.eu\/en\/wp-json\/wp\/v2\/media\/40941"}],"wp:attachment":[{"href":"https:\/\/collectin.eu\/en\/wp-json\/wp\/v2\/media?parent=40940"}],"wp:term":[{"taxonomy":"product_brand","embeddable":true,"href":"https:\/\/collectin.eu\/en\/wp-json\/wp\/v2\/product_brand?post=40940"},{"taxonomy":"product_cat","embeddable":true,"href":"https:\/\/collectin.eu\/en\/wp-json\/wp\/v2\/product_cat?post=40940"},{"taxonomy":"product_tag","embeddable":true,"href":"https:\/\/collectin.eu\/en\/wp-json\/wp\/v2\/product_tag?post=40940"}],"curies":[{"name":"wp","href":"https:\/\/api.w.org\/{rel}","templated":true}]}}